{"id":8119,"date":"2023-12-14T00:15:15","date_gmt":"2023-12-13T23:15:15","guid":{"rendered":"https:\/\/pelagos-sanctuary.org\/pelagos-partnership-charter\/"},"modified":"2024-11-05T09:54:43","modified_gmt":"2024-11-05T08:54:43","slug":"carta-di-partenariato","status":"publish","type":"page","link":"https:\/\/pelagos-sanctuary.org\/it\/carta-di-partenariato\/","title":{"rendered":"Carta di Partenariato"},"content":{"rendered":"<p><div class=\"fusion-fullwidth fullwidth-box fusion-builder-row-1 fusion-flex-container hundred-percent-fullwidth non-hundred-percent-height-scrolling\" style=\"--awb-background-position:left top;--awb-border-sizes-top:0px;--awb-border-sizes-bottom:0px;--awb-border-sizes-left:0px;--awb-border-sizes-right:0px;--awb-border-radius-top-left:0px;--awb-border-radius-top-right:0px;--awb-border-radius-bottom-right:0px;--awb-border-radius-bottom-left:0px;--awb-padding-top:0px;--awb-padding-right:0px;--awb-padding-bottom:0px;--awb-padding-left:0px;--awb-flex-wrap:wrap;\" ><div class=\"fusion-builder-row fusion-row fusion-flex-align-items-stretch fusion-flex-content-wrap\" style=\"width:calc( 100% + 0px ) !important;max-width:calc( 100% + 0px ) !important;margin-left: calc(-0px \/ 2 );margin-right: calc(-0px \/ 2 );\"><div class=\"fusion-layout-column fusion_builder_column fusion-builder-column-0 fusion_builder_column_1_2 1_2 fusion-flex-column\" style=\"--awb-padding-top:100px;--awb-padding-right:5%;--awb-padding-bottom:100px;--awb-padding-left:10%;--awb-bg-color:#eaeff3;--awb-bg-color-hover:#eaeff3;--awb-bg-blend:overlay;--awb-bg-size:cover;--awb-width-large:50%;--awb-margin-top-large:0px;--awb-spacing-right-large:0px;--awb-margin-bottom-large:0px;--awb-spacing-left-large:0px;--awb-width-medium:100%;--awb-order-medium:0;--awb-spacing-right-medium:0px;--awb-spacing-left-medium:0px;--awb-width-small:100%;--awb-order-small:0;--awb-spacing-right-small:0px;--awb-spacing-left-small:0px;\" data-motion-effects=\"[{&quot;type&quot;:&quot;&quot;,&quot;scroll_type&quot;:&quot;transition&quot;,&quot;scroll_direction&quot;:&quot;up&quot;,&quot;transition_speed&quot;:&quot;1&quot;,&quot;fade_type&quot;:&quot;in&quot;,&quot;scale_type&quot;:&quot;up&quot;,&quot;initial_scale&quot;:&quot;1&quot;,&quot;max_scale&quot;:&quot;1.5&quot;,&quot;min_scale&quot;:&quot;0.5&quot;,&quot;initial_rotate&quot;:&quot;0&quot;,&quot;end_rotate&quot;:&quot;30&quot;,&quot;initial_blur&quot;:&quot;0&quot;,&quot;end_blur&quot;:&quot;3&quot;,&quot;start_element&quot;:&quot;top&quot;,&quot;start_viewport&quot;:&quot;bottom&quot;,&quot;end_element&quot;:&quot;bottom&quot;,&quot;end_viewport&quot;:&quot;top&quot;,&quot;mouse_effect&quot;:&quot;track&quot;,&quot;mouse_effect_direction&quot;:&quot;opposite&quot;,&quot;mouse_effect_speed&quot;:&quot;2&quot;,&quot;infinite_animation&quot;:&quot;float&quot;,&quot;infinite_animation_speed&quot;:&quot;2&quot;}]\" data-scroll-devices=\"small-visibility,medium-visibility,large-visibility\"><div class=\"fusion-column-wrapper fusion-column-has-shadow fusion-flex-justify-content-center fusion-content-layout-column\"><div class=\"fusion-title title fusion-title-1 fusion-sep-none fusion-title-text fusion-title-size-three\" style=\"--awb-text-color:var(--awb-color6);\"><h3 class=\"fusion-title-heading title-heading-left\" style=\"margin:0;text-transform:uppercase;\"><span style=\"font-weight: 400;\">Carta di Partenariato<\/span><\/h3><\/div><div class=\"fusion-separator\" style=\"align-self: flex-start;margin-right:auto;margin-top:0px;margin-bottom:40px;width:100%;max-width:200px;\"><div class=\"fusion-separator-border sep-single sep-solid\" style=\"--awb-height:20px;--awb-amount:20px;--awb-sep-color:var(--awb-color4);border-color:var(--awb-color4);border-top-width:3px;\"><\/div><\/div><div class=\"fusion-text fusion-text-1\"><p><span style=\"font-weight: 400;\">La Carta di Partenariato Pelagos \u00e8 stata istituita in occasione della IV Riunione delle Parti dell\u2019Accordo Pelagos (19-21 ottobre 2009, Monaco) con lo scopo di creare un network tra l\u2019Accordo e i Comuni ricadenti nell\u2019area del Santuario. In occasione della IX Riunione delle Parti dell\u2019Accordo Pelagos (25-26 gennaio 2024, Nizza) la Carta di Partenariato Pelagos \u00e8 stata aggiornata dalle Parti all\u2019Accordo al fine di armonizzare la procedura di adesione, validit\u00e0 e valutazione delle attivit\u00e0 nell&#8217;ambito della Carta di Partenariato Pelagos.\u00a0\u00a0<\/span><\/p>\n<p><span style=\"font-weight: 400;\">I Comuni costieri e le Unioni di Comuni il cui territorio \u00e8 ubicato nel Santuario Pelagos possono firmare la Carta di Partenariato Pelagos. La Carta ha una validit\u00e0 di 3 anni in seguito ai quali \u00e8 necessario intraprendere un processo di rinnovo.\u00a0<\/span><\/p>\n<p><span style=\"font-weight: 400;\">La Carta di Partenariato Pelagos vanta oggi 91 Comuni firmatari in regola con i rinnovi.\u00a0<\/span><\/p>\n<\/div><\/div><\/div><div class=\"fusion-layout-column fusion_builder_column fusion-builder-column-1 fusion_builder_column_1_2 1_2 fusion-flex-column\" style=\"--awb-padding-top:100px;--awb-padding-right:10%;--awb-padding-bottom:100px;--awb-padding-left:5%;--awb-bg-color:#eaeff3;--awb-bg-color-hover:#eaeff3;--awb-bg-blend:overlay;--awb-bg-size:cover;--awb-width-large:50%;--awb-margin-top-large:0px;--awb-spacing-right-large:0px;--awb-margin-bottom-large:0px;--awb-spacing-left-large:0px;--awb-width-medium:100%;--awb-order-medium:0;--awb-spacing-right-medium:0px;--awb-spacing-left-medium:0px;--awb-width-small:100%;--awb-order-small:0;--awb-spacing-right-small:0px;--awb-spacing-left-small:0px;\" data-motion-effects=\"[{&quot;type&quot;:&quot;&quot;,&quot;scroll_type&quot;:&quot;transition&quot;,&quot;scroll_direction&quot;:&quot;up&quot;,&quot;transition_speed&quot;:&quot;1&quot;,&quot;fade_type&quot;:&quot;in&quot;,&quot;scale_type&quot;:&quot;up&quot;,&quot;initial_scale&quot;:&quot;1&quot;,&quot;max_scale&quot;:&quot;1.5&quot;,&quot;min_scale&quot;:&quot;0.5&quot;,&quot;initial_rotate&quot;:&quot;0&quot;,&quot;end_rotate&quot;:&quot;30&quot;,&quot;initial_blur&quot;:&quot;0&quot;,&quot;end_blur&quot;:&quot;3&quot;,&quot;start_element&quot;:&quot;top&quot;,&quot;start_viewport&quot;:&quot;bottom&quot;,&quot;end_element&quot;:&quot;bottom&quot;,&quot;end_viewport&quot;:&quot;top&quot;,&quot;mouse_effect&quot;:&quot;track&quot;,&quot;mouse_effect_direction&quot;:&quot;opposite&quot;,&quot;mouse_effect_speed&quot;:&quot;2&quot;,&quot;infinite_animation&quot;:&quot;float&quot;,&quot;infinite_animation_speed&quot;:&quot;2&quot;}]\" data-scroll-devices=\"small-visibility,medium-visibility,large-visibility\"><div class=\"fusion-column-wrapper fusion-column-has-shadow fusion-flex-justify-content-center fusion-content-layout-column\"><div class=\"fusion-video fusion-youtube\" style=\"--awb-max-width:1600px;--awb-max-height:600px;--awb-align-self:center;--awb-width:100%;\"><div class=\"video-shortcode\"><lite-youtube videoid=\"GFLSRO7dd1E\" class=\"landscape\" params=\"wmode=transparent&autoplay=1&enablejsapi=1\" title=\"YouTube video player 1\" width=\"1600\" height=\"600\"><\/lite-youtube><\/div><\/div><\/div><\/div><\/div><\/div><div class=\"fusion-fullwidth fullwidth-box fusion-builder-row-2 fusion-flex-container has-pattern-background has-mask-background nonhundred-percent-fullwidth non-hundred-percent-height-scrolling\" style=\"--awb-border-radius-top-left:0px;--awb-border-radius-top-right:0px;--awb-border-radius-bottom-right:0px;--awb-border-radius-bottom-left:0px;--awb-background-color:#eaeff3;--awb-flex-wrap:wrap;\" ><div class=\"fusion-builder-row fusion-row fusion-flex-align-items-flex-start fusion-flex-content-wrap\" style=\"max-width:1216.8px;margin-left: calc(-4% \/ 2 );margin-right: calc(-4% \/ 2 );\"><div class=\"fusion-layout-column fusion_builder_column fusion-builder-column-2 fusion_builder_column_1_1 1_1 fusion-flex-column\" style=\"--awb-bg-size:cover;--awb-width-large:100%;--awb-margin-top-large:100px;--awb-spacing-right-large:1.92%;--awb-margin-bottom-large:100px;--awb-spacing-left-large:1.92%;--awb-width-medium:100%;--awb-order-medium:0;--awb-spacing-right-medium:1.92%;--awb-spacing-left-medium:1.92%;--awb-width-small:100%;--awb-order-small:0;--awb-spacing-right-small:1.92%;--awb-spacing-left-small:1.92%;\"><div class=\"fusion-column-wrapper fusion-column-has-shadow fusion-flex-justify-content-flex-start fusion-content-layout-column\"><div class=\"fusion-text fusion-text-2\">\r\n\t\t\t\t<div class='mapster-wp-maps-container'>\r\n\t\t\t\t<div class='mapster-wp-maps-loader-container' style='height: 650px;width: 100%;'>\r\n\t\t\t\t\t<div class='mapster-map-loader-initial'>\r\n\t\t\t\t\t\t<svg width='38' height='38' viewBox='0 0 38 38' xmlns='http:\/\/www.w3.org\/2000\/svg' stroke='#333'>\r\n\t\t\t\t\t\t\t<g fill='none' fill-rule='evenodd'>\r\n\t\t\t\t\t\t\t\t\t<g transform='translate(1 1)' stroke-width='2'>\r\n\t\t\t\t\t\t\t\t\t\t\t<circle stroke-opacity='.5' cx='18' cy='18' r='18'\/>\r\n\t\t\t\t\t\t\t\t\t\t\t<path d='M36 18c0-9.94-8.06-18-18-18'>\r\n\t\t\t\t\t\t\t\t\t\t\t\t\t<animateTransform\r\n\t\t\t\t\t\t\t\t\t\t\t\t\t\t\tattributeName='transform'\r\n\t\t\t\t\t\t\t\t\t\t\t\t\t\t\ttype='rotate'\r\n\t\t\t\t\t\t\t\t\t\t\t\t\t\t\tfrom='0 18 18'\r\n\t\t\t\t\t\t\t\t\t\t\t\t\t\t\tto='360 18 18'\r\n\t\t\t\t\t\t\t\t\t\t\t\t\t\t\tdur='1s'\r\n\t\t\t\t\t\t\t\t\t\t\t\t\t\t\trepeatCount='indefinite'\/>\r\n\t\t\t\t\t\t\t\t\t\t\t<\/path>\r\n\t\t\t\t\t\t\t\t\t<\/g>\r\n\t\t\t\t\t\t\t<\/g>\r\n\t\t\t\t\t\t<\/svg>\r\n\t\t\t\t\t<\/div>\r\n\t\t\t\t<\/div>\r\n\t\t\t\t<div class='mapster-wp-maps'\r\n\t\t\t\t\tid='mapster-wp-maps-6566'\r\n\t\t\t\t\tdata-id='6566'\r\n\t\t\t\t\tdata-latitude='null'\r\n\t\t\t\t\tdata-longitude='null'\r\n\t\t\t\t\tdata-zoom='null'\r\n\t\t\t\t\tdata-single_feature_id=''>\r\n\t\t\t\t<\/div>\r\n\t\t\t\t\r\n\t\t\t<\/div>\r\n\t\t\n<\/div><\/div><\/div><\/div><\/div><div class=\"fusion-fullwidth fullwidth-box fusion-builder-row-3 fusion-flex-container hundred-percent-fullwidth non-hundred-percent-height-scrolling\" style=\"--awb-background-position:left top;--awb-border-sizes-top:0px;--awb-border-sizes-bottom:0px;--awb-border-sizes-left:0px;--awb-border-sizes-right:0px;--awb-border-radius-top-left:0px;--awb-border-radius-top-right:0px;--awb-border-radius-bottom-right:0px;--awb-border-radius-bottom-left:0px;--awb-padding-top:0px;--awb-padding-right:0px;--awb-padding-bottom:0px;--awb-padding-left:0px;--awb-flex-wrap:wrap;\" ><div class=\"fusion-builder-row fusion-row fusion-flex-align-items-stretch fusion-flex-content-wrap\" style=\"width:calc( 100% + 0px ) !important;max-width:calc( 100% + 0px ) !important;margin-left: calc(-0px \/ 2 );margin-right: calc(-0px \/ 2 );\"><div class=\"fusion-layout-column fusion_builder_column fusion-builder-column-3 fusion_builder_column_1_1 1_1 fusion-flex-column\" style=\"--awb-padding-top:100px;--awb-padding-right:10%;--awb-padding-bottom:100px;--awb-padding-left:10%;--awb-bg-color:#eaeff3;--awb-bg-color-hover:#eaeff3;--awb-bg-blend:overlay;--awb-bg-size:cover;--awb-width-large:100%;--awb-margin-top-large:0px;--awb-spacing-right-large:0px;--awb-margin-bottom-large:0px;--awb-spacing-left-large:0px;--awb-width-medium:100%;--awb-order-medium:0;--awb-spacing-right-medium:0px;--awb-spacing-left-medium:0px;--awb-width-small:100%;--awb-order-small:0;--awb-spacing-right-small:0px;--awb-spacing-left-small:0px;\"><div class=\"fusion-column-wrapper fusion-column-has-shadow fusion-flex-justify-content-center fusion-content-layout-column\"><div class=\"fusion-title title fusion-title-2 fusion-sep-none fusion-title-text fusion-title-size-three\" style=\"--awb-text-color:var(--awb-color8);\"><h3 class=\"fusion-title-heading title-heading-left\" style=\"margin:0;text-transform:uppercase;\"><span style=\"font-weight: 400;\">Gli obiettivi principali della Carta di Partenariato Pelagos sono:<\/span><\/h3><\/div><div class=\"fusion-text fusion-text-3\"><ul>\n<li style=\"font-weight: 400;\" aria-level=\"1\"><span style=\"font-weight: 400;\">creare un<\/span><i><span style=\"font-weight: 400;\"> network <\/span><\/i><span style=\"font-weight: 400;\">tra tutti i Comuni del Santuario;<\/span><\/li>\n<li style=\"font-weight: 400;\" aria-level=\"1\"><span style=\"font-weight: 400;\">rendere pi\u00f9 tangibile il Santuario agli occhi del pubblico;<\/span><\/li>\n<li style=\"font-weight: 400;\" aria-level=\"1\"><span style=\"font-weight: 400;\">creare nuove sinergie su temi relativi ai mammiferi marini e alla loro protezione;<\/span><\/li>\n<li style=\"font-weight: 400;\" aria-level=\"1\"><span style=\"font-weight: 400;\">coinvolgere i partner territoriali per promuovere gli obiettivi dell\u2019Accordo e realizzare azioni concrete a favore dei mammiferi marini;<\/span><\/li>\n<li style=\"font-weight: 400;\" aria-level=\"1\"><span style=\"font-weight: 400;\">coinvolgere i comuni nell\u2019attivit\u00e0 di informazione e sensibilizzazione<\/span>.<\/li>\n<\/ul>\n<p><strong>Scarica i documenti seguenti: <\/strong><\/p>\n<ul>\n<li><a href=\"https:\/\/pelagos-sanctuary.org\/wp-content\/uploads\/2024\/02\/Pelagos_MOP9_2024_Carta-di-Partenariato-Pelagos.pdf\" target=\"_blank\" rel=\"noopener\"><span style=\"font-weight: 400;\">Carta di Partenariato Pelagos<\/span><\/a><\/li>\n<li><a href=\"https:\/\/pelagos-sanctuary.org\/wp-content\/uploads\/2024\/02\/Pelagos_MOP9_2024_Regolamento_e_Griglia_Carta_di_Partenariato.pdf\"><span style=\"font-weight: 400;\">Regolamento e\u00a0<\/span><span style=\"font-weight: 400;\">Griglia di Valutazione<\/span><\/a><\/li>\n<\/ul>\n<p><strong>Per maggiori informazioni in merito alla Carta di partenariato Pelagos rivolgersi ai seguenti organismi nazionali competenti:\u00a0<\/strong><\/p>\n<ul>\n<li style=\"font-weight: 400;\" aria-level=\"1\"><span style=\"font-weight: 400;\">Per i Comuni o le EPCI in Francia : Parco Nazionale di Port-Cros all\u2019indirizzo: <\/span><a href=\"mailto:pelagosfrance@portcros.fr\"><span style=\"font-weight: 400;\">pelagosfrance@portcros.fr<\/span><\/a><span style=\"font-weight: 400;\">\u00a0\u00a0<\/span><\/li>\n<li style=\"font-weight: 400;\" aria-level=\"1\"><span style=\"font-weight: 400;\">Per i Comuni o le Unioni di Comuni in Italia al Ministero dell\u2019Ambiente e della Sicurezza Energetica (MASE) all\u2019indirizzo: <\/span><a href=\"mailto:pnm-7@mase.gov.it\"><span style=\"font-weight: 400;\">pnm-7@mase.gov.it<\/span><\/a><span style=\"font-weight: 400;\">\u00a0<\/span><\/li>\n<\/ul>\n<p><span style=\"font-weight: 400;\">Per disporre del materiale di comunicazione messo a disposizione dall\u2019Accordo Pelagos per i Comuni\u00a0 firmatari della Carta di Partenariato Pelagos, si invita a contattare il Segretariato permanente all\u2019indirizzo seguente: <\/span><a href=\"mailto:secretariat@pelagossanctuary.org\"><span style=\"font-weight: 400;\">secretariat@pelagossanctuary.org<\/span><\/a><span style=\"font-weight: 400;\">\u00a0<\/span><\/p>\n<\/div><div class=\"fusion-separator fusion-full-width-sep\" style=\"align-self: center;margin-left: auto;margin-right: auto;margin-top:15px;width:100%;\"><\/div><\/div><\/div><\/div><\/div><div class=\"fusion-fullwidth fullwidth-box fusion-builder-row-4 fusion-flex-container has-pattern-background has-mask-background nonhundred-percent-fullwidth non-hundred-percent-height-scrolling\" style=\"--awb-border-radius-top-left:0px;--awb-border-radius-top-right:0px;--awb-border-radius-bottom-right:0px;--awb-border-radius-bottom-left:0px;--awb-background-color:#5296f7;--awb-flex-wrap:wrap;\" ><div class=\"fusion-builder-row fusion-row fusion-flex-align-items-flex-start fusion-flex-content-wrap\" style=\"max-width:1216.8px;margin-left: calc(-4% \/ 2 );margin-right: calc(-4% \/ 2 );\"><div class=\"fusion-layout-column fusion_builder_column fusion-builder-column-4 fusion_builder_column_1_1 1_1 fusion-flex-column\" style=\"--awb-bg-size:cover;--awb-width-large:100%;--awb-margin-top-large:24px;--awb-spacing-right-large:1.92%;--awb-margin-bottom-large:0px;--awb-spacing-left-large:1.92%;--awb-width-medium:100%;--awb-order-medium:0;--awb-spacing-right-medium:1.92%;--awb-spacing-left-medium:1.92%;--awb-width-small:100%;--awb-order-small:0;--awb-spacing-right-small:1.92%;--awb-spacing-left-small:1.92%;\"><div class=\"fusion-column-wrapper fusion-column-has-shadow fusion-flex-justify-content-flex-start fusion-content-layout-column\"><div class=\"fusion-text fusion-text-4\" style=\"--awb-font-size:var(--awb-typography5-font-size);--awb-line-height:1.72;--awb-text-color:rgba(255,255,255,0.88);--awb-margin-top:0px;\"><p style=\"text-align: center;\">Crediti foto:<br \/>\n\u00a9 Elia BIASISSI &#8211; MENKAB<\/p>\n<\/div><\/div><\/div><\/div><\/div><\/p>\n","protected":false},"excerpt":{"rendered":"","protected":false},"author":1,"featured_media":0,"parent":0,"menu_order":0,"comment_status":"closed","ping_status":"closed","template":"100-width.php","meta":[],"yoast_head":"<!-- This site is optimized with the Yoast SEO plugin v21.7 - https:\/\/yoast.com\/wordpress\/plugins\/seo\/ -->\n<title>Carta di Partenariato - Pelagos Sanctuary<\/title>\n<meta name=\"description\" content=\"creare un network tra tutti i Comuni del Santuario;rendere pi\u00f9 tangibile il Santuario agli occhi del pubblico;\" \/>\n<meta name=\"robots\" content=\"index, follow, max-snippet:-1, max-image-preview:large, max-video-preview:-1\" \/>\n<link rel=\"canonical\" href=\"https:\/\/pelagos-sanctuary.org\/it\/carta-di-partenariato\/\" \/>\n<meta property=\"og:locale\" content=\"it_IT\" \/>\n<meta property=\"og:type\" content=\"article\" \/>\n<meta property=\"og:title\" content=\"Carta di Partenariato - Pelagos Sanctuary\" \/>\n<meta property=\"og:description\" content=\"creare un network tra tutti i Comuni del Santuario;rendere pi\u00f9 tangibile il Santuario agli occhi del pubblico;\" \/>\n<meta property=\"og:url\" content=\"https:\/\/pelagos-sanctuary.org\/it\/carta-di-partenariato\/\" \/>\n<meta property=\"og:site_name\" content=\"Pelagos Sanctuary\" \/>\n<meta property=\"article:modified_time\" content=\"2024-11-05T08:54:43+00:00\" \/>\n<meta name=\"twitter:card\" content=\"summary_large_image\" \/>\n<meta name=\"twitter:label1\" content=\"Tempo di lettura stimato\" \/>\n\t<meta name=\"twitter:data1\" content=\"2 minuti\" \/>\n<script type=\"application\/ld+json\" class=\"yoast-schema-graph\">{\"@context\":\"https:\/\/schema.org\",\"@graph\":[{\"@type\":\"WebPage\",\"@id\":\"https:\/\/pelagos-sanctuary.org\/it\/carta-di-partenariato\/\",\"url\":\"https:\/\/pelagos-sanctuary.org\/it\/carta-di-partenariato\/\",\"name\":\"Carta di Partenariato - Pelagos Sanctuary\",\"isPartOf\":{\"@id\":\"https:\/\/pelagos-sanctuary.org\/it\/#website\"},\"datePublished\":\"2023-12-13T23:15:15+00:00\",\"dateModified\":\"2024-11-05T08:54:43+00:00\",\"description\":\"creare un network tra tutti i Comuni del Santuario;rendere pi\u00f9 tangibile il Santuario agli occhi del pubblico;\",\"breadcrumb\":{\"@id\":\"https:\/\/pelagos-sanctuary.org\/it\/carta-di-partenariato\/#breadcrumb\"},\"inLanguage\":\"it-IT\",\"potentialAction\":[{\"@type\":\"ReadAction\",\"target\":[\"https:\/\/pelagos-sanctuary.org\/it\/carta-di-partenariato\/\"]}]},{\"@type\":\"BreadcrumbList\",\"@id\":\"https:\/\/pelagos-sanctuary.org\/it\/carta-di-partenariato\/#breadcrumb\",\"itemListElement\":[{\"@type\":\"ListItem\",\"position\":1,\"name\":\"Home\",\"item\":\"https:\/\/pelagos-sanctuary.org\/it\/\"},{\"@type\":\"ListItem\",\"position\":2,\"name\":\"Carta di Partenariato\"}]},{\"@type\":\"WebSite\",\"@id\":\"https:\/\/pelagos-sanctuary.org\/it\/#website\",\"url\":\"https:\/\/pelagos-sanctuary.org\/it\/\",\"name\":\"Pelagos Sanctuary\",\"description\":\"sanctuary protecting marine mammals in the mediterranean sea\",\"potentialAction\":[{\"@type\":\"SearchAction\",\"target\":{\"@type\":\"EntryPoint\",\"urlTemplate\":\"https:\/\/pelagos-sanctuary.org\/it\/?s={search_term_string}\"},\"query-input\":\"required name=search_term_string\"}],\"inLanguage\":\"it-IT\"}]}<\/script>\n<!-- \/ Yoast SEO plugin. -->","yoast_head_json":{"title":"Carta di Partenariato - Pelagos Sanctuary","description":"creare un network tra tutti i Comuni del Santuario;rendere pi\u00f9 tangibile il Santuario agli occhi del pubblico;","robots":{"index":"index","follow":"follow","max-snippet":"max-snippet:-1","max-image-preview":"max-image-preview:large","max-video-preview":"max-video-preview:-1"},"canonical":"https:\/\/pelagos-sanctuary.org\/it\/carta-di-partenariato\/","og_locale":"it_IT","og_type":"article","og_title":"Carta di Partenariato - Pelagos Sanctuary","og_description":"creare un network tra tutti i Comuni del Santuario;rendere pi\u00f9 tangibile il Santuario agli occhi del pubblico;","og_url":"https:\/\/pelagos-sanctuary.org\/it\/carta-di-partenariato\/","og_site_name":"Pelagos Sanctuary","article_modified_time":"2024-11-05T08:54:43+00:00","twitter_card":"summary_large_image","twitter_misc":{"Tempo di lettura stimato":"2 minuti"},"schema":{"@context":"https:\/\/schema.org","@graph":[{"@type":"WebPage","@id":"https:\/\/pelagos-sanctuary.org\/it\/carta-di-partenariato\/","url":"https:\/\/pelagos-sanctuary.org\/it\/carta-di-partenariato\/","name":"Carta di Partenariato - Pelagos Sanctuary","isPartOf":{"@id":"https:\/\/pelagos-sanctuary.org\/it\/#website"},"datePublished":"2023-12-13T23:15:15+00:00","dateModified":"2024-11-05T08:54:43+00:00","description":"creare un network tra tutti i Comuni del Santuario;rendere pi\u00f9 tangibile il Santuario agli occhi del pubblico;","breadcrumb":{"@id":"https:\/\/pelagos-sanctuary.org\/it\/carta-di-partenariato\/#breadcrumb"},"inLanguage":"it-IT","potentialAction":[{"@type":"ReadAction","target":["https:\/\/pelagos-sanctuary.org\/it\/carta-di-partenariato\/"]}]},{"@type":"BreadcrumbList","@id":"https:\/\/pelagos-sanctuary.org\/it\/carta-di-partenariato\/#breadcrumb","itemListElement":[{"@type":"ListItem","position":1,"name":"Home","item":"https:\/\/pelagos-sanctuary.org\/it\/"},{"@type":"ListItem","position":2,"name":"Carta di Partenariato"}]},{"@type":"WebSite","@id":"https:\/\/pelagos-sanctuary.org\/it\/#website","url":"https:\/\/pelagos-sanctuary.org\/it\/","name":"Pelagos Sanctuary","description":"sanctuary protecting marine mammals in the mediterranean sea","potentialAction":[{"@type":"SearchAction","target":{"@type":"EntryPoint","urlTemplate":"https:\/\/pelagos-sanctuary.org\/it\/?s={search_term_string}"},"query-input":"required name=search_term_string"}],"inLanguage":"it-IT"}]}},"acf":[],"_links":{"self":[{"href":"https:\/\/pelagos-sanctuary.org\/it\/wp-json\/wp\/v2\/pages\/8119"}],"collection":[{"href":"https:\/\/pelagos-sanctuary.org\/it\/wp-json\/wp\/v2\/pages"}],"about":[{"href":"https:\/\/pelagos-sanctuary.org\/it\/wp-json\/wp\/v2\/types\/page"}],"author":[{"embeddable":true,"href":"https:\/\/pelagos-sanctuary.org\/it\/wp-json\/wp\/v2\/users\/1"}],"replies":[{"embeddable":true,"href":"https:\/\/pelagos-sanctuary.org\/it\/wp-json\/wp\/v2\/comments?post=8119"}],"version-history":[{"count":23,"href":"https:\/\/pelagos-sanctuary.org\/it\/wp-json\/wp\/v2\/pages\/8119\/revisions"}],"predecessor-version":[{"id":10772,"href":"https:\/\/pelagos-sanctuary.org\/it\/wp-json\/wp\/v2\/pages\/8119\/revisions\/10772"}],"wp:attachment":[{"href":"https:\/\/pelagos-sanctuary.org\/it\/wp-json\/wp\/v2\/media?parent=8119"}],"curies":[{"name":"wp","href":"https:\/\/api.w.org\/{rel}","templated":true}]}}