{"id":7925,"date":"2023-11-27T15:20:42","date_gmt":"2023-11-27T14:20:42","guid":{"rendered":"https:\/\/pelagos-sanctuary.org\/foca-monaca\/"},"modified":"2024-10-31T17:19:08","modified_gmt":"2024-10-31T16:19:08","slug":"foca-monaca","status":"publish","type":"page","link":"https:\/\/pelagos-sanctuary.org\/it\/foca-monaca\/","title":{"rendered":"Foca Monaca"},"content":{"rendered":"<p><div class=\"fusion-fullwidth fullwidth-box fusion-builder-row-1 fusion-flex-container has-pattern-background has-mask-background nonhundred-percent-fullwidth non-hundred-percent-height-scrolling\" style=\"--awb-border-radius-top-left:0px;--awb-border-radius-top-right:0px;--awb-border-radius-bottom-right:0px;--awb-border-radius-bottom-left:0px;--awb-padding-top:50PX;--awb-padding-right:3%;--awb-padding-left:3%;--awb-background-color:var(--awb-color1);--awb-flex-wrap:wrap;\" ><div class=\"fusion-builder-row fusion-row fusion-flex-align-items-flex-start fusion-flex-content-wrap\" style=\"max-width:1216.8px;margin-left: calc(-4% \/ 2 );margin-right: calc(-4% \/ 2 );\"><div class=\"fusion-layout-column fusion_builder_column fusion-builder-column-0 fusion_builder_column_1_2 1_2 fusion-flex-column\" style=\"--awb-bg-size:cover;--awb-width-large:50%;--awb-margin-top-large:0PX;--awb-spacing-right-large:3.84%;--awb-margin-bottom-large:20px;--awb-spacing-left-large:3.84%;--awb-width-medium:100%;--awb-order-medium:0;--awb-spacing-right-medium:1.92%;--awb-spacing-left-medium:1.92%;--awb-width-small:100%;--awb-order-small:0;--awb-spacing-right-small:1.92%;--awb-spacing-left-small:1.92%;\"><div class=\"fusion-column-wrapper fusion-column-has-shadow fusion-flex-justify-content-flex-start fusion-content-layout-column\"><div class=\"fusion-text fusion-text-1\"><p style=\"text-align: JUSTIFY;\"><span style=\"font-weight: 400;\">La foca monaca si \u00e8 storicamente diffusa lungo le coste del Mediterraneo, del Mar di Marmara e del Mar Nero, nonch\u00e9 lungo le coste africane dell&#8217;Atlantico (dal Marocco verso sud fino al Senegal) e nelle isole Azzorre, Madeira, Canarie e Capo Verde. La caccia e la sovrapesca hanno portato ad una drastica riduzione della distribuzione e dell&#8217;abbondanza della foca monaca. Attualmente, la pi\u00f9 grande sottopopolazione conosciuta si trova nelle regioni costiere della Grecia, della Turchia e di Cipro; essa comprende meno di 500 individui, di cui si stima che circa 250 siano adulti. Fuori dal Mediterraneo, la sottopopolazione pi\u00f9 numerosa \u00e8 distribuita lungo le coste della penisola di Cabo Blanco (circa 300 individui), seguita dalla sottopopolazione concentrata lungo le coste di Madeira (circa 40 individui). <\/span><\/p>\n<\/div><\/div><\/div><div class=\"fusion-layout-column fusion_builder_column fusion-builder-column-1 fusion_builder_column_1_2 1_2 fusion-flex-column\" style=\"--awb-bg-size:cover;--awb-width-large:50%;--awb-margin-top-large:0PX;--awb-spacing-right-large:3.84%;--awb-margin-bottom-large:20px;--awb-spacing-left-large:3.84%;--awb-width-medium:100%;--awb-order-medium:0;--awb-spacing-right-medium:1.92%;--awb-spacing-left-medium:1.92%;--awb-width-small:100%;--awb-order-small:0;--awb-spacing-right-small:1.92%;--awb-spacing-left-small:1.92%;\"><div class=\"fusion-column-wrapper fusion-column-has-shadow fusion-flex-justify-content-flex-start fusion-content-layout-column\"><div class=\"fusion-image-element \" style=\"--awb-caption-title-font-family:var(--h2_typography-font-family);--awb-caption-title-font-weight:var(--h2_typography-font-weight);--awb-caption-title-font-style:var(--h2_typography-font-style);--awb-caption-title-size:var(--h2_typography-font-size);--awb-caption-title-transform:var(--h2_typography-text-transform);--awb-caption-title-line-height:var(--h2_typography-line-height);--awb-caption-title-letter-spacing:var(--h2_typography-letter-spacing);\"><span class=\" fusion-imageframe imageframe-none imageframe-1 hover-type-none\"><img decoding=\"async\" width=\"1076\" height=\"999\" title=\"phoque-moine-2\" src=\"https:\/\/pelagos-sanctuary.org\/wp-content\/uploads\/2023\/11\/phoque-moine-2.jpg\" data-orig-src=\"https:\/\/pelagos-sanctuary.org\/wp-content\/uploads\/2023\/11\/phoque-moine-2.jpg\" alt class=\"lazyload img-responsive wp-image-6421\" srcset=\"data:image\/svg+xml,%3Csvg%20xmlns%3D%27http%3A%2F%2Fwww.w3.org%2F2000%2Fsvg%27%20width%3D%271076%27%20height%3D%27999%27%20viewBox%3D%270%200%201076%20999%27%3E%3Crect%20width%3D%271076%27%20height%3D%27999%27%20fill-opacity%3D%220%22%2F%3E%3C%2Fsvg%3E\" data-srcset=\"https:\/\/pelagos-sanctuary.org\/wp-content\/uploads\/2023\/11\/phoque-moine-2-200x186.jpg 200w, https:\/\/pelagos-sanctuary.org\/wp-content\/uploads\/2023\/11\/phoque-moine-2-400x371.jpg 400w, https:\/\/pelagos-sanctuary.org\/wp-content\/uploads\/2023\/11\/phoque-moine-2-600x557.jpg 600w, https:\/\/pelagos-sanctuary.org\/wp-content\/uploads\/2023\/11\/phoque-moine-2-800x743.jpg 800w, https:\/\/pelagos-sanctuary.org\/wp-content\/uploads\/2023\/11\/phoque-moine-2.jpg 1076w\" data-sizes=\"auto\" data-orig-sizes=\"(max-width: 1024px) 100vw, (max-width: 640px) 100vw, 600px\" \/><\/span><\/div><\/div><\/div><div class=\"fusion-layout-column fusion_builder_column fusion-builder-column-2 fusion_builder_column_1_2 1_2 fusion-flex-column\" style=\"--awb-bg-size:cover;--awb-width-large:50%;--awb-margin-top-large:0PX;--awb-spacing-right-large:3.84%;--awb-margin-bottom-large:20px;--awb-spacing-left-large:3.84%;--awb-width-medium:100%;--awb-order-medium:0;--awb-spacing-right-medium:1.92%;--awb-spacing-left-medium:1.92%;--awb-width-small:100%;--awb-order-small:0;--awb-spacing-right-small:1.92%;--awb-spacing-left-small:1.92%;\"><div class=\"fusion-column-wrapper fusion-column-has-shadow fusion-flex-justify-content-flex-start fusion-content-layout-column\"><div class=\"fusion-image-element \" style=\"--awb-caption-title-font-family:var(--h2_typography-font-family);--awb-caption-title-font-weight:var(--h2_typography-font-weight);--awb-caption-title-font-style:var(--h2_typography-font-style);--awb-caption-title-size:var(--h2_typography-font-size);--awb-caption-title-transform:var(--h2_typography-text-transform);--awb-caption-title-line-height:var(--h2_typography-line-height);--awb-caption-title-letter-spacing:var(--h2_typography-letter-spacing);\"><span class=\" fusion-imageframe imageframe-none imageframe-2 hover-type-none\"><img decoding=\"async\" width=\"800\" height=\"566\" title=\"carte-repartition-phoque-moine\" src=\"https:\/\/pelagos-sanctuary.org\/wp-content\/uploads\/2024\/01\/carte-repartition-phoque-moine.jpg\" data-orig-src=\"https:\/\/pelagos-sanctuary.org\/wp-content\/uploads\/2024\/01\/carte-repartition-phoque-moine.jpg\" alt class=\"lazyload img-responsive wp-image-9051\" srcset=\"data:image\/svg+xml,%3Csvg%20xmlns%3D%27http%3A%2F%2Fwww.w3.org%2F2000%2Fsvg%27%20width%3D%27800%27%20height%3D%27566%27%20viewBox%3D%270%200%20800%20566%27%3E%3Crect%20width%3D%27800%27%20height%3D%27566%27%20fill-opacity%3D%220%22%2F%3E%3C%2Fsvg%3E\" data-srcset=\"https:\/\/pelagos-sanctuary.org\/wp-content\/uploads\/2024\/01\/carte-repartition-phoque-moine-200x142.jpg 200w, https:\/\/pelagos-sanctuary.org\/wp-content\/uploads\/2024\/01\/carte-repartition-phoque-moine-400x283.jpg 400w, https:\/\/pelagos-sanctuary.org\/wp-content\/uploads\/2024\/01\/carte-repartition-phoque-moine-600x425.jpg 600w, https:\/\/pelagos-sanctuary.org\/wp-content\/uploads\/2024\/01\/carte-repartition-phoque-moine.jpg 800w\" data-sizes=\"auto\" data-orig-sizes=\"(max-width: 1024px) 100vw, (max-width: 640px) 100vw, 600px\" \/><\/span><\/div><\/div><\/div><div class=\"fusion-layout-column fusion_builder_column fusion-builder-column-3 fusion_builder_column_1_2 1_2 fusion-flex-column\" style=\"--awb-bg-size:cover;--awb-width-large:50%;--awb-margin-top-large:0PX;--awb-spacing-right-large:3.84%;--awb-margin-bottom-large:20px;--awb-spacing-left-large:3.84%;--awb-width-medium:100%;--awb-order-medium:0;--awb-spacing-right-medium:1.92%;--awb-spacing-left-medium:1.92%;--awb-width-small:100%;--awb-order-small:0;--awb-spacing-right-small:1.92%;--awb-spacing-left-small:1.92%;\"><div class=\"fusion-column-wrapper fusion-column-has-shadow fusion-flex-justify-content-flex-start fusion-content-layout-column\"><div class=\"fusion-image-element \" style=\"--awb-caption-title-font-family:var(--h2_typography-font-family);--awb-caption-title-font-weight:var(--h2_typography-font-weight);--awb-caption-title-font-style:var(--h2_typography-font-style);--awb-caption-title-size:var(--h2_typography-font-size);--awb-caption-title-transform:var(--h2_typography-text-transform);--awb-caption-title-line-height:var(--h2_typography-line-height);--awb-caption-title-letter-spacing:var(--h2_typography-letter-spacing);\"><span class=\" fusion-imageframe imageframe-none imageframe-3 hover-type-none\"><img decoding=\"async\" width=\"800\" height=\"566\" title=\"Pelagos_Monachus_historical_distribution\" src=\"https:\/\/pelagos-sanctuary.org\/wp-content\/uploads\/2024\/01\/Pelagos_Monachus_historical_distribution.jpg\" data-orig-src=\"https:\/\/pelagos-sanctuary.org\/wp-content\/uploads\/2024\/01\/Pelagos_Monachus_historical_distribution.jpg\" alt class=\"lazyload img-responsive wp-image-9054\" srcset=\"data:image\/svg+xml,%3Csvg%20xmlns%3D%27http%3A%2F%2Fwww.w3.org%2F2000%2Fsvg%27%20width%3D%27800%27%20height%3D%27566%27%20viewBox%3D%270%200%20800%20566%27%3E%3Crect%20width%3D%27800%27%20height%3D%27566%27%20fill-opacity%3D%220%22%2F%3E%3C%2Fsvg%3E\" data-srcset=\"https:\/\/pelagos-sanctuary.org\/wp-content\/uploads\/2024\/01\/Pelagos_Monachus_historical_distribution-200x142.jpg 200w, https:\/\/pelagos-sanctuary.org\/wp-content\/uploads\/2024\/01\/Pelagos_Monachus_historical_distribution-400x283.jpg 400w, https:\/\/pelagos-sanctuary.org\/wp-content\/uploads\/2024\/01\/Pelagos_Monachus_historical_distribution-600x425.jpg 600w, https:\/\/pelagos-sanctuary.org\/wp-content\/uploads\/2024\/01\/Pelagos_Monachus_historical_distribution.jpg 800w\" data-sizes=\"auto\" data-orig-sizes=\"(max-width: 1024px) 100vw, (max-width: 640px) 100vw, 600px\" \/><\/span><\/div><\/div><\/div><div class=\"fusion-layout-column fusion_builder_column fusion-builder-column-4 fusion_builder_column_1_1 1_1 fusion-flex-column\" style=\"--awb-bg-size:cover;--awb-width-large:100%;--awb-margin-top-large:0px;--awb-spacing-right-large:1.92%;--awb-margin-bottom-large:20px;--awb-spacing-left-large:1.92%;--awb-width-medium:100%;--awb-order-medium:0;--awb-spacing-right-medium:1.92%;--awb-spacing-left-medium:1.92%;--awb-width-small:100%;--awb-order-small:0;--awb-spacing-right-small:1.92%;--awb-spacing-left-small:1.92%;\"><div class=\"fusion-column-wrapper fusion-column-has-shadow fusion-flex-justify-content-flex-start fusion-content-layout-column\"><div class=\"fusion-separator fusion-full-width-sep\" style=\"align-self: center;margin-left: auto;margin-right: auto;margin-top:25px;margin-bottom:25px;width:100%;\"><\/div><\/div><\/div><\/div><\/div><div class=\"fusion-fullwidth fullwidth-box fusion-builder-row-2 fusion-flex-container has-pattern-background has-mask-background nonhundred-percent-fullwidth non-hundred-percent-height-scrolling\" style=\"--awb-border-radius-top-left:0px;--awb-border-radius-top-right:0px;--awb-border-radius-bottom-right:0px;--awb-border-radius-bottom-left:0px;--awb-padding-top:50PX;--awb-padding-right:3%;--awb-padding-left:3%;--awb-background-color:#03263c;--awb-background-image:linear-gradient(180deg, rgba(0,0,0,0.35) 0%,rgba(0,0,0,0.18) 100%);--awb-flex-wrap:wrap;\" ><div class=\"fusion-builder-row fusion-row fusion-flex-align-items-flex-start fusion-flex-content-wrap\" style=\"max-width:1216.8px;margin-left: calc(-4% \/ 2 );margin-right: calc(-4% \/ 2 );\"><div class=\"fusion-layout-column fusion_builder_column fusion-builder-column-5 fusion_builder_column_1_1 1_1 fusion-flex-column\" style=\"--awb-bg-size:cover;--awb-width-large:100%;--awb-margin-top-large:50px;--awb-spacing-right-large:1.92%;--awb-margin-bottom-large:50px;--awb-spacing-left-large:1.92%;--awb-width-medium:100%;--awb-order-medium:0;--awb-spacing-right-medium:1.92%;--awb-spacing-left-medium:1.92%;--awb-width-small:100%;--awb-order-small:0;--awb-spacing-right-small:1.92%;--awb-spacing-left-small:1.92%;\"><div class=\"fusion-column-wrapper fusion-column-has-shadow fusion-flex-justify-content-flex-start fusion-content-layout-column\"><div class=\"fusion-text fusion-text-2 fusion-text-no-margin\" style=\"--awb-text-color:#ffffff;--awb-margin-bottom:25px;\"><p><span style=\"font-weight: 400;\">Negli ultimi anni, il verificarsi di ripetuti avvistamenti casuali ed i risultati delle attivit\u00e0 di monitoraggio, hanno suggerito un aumento della presenza in aree della porzione di Mediterraneo popolata in passato dalla specie, compreso il Santuario Pelagos (ad esempio in Corsica, Sardegna, Toscana e Liguria). Sono stati raccolti anche dati sulla presenza della foca monaca in alcune aree del Santuario Pelagos mediante tecniche di monitoraggio non invasive (monitoraggio video delle grotte nell&#8217;Arcipelago Toscano e tracce di DNA ambientale nella colonna d&#8217;acqua), le quali suggeriscono la necessit\u00e0 di aumentare la consapevolezza sulla presenza della specie nell&#8217;ambito geografico del Santuario Pelagos.<\/span><\/p>\n<p><span style=\"font-weight: 400;\">I testi di numerosi generi letterari scritti da autori dell&#8217;antichit\u00e0 classica rappresentano un punto di riferimento che attesta la distribuzione storica di diverse specie di mammiferi marini, tra cui la foca monaca, nella regione compresa nel Santuario Pelagos. Un resoconto peculiare \u00e8 quello scritto dal filosofo e scrittore romano Claudio Aeliano, in cui esso descrive le tecniche di caccia che le orche utilizzano per catturare le foche monache. Testi come questi dimostrano il significativo ruolo mitologico che il bioma marino e le sue specie hanno svolto nella storia del Mediterraneo e fungono da promemoria dell&#8217;importanza di salvaguardare i suoi abitanti nei tempi moderni. I grandi cetacei, le foche ed i delfini portano con s\u00e9 una ricca storia tramandata attraverso i secoli: essi sono importanti non solo per la loro rilevanza ecologica, ma anche per il loro ruolo come patrimonio culturale del Mediterraneo.<\/span><\/p>\n<p><span style=\"font-weight: 400;\">La foca monaca \u00e8 una specie in pericolo. La sua rarit\u00e0 e la sua natura criptica rappresentano una sfida per il monitoraggio ed \u00e8 per questo che ogni singolo avvistamento \u00e8 particolarmente prezioso. Se vi capita di avvistare una foca monaca nel Santuario, vi preghiamo di segnalarlo compilando questo <a href=\"https:\/\/pelagos-sanctuary.org\/it\/modulo-di-osservazione-della-foca-monaca\/\">formulario<\/a><\/span><span style=\"font-weight: 400;\">\u00a0online<\/span><span style=\"font-weight: 400;\">.<\/span><\/p>\n<\/div><\/div><\/div><\/div><\/div><div class=\"fusion-fullwidth fullwidth-box fusion-builder-row-3 fusion-flex-container has-pattern-background has-mask-background nonhundred-percent-fullwidth non-hundred-percent-height-scrolling\" style=\"--awb-border-radius-top-left:0px;--awb-border-radius-top-right:0px;--awb-border-radius-bottom-right:0px;--awb-border-radius-bottom-left:0px;--awb-background-color:#5296f7;--awb-flex-wrap:wrap;\" ><div class=\"fusion-builder-row fusion-row fusion-flex-align-items-flex-start fusion-flex-content-wrap\" style=\"max-width:1216.8px;margin-left: calc(-4% \/ 2 );margin-right: calc(-4% \/ 2 );\"><div class=\"fusion-layout-column fusion_builder_column fusion-builder-column-6 fusion_builder_column_1_1 1_1 fusion-flex-column\" style=\"--awb-bg-size:cover;--awb-width-large:100%;--awb-margin-top-large:24px;--awb-spacing-right-large:1.92%;--awb-margin-bottom-large:0px;--awb-spacing-left-large:1.92%;--awb-width-medium:100%;--awb-order-medium:0;--awb-spacing-right-medium:1.92%;--awb-spacing-left-medium:1.92%;--awb-width-small:100%;--awb-order-small:0;--awb-spacing-right-small:1.92%;--awb-spacing-left-small:1.92%;\" data-motion-effects=\"[{&quot;type&quot;:&quot;&quot;,&quot;scroll_type&quot;:&quot;transition&quot;,&quot;scroll_direction&quot;:&quot;up&quot;,&quot;transition_speed&quot;:&quot;1&quot;,&quot;fade_type&quot;:&quot;in&quot;,&quot;scale_type&quot;:&quot;up&quot;,&quot;initial_scale&quot;:&quot;1&quot;,&quot;max_scale&quot;:&quot;1.5&quot;,&quot;min_scale&quot;:&quot;0.5&quot;,&quot;initial_rotate&quot;:&quot;0&quot;,&quot;end_rotate&quot;:&quot;30&quot;,&quot;initial_blur&quot;:&quot;0&quot;,&quot;end_blur&quot;:&quot;3&quot;,&quot;start_element&quot;:&quot;top&quot;,&quot;start_viewport&quot;:&quot;bottom&quot;,&quot;end_element&quot;:&quot;bottom&quot;,&quot;end_viewport&quot;:&quot;top&quot;,&quot;mouse_effect&quot;:&quot;track&quot;,&quot;mouse_effect_direction&quot;:&quot;opposite&quot;,&quot;mouse_effect_speed&quot;:&quot;2&quot;,&quot;infinite_animation&quot;:&quot;float&quot;,&quot;infinite_animation_speed&quot;:&quot;2&quot;}]\" data-scroll-devices=\"small-visibility,medium-visibility,large-visibility\"><div class=\"fusion-column-wrapper fusion-column-has-shadow fusion-flex-justify-content-flex-start fusion-content-layout-column\"><div class=\"fusion-text fusion-text-3\" style=\"--awb-font-size:13px;--awb-line-height:1.72;--awb-text-color:rgba(255,255,255,0.88);\"><p style=\"text-align: center;\">Crediti foto:<br \/>\u00a9 <em>Greg Lecoeur-Monk Seal Alliance\u00a0<\/em><br \/>\u00a9<em> Marco Prete<\/em><\/p>\n<\/div><\/div><\/div><\/div><\/div><\/p>\n","protected":false},"excerpt":{"rendered":"","protected":false},"author":1,"featured_media":0,"parent":0,"menu_order":0,"comment_status":"closed","ping_status":"closed","template":"100-width.php","meta":[],"yoast_head":"<!-- This site is optimized with the Yoast SEO plugin v21.7 - https:\/\/yoast.com\/wordpress\/plugins\/seo\/ -->\n<title>Foca Monaca - Pelagos Sanctuary<\/title>\n<meta name=\"description\" content=\"La foca monaca si \u00e8 storicamente diffusa lungo le coste del Mediterraneo, del Mar di Marmara e del Mar Nero, nonch\u00e9 lungo le coste africane dell&#039;Atlantico e nelle isole Azzorre, Madeira, Canarie e Capo Verde...\" \/>\n<meta name=\"robots\" content=\"index, follow, max-snippet:-1, max-image-preview:large, max-video-preview:-1\" \/>\n<link rel=\"canonical\" href=\"https:\/\/pelagos-sanctuary.org\/it\/foca-monaca\/\" \/>\n<meta property=\"og:locale\" content=\"it_IT\" \/>\n<meta property=\"og:type\" content=\"article\" \/>\n<meta property=\"og:title\" content=\"Foca Monaca - Pelagos Sanctuary\" \/>\n<meta property=\"og:description\" content=\"La foca monaca si \u00e8 storicamente diffusa lungo le coste del Mediterraneo, del Mar di Marmara e del Mar Nero, nonch\u00e9 lungo le coste africane dell&#039;Atlantico e nelle isole Azzorre, Madeira, Canarie e Capo Verde...\" \/>\n<meta property=\"og:url\" content=\"https:\/\/pelagos-sanctuary.org\/it\/foca-monaca\/\" \/>\n<meta property=\"og:site_name\" content=\"Pelagos Sanctuary\" \/>\n<meta property=\"article:modified_time\" content=\"2024-10-31T16:19:08+00:00\" \/>\n<meta name=\"twitter:card\" content=\"summary_large_image\" \/>\n<meta name=\"twitter:label1\" content=\"Tempo di lettura stimato\" \/>\n\t<meta name=\"twitter:data1\" content=\"3 minuti\" \/>\n<script type=\"application\/ld+json\" class=\"yoast-schema-graph\">{\"@context\":\"https:\/\/schema.org\",\"@graph\":[{\"@type\":\"WebPage\",\"@id\":\"https:\/\/pelagos-sanctuary.org\/it\/foca-monaca\/\",\"url\":\"https:\/\/pelagos-sanctuary.org\/it\/foca-monaca\/\",\"name\":\"Foca Monaca - Pelagos Sanctuary\",\"isPartOf\":{\"@id\":\"https:\/\/pelagos-sanctuary.org\/it\/#website\"},\"datePublished\":\"2023-11-27T14:20:42+00:00\",\"dateModified\":\"2024-10-31T16:19:08+00:00\",\"description\":\"La foca monaca si \u00e8 storicamente diffusa lungo le coste del Mediterraneo, del Mar di Marmara e del Mar Nero, nonch\u00e9 lungo le coste africane dell'Atlantico e nelle isole Azzorre, Madeira, Canarie e Capo Verde...\",\"breadcrumb\":{\"@id\":\"https:\/\/pelagos-sanctuary.org\/it\/foca-monaca\/#breadcrumb\"},\"inLanguage\":\"it-IT\",\"potentialAction\":[{\"@type\":\"ReadAction\",\"target\":[\"https:\/\/pelagos-sanctuary.org\/it\/foca-monaca\/\"]}]},{\"@type\":\"BreadcrumbList\",\"@id\":\"https:\/\/pelagos-sanctuary.org\/it\/foca-monaca\/#breadcrumb\",\"itemListElement\":[{\"@type\":\"ListItem\",\"position\":1,\"name\":\"Home\",\"item\":\"https:\/\/pelagos-sanctuary.org\/it\/\"},{\"@type\":\"ListItem\",\"position\":2,\"name\":\"Foca Monaca\"}]},{\"@type\":\"WebSite\",\"@id\":\"https:\/\/pelagos-sanctuary.org\/it\/#website\",\"url\":\"https:\/\/pelagos-sanctuary.org\/it\/\",\"name\":\"Pelagos Sanctuary\",\"description\":\"sanctuary protecting marine mammals in the mediterranean sea\",\"potentialAction\":[{\"@type\":\"SearchAction\",\"target\":{\"@type\":\"EntryPoint\",\"urlTemplate\":\"https:\/\/pelagos-sanctuary.org\/it\/?s={search_term_string}\"},\"query-input\":\"required name=search_term_string\"}],\"inLanguage\":\"it-IT\"}]}<\/script>\n<!-- \/ Yoast SEO plugin. -->","yoast_head_json":{"title":"Foca Monaca - Pelagos Sanctuary","description":"La foca monaca si \u00e8 storicamente diffusa lungo le coste del Mediterraneo, del Mar di Marmara e del Mar Nero, nonch\u00e9 lungo le coste africane dell'Atlantico e nelle isole Azzorre, Madeira, Canarie e Capo Verde...","robots":{"index":"index","follow":"follow","max-snippet":"max-snippet:-1","max-image-preview":"max-image-preview:large","max-video-preview":"max-video-preview:-1"},"canonical":"https:\/\/pelagos-sanctuary.org\/it\/foca-monaca\/","og_locale":"it_IT","og_type":"article","og_title":"Foca Monaca - Pelagos Sanctuary","og_description":"La foca monaca si \u00e8 storicamente diffusa lungo le coste del Mediterraneo, del Mar di Marmara e del Mar Nero, nonch\u00e9 lungo le coste africane dell'Atlantico e nelle isole Azzorre, Madeira, Canarie e Capo Verde...","og_url":"https:\/\/pelagos-sanctuary.org\/it\/foca-monaca\/","og_site_name":"Pelagos Sanctuary","article_modified_time":"2024-10-31T16:19:08+00:00","twitter_card":"summary_large_image","twitter_misc":{"Tempo di lettura stimato":"3 minuti"},"schema":{"@context":"https:\/\/schema.org","@graph":[{"@type":"WebPage","@id":"https:\/\/pelagos-sanctuary.org\/it\/foca-monaca\/","url":"https:\/\/pelagos-sanctuary.org\/it\/foca-monaca\/","name":"Foca Monaca - Pelagos Sanctuary","isPartOf":{"@id":"https:\/\/pelagos-sanctuary.org\/it\/#website"},"datePublished":"2023-11-27T14:20:42+00:00","dateModified":"2024-10-31T16:19:08+00:00","description":"La foca monaca si \u00e8 storicamente diffusa lungo le coste del Mediterraneo, del Mar di Marmara e del Mar Nero, nonch\u00e9 lungo le coste africane dell'Atlantico e nelle isole Azzorre, Madeira, Canarie e Capo Verde...","breadcrumb":{"@id":"https:\/\/pelagos-sanctuary.org\/it\/foca-monaca\/#breadcrumb"},"inLanguage":"it-IT","potentialAction":[{"@type":"ReadAction","target":["https:\/\/pelagos-sanctuary.org\/it\/foca-monaca\/"]}]},{"@type":"BreadcrumbList","@id":"https:\/\/pelagos-sanctuary.org\/it\/foca-monaca\/#breadcrumb","itemListElement":[{"@type":"ListItem","position":1,"name":"Home","item":"https:\/\/pelagos-sanctuary.org\/it\/"},{"@type":"ListItem","position":2,"name":"Foca Monaca"}]},{"@type":"WebSite","@id":"https:\/\/pelagos-sanctuary.org\/it\/#website","url":"https:\/\/pelagos-sanctuary.org\/it\/","name":"Pelagos Sanctuary","description":"sanctuary protecting marine mammals in the mediterranean sea","potentialAction":[{"@type":"SearchAction","target":{"@type":"EntryPoint","urlTemplate":"https:\/\/pelagos-sanctuary.org\/it\/?s={search_term_string}"},"query-input":"required name=search_term_string"}],"inLanguage":"it-IT"}]}},"acf":[],"_links":{"self":[{"href":"https:\/\/pelagos-sanctuary.org\/it\/wp-json\/wp\/v2\/pages\/7925"}],"collection":[{"href":"https:\/\/pelagos-sanctuary.org\/it\/wp-json\/wp\/v2\/pages"}],"about":[{"href":"https:\/\/pelagos-sanctuary.org\/it\/wp-json\/wp\/v2\/types\/page"}],"author":[{"embeddable":true,"href":"https:\/\/pelagos-sanctuary.org\/it\/wp-json\/wp\/v2\/users\/1"}],"replies":[{"embeddable":true,"href":"https:\/\/pelagos-sanctuary.org\/it\/wp-json\/wp\/v2\/comments?post=7925"}],"version-history":[{"count":10,"href":"https:\/\/pelagos-sanctuary.org\/it\/wp-json\/wp\/v2\/pages\/7925\/revisions"}],"predecessor-version":[{"id":10494,"href":"https:\/\/pelagos-sanctuary.org\/it\/wp-json\/wp\/v2\/pages\/7925\/revisions\/10494"}],"wp:attachment":[{"href":"https:\/\/pelagos-sanctuary.org\/it\/wp-json\/wp\/v2\/media?parent=7925"}],"curies":[{"name":"wp","href":"https:\/\/api.w.org\/{rel}","templated":true}]}}