{"id":7858,"date":"2023-11-27T10:58:33","date_gmt":"2023-11-27T09:58:33","guid":{"rendered":"https:\/\/pelagos-sanctuary.org\/informativa-sulla-privacy\/"},"modified":"2024-01-02T10:45:41","modified_gmt":"2024-01-02T09:45:41","slug":"informativa-sulla-privacy","status":"publish","type":"page","link":"https:\/\/pelagos-sanctuary.org\/it\/informativa-sulla-privacy\/","title":{"rendered":"INFORMATIVA SULLA PRIVACY"},"content":{"rendered":"<p><div class=\"fusion-fullwidth fullwidth-box fusion-builder-row-1 fusion-flex-container has-pattern-background has-mask-background hundred-percent-fullwidth non-hundred-percent-height-scrolling\" style=\"--awb-border-radius-top-left:0px;--awb-border-radius-top-right:0px;--awb-border-radius-bottom-right:0px;--awb-border-radius-bottom-left:0px;--awb-padding-right:0px;--awb-padding-left:0px;--awb-flex-wrap:wrap;\" ><div class=\"fusion-builder-row fusion-row fusion-flex-align-items-flex-start fusion-flex-content-wrap\" style=\"width:104% !important;max-width:104% !important;margin-left: calc(-4% \/ 2 );margin-right: calc(-4% \/ 2 );\"><div class=\"fusion-layout-column fusion_builder_column fusion-builder-column-0 fusion_builder_column_1_1 1_1 fusion-flex-column\" style=\"--awb-bg-size:cover;--awb-width-large:100%;--awb-margin-top-large:0px;--awb-spacing-right-large:1.92%;--awb-margin-bottom-large:20px;--awb-spacing-left-large:1.92%;--awb-width-medium:100%;--awb-order-medium:0;--awb-spacing-right-medium:1.92%;--awb-spacing-left-medium:1.92%;--awb-width-small:100%;--awb-order-small:0;--awb-spacing-right-small:1.92%;--awb-spacing-left-small:1.92%;\"><div class=\"fusion-column-wrapper fusion-column-has-shadow fusion-flex-justify-content-flex-start fusion-content-layout-column\"><div class=\"fusion-image-element \" style=\"--awb-caption-title-font-family:var(--h2_typography-font-family);--awb-caption-title-font-weight:var(--h2_typography-font-weight);--awb-caption-title-font-style:var(--h2_typography-font-style);--awb-caption-title-size:var(--h2_typography-font-size);--awb-caption-title-transform:var(--h2_typography-text-transform);--awb-caption-title-line-height:var(--h2_typography-line-height);--awb-caption-title-letter-spacing:var(--h2_typography-letter-spacing);\"><span class=\" fusion-imageframe imageframe-none imageframe-1 hover-type-none\"><img decoding=\"async\" width=\"1920\" height=\"301\" title=\"Sans titre-11\" src=\"https:\/\/pelagos-sanctuary.org\/wp-content\/uploads\/2023\/11\/Sans-titre-11.jpg\" data-orig-src=\"https:\/\/pelagos-sanctuary.org\/wp-content\/uploads\/2023\/11\/Sans-titre-11.jpg\" alt class=\"lazyload img-responsive wp-image-6065\" srcset=\"data:image\/svg+xml,%3Csvg%20xmlns%3D%27http%3A%2F%2Fwww.w3.org%2F2000%2Fsvg%27%20width%3D%271920%27%20height%3D%27301%27%20viewBox%3D%270%200%201920%20301%27%3E%3Crect%20width%3D%271920%27%20height%3D%27301%27%20fill-opacity%3D%220%22%2F%3E%3C%2Fsvg%3E\" data-srcset=\"https:\/\/pelagos-sanctuary.org\/wp-content\/uploads\/2023\/11\/Sans-titre-11-200x31.jpg 200w, https:\/\/pelagos-sanctuary.org\/wp-content\/uploads\/2023\/11\/Sans-titre-11-400x63.jpg 400w, https:\/\/pelagos-sanctuary.org\/wp-content\/uploads\/2023\/11\/Sans-titre-11-600x94.jpg 600w, https:\/\/pelagos-sanctuary.org\/wp-content\/uploads\/2023\/11\/Sans-titre-11-800x125.jpg 800w, https:\/\/pelagos-sanctuary.org\/wp-content\/uploads\/2023\/11\/Sans-titre-11-1200x188.jpg 1200w, https:\/\/pelagos-sanctuary.org\/wp-content\/uploads\/2023\/11\/Sans-titre-11.jpg 1920w\" data-sizes=\"auto\" data-orig-sizes=\"(max-width: 1024px) 100vw, (max-width: 640px) 100vw, 1200px\" \/><\/span><\/div><\/div><\/div><\/div><\/div><div class=\"fusion-fullwidth fullwidth-box fusion-builder-row-2 fusion-flex-container has-pattern-background has-mask-background nonhundred-percent-fullwidth non-hundred-percent-height-scrolling\" style=\"--awb-border-radius-top-left:0px;--awb-border-radius-top-right:0px;--awb-border-radius-bottom-right:0px;--awb-border-radius-bottom-left:0px;--awb-flex-wrap:wrap;\" ><div class=\"fusion-builder-row fusion-row fusion-flex-align-items-flex-start fusion-flex-content-wrap\" style=\"max-width:1216.8px;margin-left: calc(-4% \/ 2 );margin-right: calc(-4% \/ 2 );\"><div class=\"fusion-layout-column fusion_builder_column fusion-builder-column-1 fusion_builder_column_1_1 1_1 fusion-flex-column\" style=\"--awb-padding-bottom:50px;--awb-bg-size:cover;--awb-width-large:100%;--awb-margin-top-large:0px;--awb-spacing-right-large:1.92%;--awb-margin-bottom-large:20px;--awb-spacing-left-large:1.92%;--awb-width-medium:100%;--awb-order-medium:0;--awb-spacing-right-medium:1.92%;--awb-spacing-left-medium:1.92%;--awb-width-small:100%;--awb-order-small:0;--awb-spacing-right-small:1.92%;--awb-spacing-left-small:1.92%;\"><div class=\"fusion-column-wrapper fusion-column-has-shadow fusion-flex-justify-content-flex-start fusion-content-layout-column\"><div class=\"fusion-title title fusion-title-1 fusion-sep-none fusion-title-text fusion-title-size-two\" style=\"--awb-margin-top:50px;\"><h2 class=\"fusion-title-heading title-heading-left\" style=\"margin:0;text-transform:uppercase;\"><b>DONAZIONE<\/b><\/h2><\/div><div class=\"fusion-text fusion-text-1\"><p><span style=\"font-weight: 400;\">Ai sensi dell\u2019art. dell\u2019art. 13 del Regolamento (UE) 2016\/679 (\u201cRegolamento Generale sulla Protezione dei Dati&#8221;, di seguito \u201cRegolamento\u201d) si informa che i dati personali forniti dagli utenti che procedono alla donazione saranno utilizzati al solo fine di soddisfare tale richiesta, in base all\u2019art. 6, comma 1, lett. b) del Regolamento.<\/span><\/p>\n<p><span style=\"font-weight: 400;\">I dati saranno trattati prevalentemente con mezzi informatici per la corretta gestione della donazione.<\/span><\/p>\n<p><span style=\"font-weight: 400;\">Il conferimento dei dati personali del Donatore (Nome, Cognome, e Indirizzo email) \u00e8 libera e facoltativa, tuttavia la mancata comunicazione non permetter\u00e0 di procedere alla donazione o alla possibilit\u00e0 di ringraziare il Donatore.<\/span><\/p>\n<p><span style=\"font-weight: 400;\">I dati del Donatore potranno essere accessibili e trattati dai dipendenti e collaboratori del Titolare del trattamento dei dati, nella loro qualit\u00e0 di incaricati del trattamento, oltre da eventuali soggetti terzi, (ad esempio i responsabili delle transazioni), che supportano il Titolare del trattamento nella gestione della donazione; i dati non verranno diffusi.<\/span><\/p>\n<p><span style=\"font-weight: 400;\">I dati cos\u00ec raccolti verranno conservati esclusivamente per adempiere agli obblighi di legge del titolare del trattamento. <\/span><\/p>\n<p><span style=\"font-weight: 400;\">Non appena l\u2019utente conferma la donazione la sessione di navigazione verr\u00e0 automaticamente trasferita sul sito https:\/\/tpeweb.e-transactions.fr\/, dove l\u2019utente potr\u00e0 completare il pagamento. <\/span><\/p>\n<p><span style=\"font-weight: 400;\">Agli utenti del sito web, in qualit\u00e0 di interessati, sono riconosciuti i diritti di cui agli articoli 15 e successivi del Regolamento e, tra questi, il diritto di chiedere al titolare del trattamento l\u2019accesso ai dati personali, la rettifica o la cancellazione degli stessi o la limitazione del trattamento dei dati personali che li riguardano o di opporsi al loro trattamento, oltre al diritto ad ottenere informazioni sull\u2019origine dei dati, le finalit\u00e0 e le modalit\u00e0 di raccolta e di ottenere la cancellazione o il blocco dei dati trattati in violazione di legge, rivolgendo le richieste al Titolare del trattamento, con una raccomandata indirizzata al SEGRETARIATO PERMANENTE DELL\u2019ACCORDO PELAGOS con sede legale in TOUR OD\u00c8ON B1 36, AVENUE DE L\u2019ANNONCIADE &#8211; MC 98000, MONACO.<\/span><\/p>\n<\/div><\/div><\/div><\/div><\/div><\/p>\n","protected":false},"excerpt":{"rendered":"","protected":false},"author":1,"featured_media":0,"parent":0,"menu_order":0,"comment_status":"closed","ping_status":"closed","template":"100-width.php","meta":[],"yoast_head":"<!-- This site is optimized with the Yoast SEO plugin v21.7 - https:\/\/yoast.com\/wordpress\/plugins\/seo\/ -->\n<title>INFORMATIVA SULLA PRIVACY - Pelagos Sanctuary<\/title>\n<meta name=\"robots\" content=\"noindex, follow\" \/>\n<meta property=\"og:locale\" content=\"it_IT\" \/>\n<meta property=\"og:type\" content=\"article\" \/>\n<meta property=\"og:title\" content=\"INFORMATIVA SULLA PRIVACY - Pelagos Sanctuary\" \/>\n<meta property=\"og:url\" content=\"https:\/\/pelagos-sanctuary.org\/it\/informativa-sulla-privacy\/\" \/>\n<meta property=\"og:site_name\" content=\"Pelagos Sanctuary\" \/>\n<meta property=\"article:modified_time\" content=\"2024-01-02T09:45:41+00:00\" \/>\n<meta name=\"twitter:card\" content=\"summary_large_image\" \/>\n<meta name=\"twitter:label1\" content=\"Tempo di lettura stimato\" \/>\n\t<meta name=\"twitter:data1\" content=\"2 minuti\" \/>\n<script type=\"application\/ld+json\" class=\"yoast-schema-graph\">{\"@context\":\"https:\/\/schema.org\",\"@graph\":[{\"@type\":\"WebPage\",\"@id\":\"https:\/\/pelagos-sanctuary.org\/it\/informativa-sulla-privacy\/\",\"url\":\"https:\/\/pelagos-sanctuary.org\/it\/informativa-sulla-privacy\/\",\"name\":\"INFORMATIVA SULLA PRIVACY - Pelagos Sanctuary\",\"isPartOf\":{\"@id\":\"https:\/\/pelagos-sanctuary.org\/it\/#website\"},\"datePublished\":\"2023-11-27T09:58:33+00:00\",\"dateModified\":\"2024-01-02T09:45:41+00:00\",\"breadcrumb\":{\"@id\":\"https:\/\/pelagos-sanctuary.org\/it\/informativa-sulla-privacy\/#breadcrumb\"},\"inLanguage\":\"it-IT\",\"potentialAction\":[{\"@type\":\"ReadAction\",\"target\":[\"https:\/\/pelagos-sanctuary.org\/it\/informativa-sulla-privacy\/\"]}]},{\"@type\":\"BreadcrumbList\",\"@id\":\"https:\/\/pelagos-sanctuary.org\/it\/informativa-sulla-privacy\/#breadcrumb\",\"itemListElement\":[{\"@type\":\"ListItem\",\"position\":1,\"name\":\"Home\",\"item\":\"https:\/\/pelagos-sanctuary.org\/it\/\"},{\"@type\":\"ListItem\",\"position\":2,\"name\":\"INFORMATIVA SULLA PRIVACY\"}]},{\"@type\":\"WebSite\",\"@id\":\"https:\/\/pelagos-sanctuary.org\/it\/#website\",\"url\":\"https:\/\/pelagos-sanctuary.org\/it\/\",\"name\":\"Pelagos Sanctuary\",\"description\":\"sanctuary protecting marine mammals in the mediterranean sea\",\"potentialAction\":[{\"@type\":\"SearchAction\",\"target\":{\"@type\":\"EntryPoint\",\"urlTemplate\":\"https:\/\/pelagos-sanctuary.org\/it\/?s={search_term_string}\"},\"query-input\":\"required name=search_term_string\"}],\"inLanguage\":\"it-IT\"}]}<\/script>\n<!-- \/ Yoast SEO plugin. -->","yoast_head_json":{"title":"INFORMATIVA SULLA PRIVACY - Pelagos Sanctuary","robots":{"index":"noindex","follow":"follow"},"og_locale":"it_IT","og_type":"article","og_title":"INFORMATIVA SULLA PRIVACY - Pelagos Sanctuary","og_url":"https:\/\/pelagos-sanctuary.org\/it\/informativa-sulla-privacy\/","og_site_name":"Pelagos Sanctuary","article_modified_time":"2024-01-02T09:45:41+00:00","twitter_card":"summary_large_image","twitter_misc":{"Tempo di lettura stimato":"2 minuti"},"schema":{"@context":"https:\/\/schema.org","@graph":[{"@type":"WebPage","@id":"https:\/\/pelagos-sanctuary.org\/it\/informativa-sulla-privacy\/","url":"https:\/\/pelagos-sanctuary.org\/it\/informativa-sulla-privacy\/","name":"INFORMATIVA SULLA PRIVACY - Pelagos Sanctuary","isPartOf":{"@id":"https:\/\/pelagos-sanctuary.org\/it\/#website"},"datePublished":"2023-11-27T09:58:33+00:00","dateModified":"2024-01-02T09:45:41+00:00","breadcrumb":{"@id":"https:\/\/pelagos-sanctuary.org\/it\/informativa-sulla-privacy\/#breadcrumb"},"inLanguage":"it-IT","potentialAction":[{"@type":"ReadAction","target":["https:\/\/pelagos-sanctuary.org\/it\/informativa-sulla-privacy\/"]}]},{"@type":"BreadcrumbList","@id":"https:\/\/pelagos-sanctuary.org\/it\/informativa-sulla-privacy\/#breadcrumb","itemListElement":[{"@type":"ListItem","position":1,"name":"Home","item":"https:\/\/pelagos-sanctuary.org\/it\/"},{"@type":"ListItem","position":2,"name":"INFORMATIVA SULLA PRIVACY"}]},{"@type":"WebSite","@id":"https:\/\/pelagos-sanctuary.org\/it\/#website","url":"https:\/\/pelagos-sanctuary.org\/it\/","name":"Pelagos Sanctuary","description":"sanctuary protecting marine mammals in the mediterranean sea","potentialAction":[{"@type":"SearchAction","target":{"@type":"EntryPoint","urlTemplate":"https:\/\/pelagos-sanctuary.org\/it\/?s={search_term_string}"},"query-input":"required name=search_term_string"}],"inLanguage":"it-IT"}]}},"acf":[],"_links":{"self":[{"href":"https:\/\/pelagos-sanctuary.org\/it\/wp-json\/wp\/v2\/pages\/7858"}],"collection":[{"href":"https:\/\/pelagos-sanctuary.org\/it\/wp-json\/wp\/v2\/pages"}],"about":[{"href":"https:\/\/pelagos-sanctuary.org\/it\/wp-json\/wp\/v2\/types\/page"}],"author":[{"embeddable":true,"href":"https:\/\/pelagos-sanctuary.org\/it\/wp-json\/wp\/v2\/users\/1"}],"replies":[{"embeddable":true,"href":"https:\/\/pelagos-sanctuary.org\/it\/wp-json\/wp\/v2\/comments?post=7858"}],"version-history":[{"count":4,"href":"https:\/\/pelagos-sanctuary.org\/it\/wp-json\/wp\/v2\/pages\/7858\/revisions"}],"predecessor-version":[{"id":8311,"href":"https:\/\/pelagos-sanctuary.org\/it\/wp-json\/wp\/v2\/pages\/7858\/revisions\/8311"}],"wp:attachment":[{"href":"https:\/\/pelagos-sanctuary.org\/it\/wp-json\/wp\/v2\/media?parent=7858"}],"curies":[{"name":"wp","href":"https:\/\/api.w.org\/{rel}","templated":true}]}}