{"id":7848,"date":"2023-01-30T10:54:08","date_gmt":"2023-01-30T09:54:08","guid":{"rendered":"https:\/\/pelagos-sanctuary.org\/informativa-sulla-privacy-dei-dati\/"},"modified":"2024-01-02T10:46:29","modified_gmt":"2024-01-02T09:46:29","slug":"informativa-sulla-privacy-dei-dati","status":"publish","type":"page","link":"https:\/\/pelagos-sanctuary.org\/it\/informativa-sulla-privacy-dei-dati\/","title":{"rendered":"Informativa sulla privacy dei dati"},"content":{"rendered":"<p><div class=\"fusion-fullwidth fullwidth-box fusion-builder-row-1 fusion-flex-container has-pattern-background has-mask-background hundred-percent-fullwidth non-hundred-percent-height-scrolling\" style=\"--awb-border-sizes-left:0px;--awb-border-sizes-right:0px;--awb-border-radius-top-left:0px;--awb-border-radius-top-right:0px;--awb-border-radius-bottom-right:0px;--awb-border-radius-bottom-left:0px;--awb-padding-top:0px;--awb-padding-right:0px;--awb-padding-left:0px;--awb-min-height:80px;--awb-flex-wrap:wrap;\" ><div class=\"fusion-builder-row fusion-row fusion-flex-align-items-flex-start fusion-flex-content-wrap\" style=\"width:104% !important;max-width:104% !important;margin-left: calc(-4% \/ 2 );margin-right: calc(-4% \/ 2 );\"><div class=\"fusion-layout-column fusion_builder_column fusion-builder-column-0 fusion_builder_column_1_1 1_1 fusion-flex-column\" style=\"--awb-bg-size:cover;--awb-width-large:100%;--awb-margin-top-large:0px;--awb-spacing-right-large:1.92%;--awb-margin-bottom-large:20px;--awb-spacing-left-large:1.92%;--awb-width-medium:100%;--awb-order-medium:0;--awb-spacing-right-medium:1.92%;--awb-spacing-left-medium:1.92%;--awb-width-small:100%;--awb-order-small:0;--awb-spacing-right-small:1.92%;--awb-spacing-left-small:1.92%;\"><div class=\"fusion-column-wrapper fusion-column-has-shadow fusion-flex-justify-content-flex-start fusion-content-layout-column\"><div class=\"fusion-image-element \" style=\"--awb-caption-title-font-family:var(--h2_typography-font-family);--awb-caption-title-font-weight:var(--h2_typography-font-weight);--awb-caption-title-font-style:var(--h2_typography-font-style);--awb-caption-title-size:var(--h2_typography-font-size);--awb-caption-title-transform:var(--h2_typography-text-transform);--awb-caption-title-line-height:var(--h2_typography-line-height);--awb-caption-title-letter-spacing:var(--h2_typography-letter-spacing);\"><span class=\" fusion-imageframe imageframe-none imageframe-1 hover-type-none\"><img decoding=\"async\" width=\"1886\" height=\"519\" title=\"background\" src=\"https:\/\/pelagos-sanctuary.org\/wp-content\/uploads\/2017\/02\/background.jpg\" data-orig-src=\"https:\/\/pelagos-sanctuary.org\/wp-content\/uploads\/2017\/02\/background.jpg\" alt class=\"lazyload img-responsive wp-image-4798\" srcset=\"data:image\/svg+xml,%3Csvg%20xmlns%3D%27http%3A%2F%2Fwww.w3.org%2F2000%2Fsvg%27%20width%3D%271886%27%20height%3D%27519%27%20viewBox%3D%270%200%201886%20519%27%3E%3Crect%20width%3D%271886%27%20height%3D%27519%27%20fill-opacity%3D%220%22%2F%3E%3C%2Fsvg%3E\" data-srcset=\"https:\/\/pelagos-sanctuary.org\/wp-content\/uploads\/2017\/02\/background-200x55.jpg 200w, https:\/\/pelagos-sanctuary.org\/wp-content\/uploads\/2017\/02\/background-400x110.jpg 400w, https:\/\/pelagos-sanctuary.org\/wp-content\/uploads\/2017\/02\/background-600x165.jpg 600w, https:\/\/pelagos-sanctuary.org\/wp-content\/uploads\/2017\/02\/background-800x220.jpg 800w, https:\/\/pelagos-sanctuary.org\/wp-content\/uploads\/2017\/02\/background-1200x330.jpg 1200w, https:\/\/pelagos-sanctuary.org\/wp-content\/uploads\/2017\/02\/background.jpg 1886w\" data-sizes=\"auto\" data-orig-sizes=\"(max-width: 1024px) 100vw, (max-width: 640px) 100vw, 1200px\" \/><\/span><\/div><\/div><\/div><\/div><\/div><div class=\"fusion-fullwidth fullwidth-box fusion-builder-row-2 fusion-flex-container has-pattern-background has-mask-background nonhundred-percent-fullwidth non-hundred-percent-height-scrolling\" style=\"--awb-border-radius-top-left:0px;--awb-border-radius-top-right:0px;--awb-border-radius-bottom-right:0px;--awb-border-radius-bottom-left:0px;--awb-flex-wrap:wrap;\" ><div class=\"fusion-builder-row fusion-row fusion-flex-align-items-flex-start fusion-flex-content-wrap\" style=\"max-width:1216.8px;margin-left: calc(-4% \/ 2 );margin-right: calc(-4% \/ 2 );\"><div class=\"fusion-layout-column fusion_builder_column fusion-builder-column-1 fusion_builder_column_1_1 1_1 fusion-flex-column\" style=\"--awb-bg-size:cover;--awb-width-large:100%;--awb-margin-top-large:50px;--awb-spacing-right-large:1.92%;--awb-margin-bottom-large:20px;--awb-spacing-left-large:1.92%;--awb-width-medium:100%;--awb-order-medium:0;--awb-spacing-right-medium:1.92%;--awb-spacing-left-medium:1.92%;--awb-width-small:100%;--awb-order-small:0;--awb-spacing-right-small:1.92%;--awb-spacing-left-small:1.92%;\"><div class=\"fusion-column-wrapper fusion-column-has-shadow fusion-flex-justify-content-flex-start fusion-content-layout-column\"><div class=\"fusion-text fusion-text-1\"><p><b>lINFORMAZIONE SUL TRATTAMENTO DEI DATI PERSONALI<\/b><\/p>\n<p><b>Degli utenti che consultano il sito <\/b><\/p>\n<p><span style=\"font-weight: 400;\">La presente informativa \u00e8 resa ai sensi dell\u2019art. 13 del Regolamento (UE) 2016\/679 (\u201cRegolamento generale sulla protezione dei dati&#8221;, di seguito \u201cRegolamento\u201d) nonch\u00e9 ai sensi della Raccomandazione n. 2\/2001 adottata dal Gruppo di lavoro istituito dall\u2019art. 29 della direttiva n. 95\/46\/CE e desidera informare i visitatori del sito circa l\u2019utilizzo dei dati personali inseriti o lasciati con la navigazione.<\/span><\/p>\n<p><span style=\"font-weight: 400;\">Utilizzando uno qualsiasi dei nostri servizi e\/o accettando la presente Informativa, si acconsente alla raccolta e all&#8217;uso delle Informazioni personali come descritto di seguito.<\/span><\/p>\n<p><span style=\"font-weight: 400;\">L\u2019informativa \u00e8 resa esclusivamente per il sito di propriet\u00e0 del SEGRETARIATO PERMANENTE DELL\u2019ACCORDO PELAGOS (di seguito anche PELAGOS) all\u2019indirizzo www.pelagos-sanctuary.org, e non per altri siti web eventualmente consultati dall\u2019utente tramite link.<\/span><\/p>\n<p><b>\u201cTITOLARE\u201d DEL TRATTAMENTO DEI DATI<\/b><\/p>\n<p><span style=\"font-weight: 400;\">Il titolare del trattamento dei dati \u00e8 il SEGRETARIATO PERMANENTE DELL\u2019ACCORDO PELAGOS con sede legale in Tour Od\u00e9on B1 36, avenue de l&#8217;Annonciade &#8211; MC &#8211; 98000 Monaco.<\/span><\/p>\n<p><b>LUOGO DEL TRATTAMENTO DEI DATI<\/b><\/p>\n<p><span style=\"font-weight: 400;\">Il trattamento relativo ai servizi web di questo sito ha luogo sia presso la sede legale che presso le sedi operative. Il trattamento \u00e8 affidato esclusivamente a personale incaricato, sia interno che esterno con funzioni occasionali di operazioni di manutenzione del sistema.<\/span><\/p>\n<p><span style=\"font-weight: 400;\">Nessun dato derivante dal servizio web viene diffuso o comunicato a terzi, salvo necessit\u00e0 tecniche o richieste dell\u2019Autorit\u00e0 Giudiziaria, come meglio illustrato di seguito.<\/span><\/p>\n<p><b>DATI TRATTATI<\/b><\/p>\n<p><span style=\"font-weight: 400;\">PELAGOS raccoglie dati personali attraverso il sito quando viene compilato il formulario relativo alla donazione, il formulario relativo all\u2019adesione del codice di buona condotta (Ambasciatore Pelagos), o quando vengono inviate comunicazioni a mezzo e-mail all\u2019indirizzzo presente nella home page.<\/span><\/p>\n<p><span style=\"font-weight: 400;\">Per dato personale si intende qualsiasi informazione riguardante una persona fisica identificata o identificabile con particolare riferimento ad un identificativo come il nome, un identificativo online o uno o pi\u00f9 elementi caratteristici della sua identit\u00e0 fisica, fisiologica, psichica, economica culturale o sociale.<\/span><\/p>\n<p><span style=\"font-weight: 400;\">Durante la navigazione nel sito i dati personali raccolti possono essere:<\/span><\/p>\n<p><b>Dati di navigazione<\/b><\/p>\n<p><span style=\"font-weight: 400;\">I sistemi informatici e le procedure software preposte al funzionamento di questo sito web acquisiscono, nel corso del loro normale esercizio, alcuni dati personali la cui trasmissione \u00e8 implicita nell\u2019uso dei protocolli di comunicazione di internet. Tali informazioni non sono raccolte per essere associate a soggetti interessati identificati, ma per loro stessa natura potrebbero, attraverso elaborazioni ed associazioni con dati detenuti da terzi, permettere di identificare gli utenti. In questa categoria di dati rientrano gli indirizzi IP o i nomi a dominio dei computer utilizzati dagli utenti che si connettono al sito, gli indirizzi in notazione URI (Uniform resource Identifier) delle risorse richieste, l\u2019orario della richiesta, il metodo utilizzato nel sottoporre la richiesta al server, la dimensione del file ottenuto in risposta, il codice numerico indicante lo stato della risposta data dal server (buon fine, errore&#8230;.) ed altri parametri relativi al sistema operativo e all\u2019ambiente informatico dell\u2019utente.<\/span><\/p>\n<p><b>Dati forniti volontariamente<\/b><\/p>\n<p><span style=\"font-weight: 400;\">Attraverso il sito si ha la possibilit\u00e0 di rilasciare volontariamente alcuni dati come il nome, il cognome, e l\u2019indirizzo mail, tramite il formulario presente alla pagina \u201cDONA\u201d oppure inoltrando un messaggio di posta elettronica all\u2019indirizzo presente sul sito.<\/span><\/p>\n<p><span style=\"font-weight: 400;\">PELAGOS tratter\u00e0 questi dati nel pieno rispetto della normativa, assumendo che siano riferiti all\u2019utente o a soggetti terzi che ne abbiano concesso opportuna autorizzazione al trattamento.<\/span><\/p>\n<p><b>Cookie e Tecnologie Affini<\/b><\/p>\n<p><span style=\"font-weight: 400;\">Pelagos raccoglie dati personali attraverso l\u2019utilizzo di cookies. Maggiori informazioni sull\u2019uso di queste tecnologie sono illustrate nel link seguente: Cookie Policy <\/span><span style=\"font-weight: 400;\">link<\/span><span style=\"font-weight: 400;\">.<\/span><\/p>\n<p><b>FINALIT\u00c0 DEL TRATTAMENTO DEI DATI <\/b><\/p>\n<ul>\n<li style=\"font-weight: 400;\" aria-level=\"1\"><span style=\"font-weight: 400;\">Finalit\u00e0 di risposta alle richieste di informazioni, comprese quelle inviate via e-mail al contatto indicato sul sito.<\/span><\/li>\n<li style=\"font-weight: 400;\" aria-level=\"1\"><span style=\"font-weight: 400;\">Finalit\u00e0 inerenti l\u2019esecuzione di un contratto di cui l\u2019utente \u00e8 parte, come ad esempio una sua donazione. La base giuridica \u00e8 l\u2019erogazione di un servizio o il riscontro ad una richiesta e non richiede il consenso. Non comporta il trattamento di dati personali. Non comporta il trattamento di dati personali.<\/span><\/li>\n<li style=\"font-weight: 400;\" aria-level=\"1\"><span style=\"font-weight: 400;\">Finalit\u00e0 connesse agli obblighi di legge a cui PELAGOS \u00e8 soggetta, come la gestione amministrativa della donazione. Trattamento legittimo ai sensi della Normativa vigente.<\/span><\/li>\n<li style=\"font-weight: 400;\" aria-level=\"1\"><span style=\"font-weight: 400;\">Finalit\u00e0 necessarie ad accertare, esercitare o difendere un diritto in sede giudiziaria. Trattamento legittimo ai sensi della Normativa vigente.<\/span><\/li>\n<li style=\"font-weight: 400;\" aria-level=\"1\"><span style=\"font-weight: 400;\">Il trattamento dei dati per le finalit\u00e0 di cui sopra \u00e8 necessario: senza di esso non sar\u00e0 possibile dar seguito alle richieste dell\u2019utente.<\/span><\/li>\n<li style=\"font-weight: 400;\" aria-level=\"1\"><span style=\"font-weight: 400;\">Finalit\u00e0 derivanti dall\u2019invio della Newsletter per il quale verr\u00e0 raccolto il consenso esplicito dell\u2019utente.<\/span><\/li>\n<\/ul>\n<p><b>DESTINATARI DEI DATI <\/b><\/p>\n<p><span style=\"font-weight: 400;\">Nessun dato derivante dal servizio web (pertanto i dati di navigazione sopra specificati e cookies) viene comunicato o diffuso (salvo la comunicazione ad organi giudiziari o di polizia, se necessario). I dati sono trattati da personale appositamente incaricato del trattamento dei dati (personale amministrativo e addetti alle pubbliche relazioni, anche esterni alla Societ\u00e0). Possono essere trattati, inoltre, da responsabili del trattamento designati ai sensi dell\u2019articolo 28 del Regolamento (ad esempio, fornitori di servizi di sviluppo, erogazione e gestione operativa delle piattaforme tecnologiche impiegate). Le societ\u00e0 esterne possono trattare i dati anche attraverso soggetti appositamente incaricati che possono svolgere le stesse attivit\u00e0 e trattare i dati per le stesse finalit\u00e0 per le quali i responsabili sono stati nominati dal Titolare del Trattamento. I dati forniti dall\u2019utente potranno essere comunicati ai soggetti per i quali sussista un obbligo di comunicazione ai sensi di legge o una necessit\u00e0 di comunicazione per far valere un legittimo diritto della societ\u00e0 presso le autorit\u00e0 competenti.<\/span><\/p>\n<p><b>TEMPI DI CONSERVAZIONE <\/b><\/p>\n<p><span style=\"font-weight: 400;\">PELAGOS tratter\u00e0 i dati dell\u2019Utente per il tempo strettamente necessario a raggiungere gli scopi previsti nelle finalit\u00e0 sopra indicate e garantisce che il trattamento elettronico e cartaceo dei dati dell\u2019utente da parte di destinatari avviene nel pieno rispetto delle normative.<\/span><\/p>\n<p><span style=\"font-weight: 400;\">L\u2019utente pu\u00f2, in qualsiasi momento, richiedere l\u2019interruzione del Trattamento o la cancellazione e\/o la limitazione dei suoi dati.<\/span><\/p>\n<p><b>TRASFERIMENTO DEI DATI<\/b><\/p>\n<p><span style=\"font-weight: 400;\">Il Titolare del trattamento non trasferisce i dati personali a paesi terzi o a organizzazioni internazionali.<\/span><\/p>\n<p><b>DIRITTI DEGLI INTERESSATI<\/b><\/p>\n<p><span style=\"font-weight: 400;\">Gli interessati hanno il diritto di ottenere dal Titolare del trattamento, nei casi previsti, l&#8217;accesso ai dati personali e la rettifica o la cancellazione degli stessi o la limitazione del trattamento che li riguarda o di opporsi al trattamento (artt. 15 e ss. del Regolamento). L\u2019interessato pu\u00f2 esercitare i suoi diritti scrivendo al Titolare del trattamento al seguente indirizzo: SEGRETARIATO PERMANENTE DELL\u2019ACCORDO PELAGOS con sede legale in Tour Od\u00e9on B1 36, avenue de l&#8217;Annonciade &#8211; MC &#8211; 98000 Monaco oppure inviando una mail ordinaria all\u2019indirizzo <\/span><a href=\"mailto:secretariat@pelagossanctuary.org\"><span style=\"font-weight: 400;\">secretariat@pelagossanctuary.org<\/span><\/a><span style=\"font-weight: 400;\">.<\/span><\/p>\n<p><b>INFORMAZIONI NON CONTENUTE IN QUESTA INFORMATIVA <\/b><\/p>\n<p><span style=\"font-weight: 400;\">Maggiori informazioni in relazione al trattamento dei Dati Personali potranno essere richieste in qualsiasi momento al Titolare del Trattamento utilizzando le informazioni di contatto.<\/span><\/p>\n<p><b>MODIFICHE A QUESTA INFORMATIVA SULLA PRIVACY <\/b><\/p>\n<p><span style=\"font-weight: 400;\">Il Titolare del Trattamento si riserva il diritto di apportare modifiche alla presente informativa sulla privacy in qualunque momento rendendolo noto all\u2019utenza su questa pagina. Si prega pertanto di consultare spesso la pagina, prendendo come riferimento la data dell\u2019ultima modifica indicata in calce. Nel caso di mancata accettazione delle modifiche apportate alla presente informativa sulla privacy, l\u2019Utente \u00e8 tenuto a cessare l\u2019utilizzo di questo sito web e pu\u00f2 richiedere al Titolare del Trattamento di rimuovere i propri Dati Personali, salvo quanto diversamente specificato. <\/span><\/p>\n<p><span style=\"font-weight: 400;\">Questa informativa sulla privacy riguarda esclusivamente questo sito web.<\/span><\/p>\n<p><b>Validit\u00e0 dell\u2019informativa <\/b><\/p>\n<p><span style=\"font-weight: 400;\">L\u2019eventuale entrata in vigore di nuove normative di settore, l&#8217;aggiornamento delle varie tipologie di cookie o le innovazioni tecnologiche potrebbero richiedere la necessit\u00e0 di modificare la presente informativa. \u00c8 pertanto possibile che essa venga modificata nel tempo. Si invita quindi l\u2019utente a consultare periodicamente questa pagina.<\/span><\/p>\n<p><span style=\"font-weight: 400;\">Considerando che lo stato di perfezionamento dei meccanismi automatici di controllo non li rende attualmente esenti da errori e disfunzioni, si precisa che il presente documento, pubblicato all\u2019indirizzo:<\/span><\/p>\n<p><a href=\"http:\/\/www.pelagos-sanctuary.org\"><span style=\"font-weight: 400;\">www.pelagos-sanctuary.org<\/span><\/a><\/p>\n<p><span style=\"font-weight: 400;\">costituisce la \u201cPolitica sulla Privacy\u201d di questo sito che sar\u00e0 soggetta ad aggiornamenti.<\/span><\/p>\n<p><span style=\"font-weight: 400;\">Ultimo aggiornamento : Novembre 2023<\/span><\/p>\n<\/div><\/div><\/div><\/div><\/div><\/p>\n","protected":false},"excerpt":{"rendered":"","protected":false},"author":1,"featured_media":0,"parent":0,"menu_order":0,"comment_status":"closed","ping_status":"open","template":"100-width.php","meta":[],"yoast_head":"<!-- This site is optimized with the Yoast SEO plugin v21.7 - https:\/\/yoast.com\/wordpress\/plugins\/seo\/ -->\n<title>Informativa sulla privacy dei dati - Pelagos Sanctuary<\/title>\n<meta name=\"robots\" content=\"noindex, follow\" \/>\n<meta property=\"og:locale\" content=\"it_IT\" \/>\n<meta property=\"og:type\" content=\"article\" \/>\n<meta property=\"og:title\" content=\"Informativa sulla privacy dei dati - Pelagos Sanctuary\" \/>\n<meta property=\"og:url\" content=\"https:\/\/pelagos-sanctuary.org\/it\/informativa-sulla-privacy-dei-dati\/\" \/>\n<meta property=\"og:site_name\" content=\"Pelagos Sanctuary\" \/>\n<meta property=\"article:modified_time\" content=\"2024-01-02T09:46:29+00:00\" \/>\n<meta name=\"twitter:card\" content=\"summary_large_image\" \/>\n<meta name=\"twitter:label1\" content=\"Tempo di lettura stimato\" \/>\n\t<meta name=\"twitter:data1\" content=\"6 minuti\" \/>\n<script type=\"application\/ld+json\" class=\"yoast-schema-graph\">{\"@context\":\"https:\/\/schema.org\",\"@graph\":[{\"@type\":\"WebPage\",\"@id\":\"https:\/\/pelagos-sanctuary.org\/it\/informativa-sulla-privacy-dei-dati\/\",\"url\":\"https:\/\/pelagos-sanctuary.org\/it\/informativa-sulla-privacy-dei-dati\/\",\"name\":\"Informativa sulla privacy dei dati - Pelagos Sanctuary\",\"isPartOf\":{\"@id\":\"https:\/\/pelagos-sanctuary.org\/it\/#website\"},\"datePublished\":\"2023-01-30T09:54:08+00:00\",\"dateModified\":\"2024-01-02T09:46:29+00:00\",\"breadcrumb\":{\"@id\":\"https:\/\/pelagos-sanctuary.org\/it\/informativa-sulla-privacy-dei-dati\/#breadcrumb\"},\"inLanguage\":\"it-IT\",\"potentialAction\":[{\"@type\":\"ReadAction\",\"target\":[\"https:\/\/pelagos-sanctuary.org\/it\/informativa-sulla-privacy-dei-dati\/\"]}]},{\"@type\":\"BreadcrumbList\",\"@id\":\"https:\/\/pelagos-sanctuary.org\/it\/informativa-sulla-privacy-dei-dati\/#breadcrumb\",\"itemListElement\":[{\"@type\":\"ListItem\",\"position\":1,\"name\":\"Home\",\"item\":\"https:\/\/pelagos-sanctuary.org\/it\/\"},{\"@type\":\"ListItem\",\"position\":2,\"name\":\"Informativa sulla privacy dei dati\"}]},{\"@type\":\"WebSite\",\"@id\":\"https:\/\/pelagos-sanctuary.org\/it\/#website\",\"url\":\"https:\/\/pelagos-sanctuary.org\/it\/\",\"name\":\"Pelagos Sanctuary\",\"description\":\"sanctuary protecting marine mammals in the mediterranean sea\",\"potentialAction\":[{\"@type\":\"SearchAction\",\"target\":{\"@type\":\"EntryPoint\",\"urlTemplate\":\"https:\/\/pelagos-sanctuary.org\/it\/?s={search_term_string}\"},\"query-input\":\"required name=search_term_string\"}],\"inLanguage\":\"it-IT\"}]}<\/script>\n<!-- \/ Yoast SEO plugin. -->","yoast_head_json":{"title":"Informativa sulla privacy dei dati - Pelagos Sanctuary","robots":{"index":"noindex","follow":"follow"},"og_locale":"it_IT","og_type":"article","og_title":"Informativa sulla privacy dei dati - Pelagos Sanctuary","og_url":"https:\/\/pelagos-sanctuary.org\/it\/informativa-sulla-privacy-dei-dati\/","og_site_name":"Pelagos Sanctuary","article_modified_time":"2024-01-02T09:46:29+00:00","twitter_card":"summary_large_image","twitter_misc":{"Tempo di lettura stimato":"6 minuti"},"schema":{"@context":"https:\/\/schema.org","@graph":[{"@type":"WebPage","@id":"https:\/\/pelagos-sanctuary.org\/it\/informativa-sulla-privacy-dei-dati\/","url":"https:\/\/pelagos-sanctuary.org\/it\/informativa-sulla-privacy-dei-dati\/","name":"Informativa sulla privacy dei dati - Pelagos Sanctuary","isPartOf":{"@id":"https:\/\/pelagos-sanctuary.org\/it\/#website"},"datePublished":"2023-01-30T09:54:08+00:00","dateModified":"2024-01-02T09:46:29+00:00","breadcrumb":{"@id":"https:\/\/pelagos-sanctuary.org\/it\/informativa-sulla-privacy-dei-dati\/#breadcrumb"},"inLanguage":"it-IT","potentialAction":[{"@type":"ReadAction","target":["https:\/\/pelagos-sanctuary.org\/it\/informativa-sulla-privacy-dei-dati\/"]}]},{"@type":"BreadcrumbList","@id":"https:\/\/pelagos-sanctuary.org\/it\/informativa-sulla-privacy-dei-dati\/#breadcrumb","itemListElement":[{"@type":"ListItem","position":1,"name":"Home","item":"https:\/\/pelagos-sanctuary.org\/it\/"},{"@type":"ListItem","position":2,"name":"Informativa sulla privacy dei dati"}]},{"@type":"WebSite","@id":"https:\/\/pelagos-sanctuary.org\/it\/#website","url":"https:\/\/pelagos-sanctuary.org\/it\/","name":"Pelagos Sanctuary","description":"sanctuary protecting marine mammals in the mediterranean sea","potentialAction":[{"@type":"SearchAction","target":{"@type":"EntryPoint","urlTemplate":"https:\/\/pelagos-sanctuary.org\/it\/?s={search_term_string}"},"query-input":"required name=search_term_string"}],"inLanguage":"it-IT"}]}},"acf":[],"_links":{"self":[{"href":"https:\/\/pelagos-sanctuary.org\/it\/wp-json\/wp\/v2\/pages\/7848"}],"collection":[{"href":"https:\/\/pelagos-sanctuary.org\/it\/wp-json\/wp\/v2\/pages"}],"about":[{"href":"https:\/\/pelagos-sanctuary.org\/it\/wp-json\/wp\/v2\/types\/page"}],"author":[{"embeddable":true,"href":"https:\/\/pelagos-sanctuary.org\/it\/wp-json\/wp\/v2\/users\/1"}],"replies":[{"embeddable":true,"href":"https:\/\/pelagos-sanctuary.org\/it\/wp-json\/wp\/v2\/comments?post=7848"}],"version-history":[{"count":3,"href":"https:\/\/pelagos-sanctuary.org\/it\/wp-json\/wp\/v2\/pages\/7848\/revisions"}],"predecessor-version":[{"id":7851,"href":"https:\/\/pelagos-sanctuary.org\/it\/wp-json\/wp\/v2\/pages\/7848\/revisions\/7851"}],"wp:attachment":[{"href":"https:\/\/pelagos-sanctuary.org\/it\/wp-json\/wp\/v2\/media?parent=7848"}],"curies":[{"name":"wp","href":"https:\/\/api.w.org\/{rel}","templated":true}]}}