{"id":8116,"date":"2023-12-14T00:15:15","date_gmt":"2023-12-13T23:15:15","guid":{"rendered":"https:\/\/pelagos-sanctuary.org\/charte-de-partenariat-pelagos\/"},"modified":"2024-11-04T18:19:30","modified_gmt":"2024-11-04T17:19:30","slug":"charte-de-partenariat-pelagos","status":"publish","type":"page","link":"https:\/\/pelagos-sanctuary.org\/fr\/charte-de-partenariat-pelagos\/","title":{"rendered":"Charte de Partenariat Pelagos"},"content":{"rendered":"<p><div class=\"fusion-fullwidth fullwidth-box fusion-builder-row-1 fusion-flex-container hundred-percent-fullwidth non-hundred-percent-height-scrolling\" style=\"--awb-background-position:left top;--awb-border-sizes-top:0px;--awb-border-sizes-bottom:0px;--awb-border-sizes-left:0px;--awb-border-sizes-right:0px;--awb-border-radius-top-left:0px;--awb-border-radius-top-right:0px;--awb-border-radius-bottom-right:0px;--awb-border-radius-bottom-left:0px;--awb-padding-top:0px;--awb-padding-right:0px;--awb-padding-bottom:0px;--awb-padding-left:0px;--awb-flex-wrap:wrap;\" ><div class=\"fusion-builder-row fusion-row fusion-flex-align-items-stretch fusion-flex-content-wrap\" style=\"width:calc( 100% + 0px ) !important;max-width:calc( 100% + 0px ) !important;margin-left: calc(-0px \/ 2 );margin-right: calc(-0px \/ 2 );\"><div class=\"fusion-layout-column fusion_builder_column fusion-builder-column-0 fusion_builder_column_1_2 1_2 fusion-flex-column\" style=\"--awb-padding-top:100px;--awb-padding-right:5%;--awb-padding-bottom:100px;--awb-padding-left:10%;--awb-bg-color:#eaeff3;--awb-bg-color-hover:#eaeff3;--awb-bg-blend:overlay;--awb-bg-size:cover;--awb-width-large:50%;--awb-margin-top-large:0px;--awb-spacing-right-large:0px;--awb-margin-bottom-large:0px;--awb-spacing-left-large:0px;--awb-width-medium:100%;--awb-order-medium:0;--awb-spacing-right-medium:0px;--awb-spacing-left-medium:0px;--awb-width-small:100%;--awb-order-small:0;--awb-spacing-right-small:0px;--awb-spacing-left-small:0px;\" data-motion-effects=\"[{&quot;type&quot;:&quot;&quot;,&quot;scroll_type&quot;:&quot;transition&quot;,&quot;scroll_direction&quot;:&quot;up&quot;,&quot;transition_speed&quot;:&quot;1&quot;,&quot;fade_type&quot;:&quot;in&quot;,&quot;scale_type&quot;:&quot;up&quot;,&quot;initial_scale&quot;:&quot;1&quot;,&quot;max_scale&quot;:&quot;1.5&quot;,&quot;min_scale&quot;:&quot;0.5&quot;,&quot;initial_rotate&quot;:&quot;0&quot;,&quot;end_rotate&quot;:&quot;30&quot;,&quot;initial_blur&quot;:&quot;0&quot;,&quot;end_blur&quot;:&quot;3&quot;,&quot;start_element&quot;:&quot;top&quot;,&quot;start_viewport&quot;:&quot;bottom&quot;,&quot;end_element&quot;:&quot;bottom&quot;,&quot;end_viewport&quot;:&quot;top&quot;,&quot;mouse_effect&quot;:&quot;track&quot;,&quot;mouse_effect_direction&quot;:&quot;opposite&quot;,&quot;mouse_effect_speed&quot;:&quot;2&quot;,&quot;infinite_animation&quot;:&quot;float&quot;,&quot;infinite_animation_speed&quot;:&quot;2&quot;}]\" data-scroll-devices=\"small-visibility,medium-visibility,large-visibility\"><div class=\"fusion-column-wrapper fusion-column-has-shadow fusion-flex-justify-content-center fusion-content-layout-column\"><div class=\"fusion-title title fusion-title-1 fusion-sep-none fusion-title-text fusion-title-size-three\" style=\"--awb-text-color:var(--awb-color6);\"><h3 class=\"fusion-title-heading title-heading-left\" style=\"margin:0;text-transform:uppercase;\">CHARTE DE PARTENARIAT PELAGOS<\/h3><\/div><div class=\"fusion-separator\" style=\"align-self: flex-start;margin-right:auto;margin-top:0px;margin-bottom:40px;width:100%;max-width:200px;\"><div class=\"fusion-separator-border sep-single sep-solid\" style=\"--awb-height:20px;--awb-amount:20px;--awb-sep-color:var(--awb-color4);border-color:var(--awb-color4);border-top-width:3px;\"><\/div><\/div><div class=\"fusion-text fusion-text-1\"><p><span style=\"font-weight: 400;\">La Charte de Partenariat Pelagos a \u00e9t\u00e9 \u00e9tablie lors de la 4\u00e8me R\u00e9union des Parties \u00e0 l&#8217;Accord Pelagos (19-21 octobre 2009, Monaco) dans le but de cr\u00e9er un r\u00e9seau entre l&#8217;Accord et les communes de la zone du Sanctuaire. A l&#8217;occasion de la 9\u00e8me R\u00e9union des Parties \u00e0 l&#8217;Accord Pelagos (25-26 janvier 2024, Nice) , la Charte de Partenariat Pelagos est mise \u00e0 jour par les Parties afin d&#8217;harmoniser la proc\u00e9dure d&#8217;adh\u00e9sion, la validit\u00e9 et l&#8217;\u00e9valuation des activit\u00e9s de celle-ci.\u00a0\u00a0<\/span><\/p>\n<p><span style=\"font-weight: 400;\">Les communes c\u00f4ti\u00e8res et les groupements de communes dont le territoire est situ\u00e9 dans la zone du Sanctuaire Pelagos peuvent signer la Charte de Partenariat Pelagos. La Charte est valable 3 ans, apr\u00e8s quoi un processus de renouvellement devra \u00eatre entrepris.\u00a0<\/span><\/p>\n<p><span style=\"font-weight: 400;\">La Charte de Partenariat Pelagos compte aujourd&#8217;hui 91 communes signataires en r\u00e8gle avec leur renouvellement.<\/span><\/p>\n<\/div><\/div><\/div><div class=\"fusion-layout-column fusion_builder_column fusion-builder-column-1 fusion_builder_column_1_2 1_2 fusion-flex-column\" style=\"--awb-padding-top:100px;--awb-padding-right:10%;--awb-padding-bottom:100px;--awb-padding-left:5%;--awb-bg-color:#eaeff3;--awb-bg-color-hover:#eaeff3;--awb-bg-blend:overlay;--awb-bg-size:cover;--awb-width-large:50%;--awb-margin-top-large:0px;--awb-spacing-right-large:0px;--awb-margin-bottom-large:0px;--awb-spacing-left-large:0px;--awb-width-medium:100%;--awb-order-medium:0;--awb-spacing-right-medium:0px;--awb-spacing-left-medium:0px;--awb-width-small:100%;--awb-order-small:0;--awb-spacing-right-small:0px;--awb-spacing-left-small:0px;\" data-motion-effects=\"[{&quot;type&quot;:&quot;&quot;,&quot;scroll_type&quot;:&quot;transition&quot;,&quot;scroll_direction&quot;:&quot;up&quot;,&quot;transition_speed&quot;:&quot;1&quot;,&quot;fade_type&quot;:&quot;in&quot;,&quot;scale_type&quot;:&quot;up&quot;,&quot;initial_scale&quot;:&quot;1&quot;,&quot;max_scale&quot;:&quot;1.5&quot;,&quot;min_scale&quot;:&quot;0.5&quot;,&quot;initial_rotate&quot;:&quot;0&quot;,&quot;end_rotate&quot;:&quot;30&quot;,&quot;initial_blur&quot;:&quot;0&quot;,&quot;end_blur&quot;:&quot;3&quot;,&quot;start_element&quot;:&quot;top&quot;,&quot;start_viewport&quot;:&quot;bottom&quot;,&quot;end_element&quot;:&quot;bottom&quot;,&quot;end_viewport&quot;:&quot;top&quot;,&quot;mouse_effect&quot;:&quot;track&quot;,&quot;mouse_effect_direction&quot;:&quot;opposite&quot;,&quot;mouse_effect_speed&quot;:&quot;2&quot;,&quot;infinite_animation&quot;:&quot;float&quot;,&quot;infinite_animation_speed&quot;:&quot;2&quot;}]\" data-scroll-devices=\"small-visibility,medium-visibility,large-visibility\"><div class=\"fusion-column-wrapper fusion-column-has-shadow fusion-flex-justify-content-center fusion-content-layout-column\"><div class=\"fusion-video fusion-youtube\" style=\"--awb-max-width:1600px;--awb-max-height:600px;\"><div class=\"video-shortcode\"><lite-youtube videoid=\"GFLSRO7dd1E\" class=\"landscape\" params=\"wmode=transparent&autoplay=1&enablejsapi=1\" title=\"YouTube video player 1\" width=\"1600\" height=\"600\"><\/lite-youtube><\/div><\/div><\/div><\/div><\/div><\/div><div class=\"fusion-fullwidth fullwidth-box fusion-builder-row-2 fusion-flex-container has-pattern-background has-mask-background nonhundred-percent-fullwidth non-hundred-percent-height-scrolling\" style=\"--awb-border-radius-top-left:0px;--awb-border-radius-top-right:0px;--awb-border-radius-bottom-right:0px;--awb-border-radius-bottom-left:0px;--awb-background-color:#eaeff3;--awb-flex-wrap:wrap;\" ><div class=\"fusion-builder-row fusion-row fusion-flex-align-items-flex-start fusion-flex-content-wrap\" style=\"max-width:1216.8px;margin-left: calc(-4% \/ 2 );margin-right: calc(-4% \/ 2 );\"><div class=\"fusion-layout-column fusion_builder_column fusion-builder-column-2 fusion_builder_column_1_1 1_1 fusion-flex-column\" style=\"--awb-bg-size:cover;--awb-width-large:100%;--awb-margin-top-large:100px;--awb-spacing-right-large:1.92%;--awb-margin-bottom-large:100px;--awb-spacing-left-large:1.92%;--awb-width-medium:100%;--awb-order-medium:0;--awb-spacing-right-medium:1.92%;--awb-spacing-left-medium:1.92%;--awb-width-small:100%;--awb-order-small:0;--awb-spacing-right-small:1.92%;--awb-spacing-left-small:1.92%;\"><div class=\"fusion-column-wrapper fusion-column-has-shadow fusion-flex-justify-content-flex-start fusion-content-layout-column\"><div class=\"fusion-text fusion-text-2\">\r\n\t\t\t\t<div class='mapster-wp-maps-container'>\r\n\t\t\t\t<div class='mapster-wp-maps-loader-container' style='height: 650px;width: 100%;'>\r\n\t\t\t\t\t<div class='mapster-map-loader-initial'>\r\n\t\t\t\t\t\t<svg width='38' height='38' viewBox='0 0 38 38' xmlns='http:\/\/www.w3.org\/2000\/svg' stroke='#333'>\r\n\t\t\t\t\t\t\t<g fill='none' fill-rule='evenodd'>\r\n\t\t\t\t\t\t\t\t\t<g transform='translate(1 1)' stroke-width='2'>\r\n\t\t\t\t\t\t\t\t\t\t\t<circle stroke-opacity='.5' cx='18' cy='18' r='18'\/>\r\n\t\t\t\t\t\t\t\t\t\t\t<path d='M36 18c0-9.94-8.06-18-18-18'>\r\n\t\t\t\t\t\t\t\t\t\t\t\t\t<animateTransform\r\n\t\t\t\t\t\t\t\t\t\t\t\t\t\t\tattributeName='transform'\r\n\t\t\t\t\t\t\t\t\t\t\t\t\t\t\ttype='rotate'\r\n\t\t\t\t\t\t\t\t\t\t\t\t\t\t\tfrom='0 18 18'\r\n\t\t\t\t\t\t\t\t\t\t\t\t\t\t\tto='360 18 18'\r\n\t\t\t\t\t\t\t\t\t\t\t\t\t\t\tdur='1s'\r\n\t\t\t\t\t\t\t\t\t\t\t\t\t\t\trepeatCount='indefinite'\/>\r\n\t\t\t\t\t\t\t\t\t\t\t<\/path>\r\n\t\t\t\t\t\t\t\t\t<\/g>\r\n\t\t\t\t\t\t\t<\/g>\r\n\t\t\t\t\t\t<\/svg>\r\n\t\t\t\t\t<\/div>\r\n\t\t\t\t<\/div>\r\n\t\t\t\t<div class='mapster-wp-maps'\r\n\t\t\t\t\tid='mapster-wp-maps-8139'\r\n\t\t\t\t\tdata-id='8139'\r\n\t\t\t\t\tdata-latitude='null'\r\n\t\t\t\t\tdata-longitude='null'\r\n\t\t\t\t\tdata-zoom='null'\r\n\t\t\t\t\tdata-single_feature_id=''>\r\n\t\t\t\t<\/div>\r\n\t\t\t\t\r\n\t\t\t<\/div>\r\n\t\t\n<\/div><\/div><\/div><\/div><\/div><div class=\"fusion-fullwidth fullwidth-box fusion-builder-row-3 fusion-flex-container hundred-percent-fullwidth non-hundred-percent-height-scrolling\" style=\"--awb-background-position:left top;--awb-border-sizes-top:0px;--awb-border-sizes-bottom:0px;--awb-border-sizes-left:0px;--awb-border-sizes-right:0px;--awb-border-radius-top-left:0px;--awb-border-radius-top-right:0px;--awb-border-radius-bottom-right:0px;--awb-border-radius-bottom-left:0px;--awb-padding-top:0px;--awb-padding-right:0px;--awb-padding-bottom:0px;--awb-padding-left:0px;--awb-flex-wrap:wrap;\" ><div class=\"fusion-builder-row fusion-row fusion-flex-align-items-stretch fusion-flex-content-wrap\" style=\"width:calc( 100% + 0px ) !important;max-width:calc( 100% + 0px ) !important;margin-left: calc(-0px \/ 2 );margin-right: calc(-0px \/ 2 );\"><div class=\"fusion-layout-column fusion_builder_column fusion-builder-column-3 fusion_builder_column_1_1 1_1 fusion-flex-column\" style=\"--awb-padding-top:100px;--awb-padding-right:10%;--awb-padding-bottom:100px;--awb-padding-left:10%;--awb-bg-color:#eaeff3;--awb-bg-color-hover:#eaeff3;--awb-bg-blend:overlay;--awb-bg-size:cover;--awb-width-large:100%;--awb-margin-top-large:0px;--awb-spacing-right-large:0px;--awb-margin-bottom-large:0px;--awb-spacing-left-large:0px;--awb-width-medium:100%;--awb-order-medium:0;--awb-spacing-right-medium:0px;--awb-spacing-left-medium:0px;--awb-width-small:100%;--awb-order-small:0;--awb-spacing-right-small:0px;--awb-spacing-left-small:0px;\"><div class=\"fusion-column-wrapper fusion-column-has-shadow fusion-flex-justify-content-center fusion-content-layout-column\"><div class=\"fusion-title title fusion-title-2 fusion-sep-none fusion-title-text fusion-title-size-three\" style=\"--awb-text-color:var(--awb-color8);\"><h3 class=\"fusion-title-heading title-heading-left\" style=\"margin:0;text-transform:uppercase;\"><span style=\"font-weight: 400;\">Les principaux objectifs de la Charte de Partenariat Pelagos sont :<\/span><\/h3><\/div><div class=\"fusion-text fusion-text-3\"><ul>\n<li><span style=\"font-weight: 400;\">cr\u00e9er un r\u00e9seau entre toutes les communes du Sanctuaire ;<\/span><\/li>\n<li><span style=\"font-weight: 400;\">rendre le Sanctuaire plus accessible aux yeux du grand public ;<\/span><\/li>\n<li><span style=\"font-weight: 400;\">cr\u00e9er de nouvelles synergies sur les questions li\u00e9es aux mammif\u00e8res marins et \u00e0 leur protection ;<\/span><\/li>\n<li><span style=\"font-weight: 400;\">impliquer les partenaires territoriaux pour promouvoir les objectifs de l&#8217;Accord et mettre en \u0153uvre des actions concr\u00e8tes en faveur des mammif\u00e8res marins ;<\/span><\/li>\n<li><span style=\"font-weight: 400;\">impliquer les communes dans des activit\u00e9s d&#8217;information et de sensibilisation.<\/span><\/li>\n<\/ul>\n<p><strong>T\u00e9l\u00e9charger les documents suivants :<\/strong><\/p>\n<ul>\n<li><span style=\"font-weight: 400;\"><a href=\"https:\/\/pelagos-sanctuary.org\/wp-content\/uploads\/2024\/02\/Pelagos_MOP9_2024_Charte-de-Partenariat-Pelagos.pdf\" target=\"_blank\" rel=\"noopener\">Charte de Partenariat Pelagos<\/a> ;\u00a0<\/span><\/li>\n<li><span style=\"font-weight: 400;\"><a href=\"https:\/\/pelagos-sanctuary.org\/wp-content\/uploads\/2024\/02\/Pelagos_MOP9_2024_Reglement_et_Grille_Charte_de_Partenariat.pdf\">R\u00e8glement et Grille d&#8217;\u00e9valuation<\/a>.<\/span><\/li>\n<\/ul>\n<p><strong>Pour plus d&#8217;informations sur la Charte de Partenariat Pelagos, veuillez contacter les organismes nationaux comp\u00e9tents suivants :\u00a0<\/strong><\/p>\n<ul>\n<li><span style=\"font-weight: 400;\">Pour les communes ou EPCI en France : Parc national de Port-Cros \u00e0 l\u2019adresse suivante :\u00a0 pelagosfrance@portcros.fr <\/span><\/li>\n<li><span style=\"font-weight: 400;\">Pour les communes ou syndicats de communes en Italie : le Minist\u00e8re de l&#8217;Environnement et de la S\u00e9curit\u00e9 \u00e9nerg\u00e9tique (MASE) \u00e0 l&#8217;adresse suivante : <a href=\"mailto:pnm-7@mase.gov.it\">pnm-7@mase.gov.it\u00a0<\/a><\/span><\/li>\n<\/ul>\n<p><span style=\"font-weight: 400;\">Pour les supports de communication mis \u00e0 disposition des Communes signataires de la Charte de Partenariat par l\u2019Accord Pelagos, veuillez contacter le Secr\u00e9tariat permanent \u00e0 l&#8217;adresse suivante : <\/span><a href=\"mailto:secretariat@pelagossanctuary.org\"><span style=\"font-weight: 400;\">secretariat@pelagossanctuary.org<\/span><\/a><\/p>\n<\/div><div class=\"fusion-separator fusion-full-width-sep\" style=\"align-self: center;margin-left: auto;margin-right: auto;margin-top:15px;width:100%;\"><\/div><\/div><\/div><\/div><\/div><div class=\"fusion-fullwidth fullwidth-box fusion-builder-row-4 fusion-flex-container has-pattern-background has-mask-background nonhundred-percent-fullwidth non-hundred-percent-height-scrolling\" style=\"--awb-border-radius-top-left:0px;--awb-border-radius-top-right:0px;--awb-border-radius-bottom-right:0px;--awb-border-radius-bottom-left:0px;--awb-background-color:#5296f7;--awb-flex-wrap:wrap;\" ><div class=\"fusion-builder-row fusion-row fusion-flex-align-items-flex-start fusion-flex-content-wrap\" style=\"max-width:1216.8px;margin-left: calc(-4% \/ 2 );margin-right: calc(-4% \/ 2 );\"><div class=\"fusion-layout-column fusion_builder_column fusion-builder-column-4 fusion_builder_column_1_1 1_1 fusion-flex-column\" style=\"--awb-bg-size:cover;--awb-width-large:100%;--awb-margin-top-large:24px;--awb-spacing-right-large:1.92%;--awb-margin-bottom-large:0px;--awb-spacing-left-large:1.92%;--awb-width-medium:100%;--awb-order-medium:0;--awb-spacing-right-medium:1.92%;--awb-spacing-left-medium:1.92%;--awb-width-small:100%;--awb-order-small:0;--awb-spacing-right-small:1.92%;--awb-spacing-left-small:1.92%;\"><div class=\"fusion-column-wrapper fusion-column-has-shadow fusion-flex-justify-content-flex-start fusion-content-layout-column\"><div class=\"fusion-text fusion-text-4\" style=\"--awb-font-size:var(--awb-typography5-font-size);--awb-line-height:1.72;--awb-text-color:rgba(255,255,255,0.88);--awb-margin-top:0px;\"><p style=\"text-align: center;\">Cr\u00e9dits photo :<br \/>\n\u00a9 Elia BIASISSI \u2013 MENKAB<\/p>\n<\/div><\/div><\/div><\/div><\/div><\/p>\n","protected":false},"excerpt":{"rendered":"","protected":false},"author":1,"featured_media":0,"parent":0,"menu_order":0,"comment_status":"closed","ping_status":"closed","template":"100-width.php","meta":[],"yoast_head":"<!-- This site is optimized with the Yoast SEO plugin v21.7 - https:\/\/yoast.com\/wordpress\/plugins\/seo\/ -->\n<title>Charte de Partenariat Pelagos - Pelagos Sanctuary<\/title>\n<meta name=\"description\" content=\"cr\u00e9er un r\u00e9seau entre toutes les communes du Sanctuaire ;rendre le Sanctuaire plus accessible aux yeux du grand public ;\" \/>\n<meta name=\"robots\" content=\"index, follow, max-snippet:-1, max-image-preview:large, max-video-preview:-1\" \/>\n<link rel=\"canonical\" href=\"https:\/\/pelagos-sanctuary.org\/fr\/charte-de-partenariat-pelagos\/\" \/>\n<meta property=\"og:locale\" content=\"fr_FR\" \/>\n<meta property=\"og:type\" content=\"article\" \/>\n<meta property=\"og:title\" content=\"Charte de Partenariat Pelagos - Pelagos Sanctuary\" \/>\n<meta property=\"og:description\" content=\"cr\u00e9er un r\u00e9seau entre toutes les communes du Sanctuaire ;rendre le Sanctuaire plus accessible aux yeux du grand public ;\" \/>\n<meta property=\"og:url\" content=\"https:\/\/pelagos-sanctuary.org\/fr\/charte-de-partenariat-pelagos\/\" \/>\n<meta property=\"og:site_name\" content=\"Pelagos Sanctuary\" \/>\n<meta property=\"article:modified_time\" content=\"2024-11-04T17:19:30+00:00\" \/>\n<meta name=\"twitter:card\" content=\"summary_large_image\" \/>\n<meta name=\"twitter:label1\" content=\"Dur\u00e9e de lecture estim\u00e9e\" \/>\n\t<meta name=\"twitter:data1\" content=\"2 minutes\" \/>\n<script type=\"application\/ld+json\" class=\"yoast-schema-graph\">{\"@context\":\"https:\/\/schema.org\",\"@graph\":[{\"@type\":\"WebPage\",\"@id\":\"https:\/\/pelagos-sanctuary.org\/fr\/charte-de-partenariat-pelagos\/\",\"url\":\"https:\/\/pelagos-sanctuary.org\/fr\/charte-de-partenariat-pelagos\/\",\"name\":\"Charte de Partenariat Pelagos - Pelagos Sanctuary\",\"isPartOf\":{\"@id\":\"https:\/\/pelagos-sanctuary.org\/fr\/#website\"},\"datePublished\":\"2023-12-13T23:15:15+00:00\",\"dateModified\":\"2024-11-04T17:19:30+00:00\",\"description\":\"cr\u00e9er un r\u00e9seau entre toutes les communes du Sanctuaire ;rendre le Sanctuaire plus accessible aux yeux du grand public ;\",\"breadcrumb\":{\"@id\":\"https:\/\/pelagos-sanctuary.org\/fr\/charte-de-partenariat-pelagos\/#breadcrumb\"},\"inLanguage\":\"fr-FR\",\"potentialAction\":[{\"@type\":\"ReadAction\",\"target\":[\"https:\/\/pelagos-sanctuary.org\/fr\/charte-de-partenariat-pelagos\/\"]}]},{\"@type\":\"BreadcrumbList\",\"@id\":\"https:\/\/pelagos-sanctuary.org\/fr\/charte-de-partenariat-pelagos\/#breadcrumb\",\"itemListElement\":[{\"@type\":\"ListItem\",\"position\":1,\"name\":\"Home\",\"item\":\"https:\/\/pelagos-sanctuary.org\/fr\/\"},{\"@type\":\"ListItem\",\"position\":2,\"name\":\"Charte de Partenariat Pelagos\"}]},{\"@type\":\"WebSite\",\"@id\":\"https:\/\/pelagos-sanctuary.org\/fr\/#website\",\"url\":\"https:\/\/pelagos-sanctuary.org\/fr\/\",\"name\":\"Pelagos Sanctuary\",\"description\":\"sanctuary protecting marine mammals in the mediterranean sea\",\"potentialAction\":[{\"@type\":\"SearchAction\",\"target\":{\"@type\":\"EntryPoint\",\"urlTemplate\":\"https:\/\/pelagos-sanctuary.org\/fr\/?s={search_term_string}\"},\"query-input\":\"required name=search_term_string\"}],\"inLanguage\":\"fr-FR\"}]}<\/script>\n<!-- \/ Yoast SEO plugin. -->","yoast_head_json":{"title":"Charte de Partenariat Pelagos - Pelagos Sanctuary","description":"cr\u00e9er un r\u00e9seau entre toutes les communes du Sanctuaire ;rendre le Sanctuaire plus accessible aux yeux du grand public ;","robots":{"index":"index","follow":"follow","max-snippet":"max-snippet:-1","max-image-preview":"max-image-preview:large","max-video-preview":"max-video-preview:-1"},"canonical":"https:\/\/pelagos-sanctuary.org\/fr\/charte-de-partenariat-pelagos\/","og_locale":"fr_FR","og_type":"article","og_title":"Charte de Partenariat Pelagos - Pelagos Sanctuary","og_description":"cr\u00e9er un r\u00e9seau entre toutes les communes du Sanctuaire ;rendre le Sanctuaire plus accessible aux yeux du grand public ;","og_url":"https:\/\/pelagos-sanctuary.org\/fr\/charte-de-partenariat-pelagos\/","og_site_name":"Pelagos Sanctuary","article_modified_time":"2024-11-04T17:19:30+00:00","twitter_card":"summary_large_image","twitter_misc":{"Dur\u00e9e de lecture estim\u00e9e":"2 minutes"},"schema":{"@context":"https:\/\/schema.org","@graph":[{"@type":"WebPage","@id":"https:\/\/pelagos-sanctuary.org\/fr\/charte-de-partenariat-pelagos\/","url":"https:\/\/pelagos-sanctuary.org\/fr\/charte-de-partenariat-pelagos\/","name":"Charte de Partenariat Pelagos - Pelagos Sanctuary","isPartOf":{"@id":"https:\/\/pelagos-sanctuary.org\/fr\/#website"},"datePublished":"2023-12-13T23:15:15+00:00","dateModified":"2024-11-04T17:19:30+00:00","description":"cr\u00e9er un r\u00e9seau entre toutes les communes du Sanctuaire ;rendre le Sanctuaire plus accessible aux yeux du grand public ;","breadcrumb":{"@id":"https:\/\/pelagos-sanctuary.org\/fr\/charte-de-partenariat-pelagos\/#breadcrumb"},"inLanguage":"fr-FR","potentialAction":[{"@type":"ReadAction","target":["https:\/\/pelagos-sanctuary.org\/fr\/charte-de-partenariat-pelagos\/"]}]},{"@type":"BreadcrumbList","@id":"https:\/\/pelagos-sanctuary.org\/fr\/charte-de-partenariat-pelagos\/#breadcrumb","itemListElement":[{"@type":"ListItem","position":1,"name":"Home","item":"https:\/\/pelagos-sanctuary.org\/fr\/"},{"@type":"ListItem","position":2,"name":"Charte de Partenariat Pelagos"}]},{"@type":"WebSite","@id":"https:\/\/pelagos-sanctuary.org\/fr\/#website","url":"https:\/\/pelagos-sanctuary.org\/fr\/","name":"Pelagos Sanctuary","description":"sanctuary protecting marine mammals in the mediterranean sea","potentialAction":[{"@type":"SearchAction","target":{"@type":"EntryPoint","urlTemplate":"https:\/\/pelagos-sanctuary.org\/fr\/?s={search_term_string}"},"query-input":"required name=search_term_string"}],"inLanguage":"fr-FR"}]}},"acf":[],"_links":{"self":[{"href":"https:\/\/pelagos-sanctuary.org\/fr\/wp-json\/wp\/v2\/pages\/8116"}],"collection":[{"href":"https:\/\/pelagos-sanctuary.org\/fr\/wp-json\/wp\/v2\/pages"}],"about":[{"href":"https:\/\/pelagos-sanctuary.org\/fr\/wp-json\/wp\/v2\/types\/page"}],"author":[{"embeddable":true,"href":"https:\/\/pelagos-sanctuary.org\/fr\/wp-json\/wp\/v2\/users\/1"}],"replies":[{"embeddable":true,"href":"https:\/\/pelagos-sanctuary.org\/fr\/wp-json\/wp\/v2\/comments?post=8116"}],"version-history":[{"count":18,"href":"https:\/\/pelagos-sanctuary.org\/fr\/wp-json\/wp\/v2\/pages\/8116\/revisions"}],"predecessor-version":[{"id":10282,"href":"https:\/\/pelagos-sanctuary.org\/fr\/wp-json\/wp\/v2\/pages\/8116\/revisions\/10282"}],"wp:attachment":[{"href":"https:\/\/pelagos-sanctuary.org\/fr\/wp-json\/wp\/v2\/media?parent=8116"}],"curies":[{"name":"wp","href":"https:\/\/api.w.org\/{rel}","templated":true}]}}