{"id":7921,"date":"2023-11-27T15:20:42","date_gmt":"2023-11-27T14:20:42","guid":{"rendered":"https:\/\/pelagos-sanctuary.org\/le-phoque-moine\/"},"modified":"2024-10-31T17:20:51","modified_gmt":"2024-10-31T16:20:51","slug":"le-phoque-moine","status":"publish","type":"page","link":"https:\/\/pelagos-sanctuary.org\/fr\/le-phoque-moine\/","title":{"rendered":"Phoque Moine"},"content":{"rendered":"<p><div class=\"fusion-fullwidth fullwidth-box fusion-builder-row-1 fusion-flex-container has-pattern-background has-mask-background nonhundred-percent-fullwidth non-hundred-percent-height-scrolling\" style=\"--awb-border-radius-top-left:0px;--awb-border-radius-top-right:0px;--awb-border-radius-bottom-right:0px;--awb-border-radius-bottom-left:0px;--awb-padding-top:50PX;--awb-padding-right:3%;--awb-padding-left:3%;--awb-background-color:var(--awb-color1);--awb-flex-wrap:wrap;\" ><div class=\"fusion-builder-row fusion-row fusion-flex-align-items-flex-start fusion-flex-content-wrap\" style=\"max-width:1216.8px;margin-left: calc(-4% \/ 2 );margin-right: calc(-4% \/ 2 );\"><div class=\"fusion-layout-column fusion_builder_column fusion-builder-column-0 fusion_builder_column_1_2 1_2 fusion-flex-column\" style=\"--awb-bg-size:cover;--awb-width-large:50%;--awb-margin-top-large:0PX;--awb-spacing-right-large:3.84%;--awb-margin-bottom-large:20px;--awb-spacing-left-large:3.84%;--awb-width-medium:100%;--awb-order-medium:0;--awb-spacing-right-medium:1.92%;--awb-spacing-left-medium:1.92%;--awb-width-small:100%;--awb-order-small:0;--awb-spacing-right-small:1.92%;--awb-spacing-left-small:1.92%;\"><div class=\"fusion-column-wrapper fusion-column-has-shadow fusion-flex-justify-content-flex-start fusion-content-layout-column\"><div class=\"fusion-text fusion-text-1\"><p style=\"text-align: JUSTIFY;\"><span style=\"font-weight: 400;\">Le phoque moine \u00e9tait historiquement pr\u00e9sent le long des c\u00f4tes m\u00e9diterran\u00e9ennes, de la mer de Marmara, de la mer Noire, des c\u00f4tes africaines de l&#8217;Atlantique (du Maroc au S\u00e9n\u00e9gal), aux A\u00e7ores, \u00e0 Mad\u00e8re, aux Canaries et aux \u00eeles du Cap-Vert. La chasse et la surp\u00eache ont entra\u00een\u00e9 une r\u00e9duction drastique de sa r\u00e9partition et de son abondance. Actuellement, la plus grande population existante est principalement situ\u00e9e dans les r\u00e9gions c\u00f4ti\u00e8res de la Gr\u00e8ce, de la Turquie et de Chypre ; elle comprend probablement moins de 500 individus, parmi eux, on estime qu&#8217;environ 250 sont des adultes. En dehors de la M\u00e9diterran\u00e9e, la sous-population la plus importante est celle situ\u00e9e le long des c\u00f4tes de la p\u00e9ninsule du Cap Blanc (environ 300 individus), suivie par la sous-population concentr\u00e9e le long des c\u00f4tes de Mad\u00e8re (environ 40 individus). <\/span><\/p>\n<\/div><\/div><\/div><div class=\"fusion-layout-column fusion_builder_column fusion-builder-column-1 fusion_builder_column_1_2 1_2 fusion-flex-column\" style=\"--awb-bg-size:cover;--awb-width-large:50%;--awb-margin-top-large:0PX;--awb-spacing-right-large:3.84%;--awb-margin-bottom-large:20px;--awb-spacing-left-large:3.84%;--awb-width-medium:100%;--awb-order-medium:0;--awb-spacing-right-medium:1.92%;--awb-spacing-left-medium:1.92%;--awb-width-small:100%;--awb-order-small:0;--awb-spacing-right-small:1.92%;--awb-spacing-left-small:1.92%;\"><div class=\"fusion-column-wrapper fusion-column-has-shadow fusion-flex-justify-content-flex-start fusion-content-layout-column\"><div class=\"fusion-image-element \" style=\"--awb-caption-title-font-family:var(--h2_typography-font-family);--awb-caption-title-font-weight:var(--h2_typography-font-weight);--awb-caption-title-font-style:var(--h2_typography-font-style);--awb-caption-title-size:var(--h2_typography-font-size);--awb-caption-title-transform:var(--h2_typography-text-transform);--awb-caption-title-line-height:var(--h2_typography-line-height);--awb-caption-title-letter-spacing:var(--h2_typography-letter-spacing);\"><span class=\" fusion-imageframe imageframe-none imageframe-1 hover-type-none\"><img decoding=\"async\" width=\"1076\" height=\"999\" title=\"phoque-moine-2\" src=\"https:\/\/pelagos-sanctuary.org\/wp-content\/uploads\/2023\/11\/phoque-moine-2.jpg\" data-orig-src=\"https:\/\/pelagos-sanctuary.org\/wp-content\/uploads\/2023\/11\/phoque-moine-2.jpg\" alt class=\"lazyload img-responsive wp-image-6420\" srcset=\"data:image\/svg+xml,%3Csvg%20xmlns%3D%27http%3A%2F%2Fwww.w3.org%2F2000%2Fsvg%27%20width%3D%271076%27%20height%3D%27999%27%20viewBox%3D%270%200%201076%20999%27%3E%3Crect%20width%3D%271076%27%20height%3D%27999%27%20fill-opacity%3D%220%22%2F%3E%3C%2Fsvg%3E\" data-srcset=\"https:\/\/pelagos-sanctuary.org\/wp-content\/uploads\/2023\/11\/phoque-moine-2-200x186.jpg 200w, https:\/\/pelagos-sanctuary.org\/wp-content\/uploads\/2023\/11\/phoque-moine-2-400x371.jpg 400w, https:\/\/pelagos-sanctuary.org\/wp-content\/uploads\/2023\/11\/phoque-moine-2-600x557.jpg 600w, https:\/\/pelagos-sanctuary.org\/wp-content\/uploads\/2023\/11\/phoque-moine-2-800x743.jpg 800w, https:\/\/pelagos-sanctuary.org\/wp-content\/uploads\/2023\/11\/phoque-moine-2.jpg 1076w\" data-sizes=\"auto\" data-orig-sizes=\"(max-width: 1024px) 100vw, (max-width: 640px) 100vw, 600px\" \/><\/span><\/div><\/div><\/div><div class=\"fusion-layout-column fusion_builder_column fusion-builder-column-2 fusion_builder_column_1_2 1_2 fusion-flex-column\" style=\"--awb-bg-size:cover;--awb-width-large:50%;--awb-margin-top-large:0PX;--awb-spacing-right-large:3.84%;--awb-margin-bottom-large:20px;--awb-spacing-left-large:3.84%;--awb-width-medium:100%;--awb-order-medium:0;--awb-spacing-right-medium:1.92%;--awb-spacing-left-medium:1.92%;--awb-width-small:100%;--awb-order-small:0;--awb-spacing-right-small:1.92%;--awb-spacing-left-small:1.92%;\"><div class=\"fusion-column-wrapper fusion-column-has-shadow fusion-flex-justify-content-flex-start fusion-content-layout-column\"><div class=\"fusion-image-element \" style=\"--awb-caption-title-font-family:var(--h2_typography-font-family);--awb-caption-title-font-weight:var(--h2_typography-font-weight);--awb-caption-title-font-style:var(--h2_typography-font-style);--awb-caption-title-size:var(--h2_typography-font-size);--awb-caption-title-transform:var(--h2_typography-text-transform);--awb-caption-title-line-height:var(--h2_typography-line-height);--awb-caption-title-letter-spacing:var(--h2_typography-letter-spacing);\"><span class=\" fusion-imageframe imageframe-none imageframe-2 hover-type-none\"><img decoding=\"async\" width=\"800\" height=\"566\" title=\"carte-repartition-phoque-moine\" src=\"https:\/\/pelagos-sanctuary.org\/wp-content\/uploads\/2024\/01\/carte-repartition-phoque-moine.jpg\" data-orig-src=\"https:\/\/pelagos-sanctuary.org\/wp-content\/uploads\/2024\/01\/carte-repartition-phoque-moine.jpg\" alt class=\"lazyload img-responsive wp-image-9050\" srcset=\"data:image\/svg+xml,%3Csvg%20xmlns%3D%27http%3A%2F%2Fwww.w3.org%2F2000%2Fsvg%27%20width%3D%27800%27%20height%3D%27566%27%20viewBox%3D%270%200%20800%20566%27%3E%3Crect%20width%3D%27800%27%20height%3D%27566%27%20fill-opacity%3D%220%22%2F%3E%3C%2Fsvg%3E\" data-srcset=\"https:\/\/pelagos-sanctuary.org\/wp-content\/uploads\/2024\/01\/carte-repartition-phoque-moine-200x142.jpg 200w, https:\/\/pelagos-sanctuary.org\/wp-content\/uploads\/2024\/01\/carte-repartition-phoque-moine-400x283.jpg 400w, https:\/\/pelagos-sanctuary.org\/wp-content\/uploads\/2024\/01\/carte-repartition-phoque-moine-600x425.jpg 600w, https:\/\/pelagos-sanctuary.org\/wp-content\/uploads\/2024\/01\/carte-repartition-phoque-moine.jpg 800w\" data-sizes=\"auto\" data-orig-sizes=\"(max-width: 1024px) 100vw, (max-width: 640px) 100vw, 600px\" \/><\/span><\/div><\/div><\/div><div class=\"fusion-layout-column fusion_builder_column fusion-builder-column-3 fusion_builder_column_1_2 1_2 fusion-flex-column\" style=\"--awb-bg-size:cover;--awb-width-large:50%;--awb-margin-top-large:0PX;--awb-spacing-right-large:3.84%;--awb-margin-bottom-large:20px;--awb-spacing-left-large:3.84%;--awb-width-medium:100%;--awb-order-medium:0;--awb-spacing-right-medium:1.92%;--awb-spacing-left-medium:1.92%;--awb-width-small:100%;--awb-order-small:0;--awb-spacing-right-small:1.92%;--awb-spacing-left-small:1.92%;\"><div class=\"fusion-column-wrapper fusion-column-has-shadow fusion-flex-justify-content-flex-start fusion-content-layout-column\"><div class=\"fusion-image-element \" style=\"--awb-caption-title-font-family:var(--h2_typography-font-family);--awb-caption-title-font-weight:var(--h2_typography-font-weight);--awb-caption-title-font-style:var(--h2_typography-font-style);--awb-caption-title-size:var(--h2_typography-font-size);--awb-caption-title-transform:var(--h2_typography-text-transform);--awb-caption-title-line-height:var(--h2_typography-line-height);--awb-caption-title-letter-spacing:var(--h2_typography-letter-spacing);\"><span class=\" fusion-imageframe imageframe-none imageframe-3 hover-type-none\"><img decoding=\"async\" width=\"800\" height=\"566\" title=\"Pelagos_Monachus_historical_distribution\" src=\"https:\/\/pelagos-sanctuary.org\/wp-content\/uploads\/2024\/01\/Pelagos_Monachus_historical_distribution-1.jpg\" data-orig-src=\"https:\/\/pelagos-sanctuary.org\/wp-content\/uploads\/2024\/01\/Pelagos_Monachus_historical_distribution-1.jpg\" alt class=\"lazyload img-responsive wp-image-9058\" srcset=\"data:image\/svg+xml,%3Csvg%20xmlns%3D%27http%3A%2F%2Fwww.w3.org%2F2000%2Fsvg%27%20width%3D%27800%27%20height%3D%27566%27%20viewBox%3D%270%200%20800%20566%27%3E%3Crect%20width%3D%27800%27%20height%3D%27566%27%20fill-opacity%3D%220%22%2F%3E%3C%2Fsvg%3E\" data-srcset=\"https:\/\/pelagos-sanctuary.org\/wp-content\/uploads\/2024\/01\/Pelagos_Monachus_historical_distribution-1-200x142.jpg 200w, https:\/\/pelagos-sanctuary.org\/wp-content\/uploads\/2024\/01\/Pelagos_Monachus_historical_distribution-1-400x283.jpg 400w, https:\/\/pelagos-sanctuary.org\/wp-content\/uploads\/2024\/01\/Pelagos_Monachus_historical_distribution-1-600x425.jpg 600w, https:\/\/pelagos-sanctuary.org\/wp-content\/uploads\/2024\/01\/Pelagos_Monachus_historical_distribution-1.jpg 800w\" data-sizes=\"auto\" data-orig-sizes=\"(max-width: 1024px) 100vw, (max-width: 640px) 100vw, 600px\" \/><\/span><\/div><\/div><\/div><div class=\"fusion-layout-column fusion_builder_column fusion-builder-column-4 fusion_builder_column_1_1 1_1 fusion-flex-column\" style=\"--awb-bg-size:cover;--awb-width-large:100%;--awb-margin-top-large:0px;--awb-spacing-right-large:1.92%;--awb-margin-bottom-large:20px;--awb-spacing-left-large:1.92%;--awb-width-medium:100%;--awb-order-medium:0;--awb-spacing-right-medium:1.92%;--awb-spacing-left-medium:1.92%;--awb-width-small:100%;--awb-order-small:0;--awb-spacing-right-small:1.92%;--awb-spacing-left-small:1.92%;\"><div class=\"fusion-column-wrapper fusion-column-has-shadow fusion-flex-justify-content-flex-start fusion-content-layout-column\"><div class=\"fusion-separator fusion-full-width-sep\" style=\"align-self: center;margin-left: auto;margin-right: auto;margin-top:25px;margin-bottom:25px;width:100%;\"><\/div><\/div><\/div><\/div><\/div><div class=\"fusion-fullwidth fullwidth-box fusion-builder-row-2 fusion-flex-container has-pattern-background has-mask-background nonhundred-percent-fullwidth non-hundred-percent-height-scrolling\" style=\"--awb-border-radius-top-left:0px;--awb-border-radius-top-right:0px;--awb-border-radius-bottom-right:0px;--awb-border-radius-bottom-left:0px;--awb-padding-top:50PX;--awb-padding-right:3%;--awb-padding-left:3%;--awb-background-color:#03263c;--awb-background-image:linear-gradient(180deg, rgba(0,0,0,0.35) 0%,rgba(0,0,0,0.18) 100%);--awb-flex-wrap:wrap;\" ><div class=\"fusion-builder-row fusion-row fusion-flex-align-items-flex-start fusion-flex-content-wrap\" style=\"max-width:1216.8px;margin-left: calc(-4% \/ 2 );margin-right: calc(-4% \/ 2 );\"><div class=\"fusion-layout-column fusion_builder_column fusion-builder-column-5 fusion_builder_column_1_1 1_1 fusion-flex-column\" style=\"--awb-bg-size:cover;--awb-width-large:100%;--awb-margin-top-large:50px;--awb-spacing-right-large:1.92%;--awb-margin-bottom-large:50px;--awb-spacing-left-large:1.92%;--awb-width-medium:100%;--awb-order-medium:0;--awb-spacing-right-medium:1.92%;--awb-spacing-left-medium:1.92%;--awb-width-small:100%;--awb-order-small:0;--awb-spacing-right-small:1.92%;--awb-spacing-left-small:1.92%;\"><div class=\"fusion-column-wrapper fusion-column-has-shadow fusion-flex-justify-content-flex-start fusion-content-layout-column\"><div class=\"fusion-text fusion-text-2 fusion-text-no-margin\" style=\"--awb-text-color:#ffffff;--awb-margin-bottom:25px;\"><p><span style=\"font-weight: 400;\">Ces derni\u00e8res ann\u00e9es, les observations fortuites et les r\u00e9centes activit\u00e9s de surveillance ont r\u00e9v\u00e9l\u00e9 une augmentation de la pr\u00e9sence de l\u2019esp\u00e8ce dans les zones de l&#8217;ancienne aire de r\u00e9partition m\u00e9diterran\u00e9enne, y compris le Sanctuaire Pelagos (par exemple en Corse, en Sardaigne, en Toscane et en Ligurie). Des preuves de la pr\u00e9sence du phoque moine dans certaines zones du Sanctuaire Pelagos ont \u00e9t\u00e9 recueillies gr\u00e2ce \u00e0 des techniques de surveillance non invasives (surveillance vid\u00e9o des grottes dans l\u2019Archipel toscan et traces d\u2019ADN environnemental dans la colonne d\u2019eau), soulignant la n\u00e9cessit\u00e9 de sensibiliser \u00e0 la pr\u00e9sence de l&#8217;esp\u00e8ce dans l\u2019aire g\u00e9ographique du Sanctuaire Pelagos.<\/span><\/p>\n<p><span style=\"font-weight: 400;\">Les textes \u00e9crits par les auteurs de l&#8217;Antiquit\u00e9 classique, et d\u2019une grande diversit\u00e9 de genres litt\u00e9raires, constituent un point de r\u00e9f\u00e9rence attestant de la r\u00e9partition historique de plusieurs esp\u00e8ces de mammif\u00e8res marins, dont celle du phoque moine, dans la r\u00e9gion actuellement couverte par le Sanctuaire Pelagos. Un t\u00e9moignage particuli\u00e8rement int\u00e9ressant, celui du philosophe et \u00e9crivain romain Claudio Aeliano, d\u00e9crit les techniques de chasse utilis\u00e9es par les orques pour pi\u00e9ger les phoques moines. De tels textes t\u00e9moignent de l\u2019importance du milieu marin et de ses esp\u00e8ces dans la mythologie et de leur r\u00f4le jou\u00e9 tout au long de l&#8217;histoire de la M\u00e9diterran\u00e9e rappelant aujourd\u2019hui l&#8217;importance de la sauvegarde de ses habitants. Les grands c\u00e9tac\u00e9s, les phoques et les dauphins sont porteurs d&#8217;une riche histoire qui s&#8217;est transmise au fil des si\u00e8cles : leur importance ne se limite pas \u00e0 leur signification \u00e9cologique, ils rev\u00eatent \u00e9galement une valeur significative en tant que pr\u00e9servation du patrimoine culturel m\u00e9diterran\u00e9en.<\/span><\/p>\n<p><span style=\"font-weight: 400;\">Le phoque moine est une esp\u00e8ce menac\u00e9e. Sa raret\u00e9 et sa nature \u00e9nigmatique repr\u00e9sentent un d\u00e9fi pour sa surveillance c&#8217;est pourquoi chaque observation est tr\u00e8s pr\u00e9cieuse. Si vous rencontrez un phoque moine dans le Sanctuaire, veuillez nous en informer en remplissant ce <\/span><a href=\"https:\/\/pelagos-sanctuary.org\/fr\/monk-seal-observation-form\/\"><span style=\"font-weight: 400;\">formulaire en ligne<\/span><\/a><span style=\"font-weight: 400;\">.<\/span><\/p>\n<\/div><\/div><\/div><\/div><\/div><div class=\"fusion-fullwidth fullwidth-box fusion-builder-row-3 fusion-flex-container has-pattern-background has-mask-background nonhundred-percent-fullwidth non-hundred-percent-height-scrolling\" style=\"--awb-border-radius-top-left:0px;--awb-border-radius-top-right:0px;--awb-border-radius-bottom-right:0px;--awb-border-radius-bottom-left:0px;--awb-background-color:#5296f7;--awb-flex-wrap:wrap;\" ><div class=\"fusion-builder-row fusion-row fusion-flex-align-items-flex-start fusion-flex-content-wrap\" style=\"max-width:1216.8px;margin-left: calc(-4% \/ 2 );margin-right: calc(-4% \/ 2 );\"><div class=\"fusion-layout-column fusion_builder_column fusion-builder-column-6 fusion_builder_column_1_1 1_1 fusion-flex-column\" style=\"--awb-bg-size:cover;--awb-width-large:100%;--awb-margin-top-large:24px;--awb-spacing-right-large:1.92%;--awb-margin-bottom-large:0px;--awb-spacing-left-large:1.92%;--awb-width-medium:100%;--awb-order-medium:0;--awb-spacing-right-medium:1.92%;--awb-spacing-left-medium:1.92%;--awb-width-small:100%;--awb-order-small:0;--awb-spacing-right-small:1.92%;--awb-spacing-left-small:1.92%;\" data-motion-effects=\"[{&quot;type&quot;:&quot;&quot;,&quot;scroll_type&quot;:&quot;transition&quot;,&quot;scroll_direction&quot;:&quot;up&quot;,&quot;transition_speed&quot;:&quot;1&quot;,&quot;fade_type&quot;:&quot;in&quot;,&quot;scale_type&quot;:&quot;up&quot;,&quot;initial_scale&quot;:&quot;1&quot;,&quot;max_scale&quot;:&quot;1.5&quot;,&quot;min_scale&quot;:&quot;0.5&quot;,&quot;initial_rotate&quot;:&quot;0&quot;,&quot;end_rotate&quot;:&quot;30&quot;,&quot;initial_blur&quot;:&quot;0&quot;,&quot;end_blur&quot;:&quot;3&quot;,&quot;start_element&quot;:&quot;top&quot;,&quot;start_viewport&quot;:&quot;bottom&quot;,&quot;end_element&quot;:&quot;bottom&quot;,&quot;end_viewport&quot;:&quot;top&quot;,&quot;mouse_effect&quot;:&quot;track&quot;,&quot;mouse_effect_direction&quot;:&quot;opposite&quot;,&quot;mouse_effect_speed&quot;:&quot;2&quot;,&quot;infinite_animation&quot;:&quot;float&quot;,&quot;infinite_animation_speed&quot;:&quot;2&quot;}]\" data-scroll-devices=\"small-visibility,medium-visibility,large-visibility\"><div class=\"fusion-column-wrapper fusion-column-has-shadow fusion-flex-justify-content-flex-start fusion-content-layout-column\"><div class=\"fusion-text fusion-text-3\" style=\"--awb-font-size:13px;--awb-line-height:1.72;--awb-text-color:rgba(255,255,255,0.88);\"><p style=\"text-align: center;\">Cr\u00e9dits photo :<\/p>\n<p style=\"text-align: center;\">\u00a9 <em>Greg Lecoeur-Monk Seal Alliance\u00a0<\/em><br \/>\n\u00a9<em> Marco Prete<\/em><\/p>\n<\/div><\/div><\/div><\/div><\/div><\/p>\n","protected":false},"excerpt":{"rendered":"","protected":false},"author":1,"featured_media":0,"parent":0,"menu_order":0,"comment_status":"closed","ping_status":"closed","template":"100-width.php","meta":[],"yoast_head":"<!-- This site is optimized with the Yoast SEO plugin v21.7 - https:\/\/yoast.com\/wordpress\/plugins\/seo\/ -->\n<title>Phoque Moine - Pelagos Sanctuary<\/title>\n<meta name=\"description\" content=\"Le phoque moine \u00e9tait historiquement pr\u00e9sent le long des c\u00f4tes m\u00e9diterran\u00e9ennes, de la mer de Marmara, de la mer Noire, des c\u00f4tes africaines de l&#039;Atlantique, aux A\u00e7ores, \u00e0 Mad\u00e8re, aux Canaries et aux \u00eeles du Cap-Vert.\" \/>\n<meta name=\"robots\" content=\"index, follow, max-snippet:-1, max-image-preview:large, max-video-preview:-1\" \/>\n<link rel=\"canonical\" href=\"https:\/\/pelagos-sanctuary.org\/fr\/le-phoque-moine\/\" \/>\n<meta property=\"og:locale\" content=\"fr_FR\" \/>\n<meta property=\"og:type\" content=\"article\" \/>\n<meta property=\"og:title\" content=\"Phoque Moine - Pelagos Sanctuary\" \/>\n<meta property=\"og:description\" content=\"Le phoque moine \u00e9tait historiquement pr\u00e9sent le long des c\u00f4tes m\u00e9diterran\u00e9ennes, de la mer de Marmara, de la mer Noire, des c\u00f4tes africaines de l&#039;Atlantique, aux A\u00e7ores, \u00e0 Mad\u00e8re, aux Canaries et aux \u00eeles du Cap-Vert.\" \/>\n<meta property=\"og:url\" content=\"https:\/\/pelagos-sanctuary.org\/fr\/le-phoque-moine\/\" \/>\n<meta property=\"og:site_name\" content=\"Pelagos Sanctuary\" \/>\n<meta property=\"article:modified_time\" content=\"2024-10-31T16:20:51+00:00\" \/>\n<meta name=\"twitter:card\" content=\"summary_large_image\" \/>\n<meta name=\"twitter:label1\" content=\"Dur\u00e9e de lecture estim\u00e9e\" \/>\n\t<meta name=\"twitter:data1\" content=\"3 minutes\" \/>\n<script type=\"application\/ld+json\" class=\"yoast-schema-graph\">{\"@context\":\"https:\/\/schema.org\",\"@graph\":[{\"@type\":\"WebPage\",\"@id\":\"https:\/\/pelagos-sanctuary.org\/fr\/le-phoque-moine\/\",\"url\":\"https:\/\/pelagos-sanctuary.org\/fr\/le-phoque-moine\/\",\"name\":\"Phoque Moine - Pelagos Sanctuary\",\"isPartOf\":{\"@id\":\"https:\/\/pelagos-sanctuary.org\/fr\/#website\"},\"datePublished\":\"2023-11-27T14:20:42+00:00\",\"dateModified\":\"2024-10-31T16:20:51+00:00\",\"description\":\"Le phoque moine \u00e9tait historiquement pr\u00e9sent le long des c\u00f4tes m\u00e9diterran\u00e9ennes, de la mer de Marmara, de la mer Noire, des c\u00f4tes africaines de l'Atlantique, aux A\u00e7ores, \u00e0 Mad\u00e8re, aux Canaries et aux \u00eeles du Cap-Vert.\",\"breadcrumb\":{\"@id\":\"https:\/\/pelagos-sanctuary.org\/fr\/le-phoque-moine\/#breadcrumb\"},\"inLanguage\":\"fr-FR\",\"potentialAction\":[{\"@type\":\"ReadAction\",\"target\":[\"https:\/\/pelagos-sanctuary.org\/fr\/le-phoque-moine\/\"]}]},{\"@type\":\"BreadcrumbList\",\"@id\":\"https:\/\/pelagos-sanctuary.org\/fr\/le-phoque-moine\/#breadcrumb\",\"itemListElement\":[{\"@type\":\"ListItem\",\"position\":1,\"name\":\"Home\",\"item\":\"https:\/\/pelagos-sanctuary.org\/fr\/\"},{\"@type\":\"ListItem\",\"position\":2,\"name\":\"Phoque Moine\"}]},{\"@type\":\"WebSite\",\"@id\":\"https:\/\/pelagos-sanctuary.org\/fr\/#website\",\"url\":\"https:\/\/pelagos-sanctuary.org\/fr\/\",\"name\":\"Pelagos Sanctuary\",\"description\":\"sanctuary protecting marine mammals in the mediterranean sea\",\"potentialAction\":[{\"@type\":\"SearchAction\",\"target\":{\"@type\":\"EntryPoint\",\"urlTemplate\":\"https:\/\/pelagos-sanctuary.org\/fr\/?s={search_term_string}\"},\"query-input\":\"required name=search_term_string\"}],\"inLanguage\":\"fr-FR\"}]}<\/script>\n<!-- \/ Yoast SEO plugin. -->","yoast_head_json":{"title":"Phoque Moine - Pelagos Sanctuary","description":"Le phoque moine \u00e9tait historiquement pr\u00e9sent le long des c\u00f4tes m\u00e9diterran\u00e9ennes, de la mer de Marmara, de la mer Noire, des c\u00f4tes africaines de l'Atlantique, aux A\u00e7ores, \u00e0 Mad\u00e8re, aux Canaries et aux \u00eeles du Cap-Vert.","robots":{"index":"index","follow":"follow","max-snippet":"max-snippet:-1","max-image-preview":"max-image-preview:large","max-video-preview":"max-video-preview:-1"},"canonical":"https:\/\/pelagos-sanctuary.org\/fr\/le-phoque-moine\/","og_locale":"fr_FR","og_type":"article","og_title":"Phoque Moine - Pelagos Sanctuary","og_description":"Le phoque moine \u00e9tait historiquement pr\u00e9sent le long des c\u00f4tes m\u00e9diterran\u00e9ennes, de la mer de Marmara, de la mer Noire, des c\u00f4tes africaines de l'Atlantique, aux A\u00e7ores, \u00e0 Mad\u00e8re, aux Canaries et aux \u00eeles du Cap-Vert.","og_url":"https:\/\/pelagos-sanctuary.org\/fr\/le-phoque-moine\/","og_site_name":"Pelagos Sanctuary","article_modified_time":"2024-10-31T16:20:51+00:00","twitter_card":"summary_large_image","twitter_misc":{"Dur\u00e9e de lecture estim\u00e9e":"3 minutes"},"schema":{"@context":"https:\/\/schema.org","@graph":[{"@type":"WebPage","@id":"https:\/\/pelagos-sanctuary.org\/fr\/le-phoque-moine\/","url":"https:\/\/pelagos-sanctuary.org\/fr\/le-phoque-moine\/","name":"Phoque Moine - Pelagos Sanctuary","isPartOf":{"@id":"https:\/\/pelagos-sanctuary.org\/fr\/#website"},"datePublished":"2023-11-27T14:20:42+00:00","dateModified":"2024-10-31T16:20:51+00:00","description":"Le phoque moine \u00e9tait historiquement pr\u00e9sent le long des c\u00f4tes m\u00e9diterran\u00e9ennes, de la mer de Marmara, de la mer Noire, des c\u00f4tes africaines de l'Atlantique, aux A\u00e7ores, \u00e0 Mad\u00e8re, aux Canaries et aux \u00eeles du Cap-Vert.","breadcrumb":{"@id":"https:\/\/pelagos-sanctuary.org\/fr\/le-phoque-moine\/#breadcrumb"},"inLanguage":"fr-FR","potentialAction":[{"@type":"ReadAction","target":["https:\/\/pelagos-sanctuary.org\/fr\/le-phoque-moine\/"]}]},{"@type":"BreadcrumbList","@id":"https:\/\/pelagos-sanctuary.org\/fr\/le-phoque-moine\/#breadcrumb","itemListElement":[{"@type":"ListItem","position":1,"name":"Home","item":"https:\/\/pelagos-sanctuary.org\/fr\/"},{"@type":"ListItem","position":2,"name":"Phoque Moine"}]},{"@type":"WebSite","@id":"https:\/\/pelagos-sanctuary.org\/fr\/#website","url":"https:\/\/pelagos-sanctuary.org\/fr\/","name":"Pelagos Sanctuary","description":"sanctuary protecting marine mammals in the mediterranean sea","potentialAction":[{"@type":"SearchAction","target":{"@type":"EntryPoint","urlTemplate":"https:\/\/pelagos-sanctuary.org\/fr\/?s={search_term_string}"},"query-input":"required name=search_term_string"}],"inLanguage":"fr-FR"}]}},"acf":[],"_links":{"self":[{"href":"https:\/\/pelagos-sanctuary.org\/fr\/wp-json\/wp\/v2\/pages\/7921"}],"collection":[{"href":"https:\/\/pelagos-sanctuary.org\/fr\/wp-json\/wp\/v2\/pages"}],"about":[{"href":"https:\/\/pelagos-sanctuary.org\/fr\/wp-json\/wp\/v2\/types\/page"}],"author":[{"embeddable":true,"href":"https:\/\/pelagos-sanctuary.org\/fr\/wp-json\/wp\/v2\/users\/1"}],"replies":[{"embeddable":true,"href":"https:\/\/pelagos-sanctuary.org\/fr\/wp-json\/wp\/v2\/comments?post=7921"}],"version-history":[{"count":9,"href":"https:\/\/pelagos-sanctuary.org\/fr\/wp-json\/wp\/v2\/pages\/7921\/revisions"}],"predecessor-version":[{"id":10496,"href":"https:\/\/pelagos-sanctuary.org\/fr\/wp-json\/wp\/v2\/pages\/7921\/revisions\/10496"}],"wp:attachment":[{"href":"https:\/\/pelagos-sanctuary.org\/fr\/wp-json\/wp\/v2\/media?parent=7921"}],"curies":[{"name":"wp","href":"https:\/\/api.w.org\/{rel}","templated":true}]}}