{"id":7853,"date":"2023-11-27T10:58:33","date_gmt":"2023-11-27T09:58:33","guid":{"rendered":"https:\/\/pelagos-sanctuary.org\/politique-de-confidentialite\/"},"modified":"2023-12-16T10:54:06","modified_gmt":"2023-12-16T09:54:06","slug":"politique-de-confidentialite","status":"publish","type":"page","link":"https:\/\/pelagos-sanctuary.org\/fr\/politique-de-confidentialite\/","title":{"rendered":"POLITIQUE DE CONFIDENTIALIT\u00c9"},"content":{"rendered":"<p><div class=\"fusion-fullwidth fullwidth-box fusion-builder-row-1 fusion-flex-container has-pattern-background has-mask-background hundred-percent-fullwidth non-hundred-percent-height-scrolling\" style=\"--awb-border-radius-top-left:0px;--awb-border-radius-top-right:0px;--awb-border-radius-bottom-right:0px;--awb-border-radius-bottom-left:0px;--awb-padding-right:0px;--awb-padding-left:0px;--awb-flex-wrap:wrap;\" ><div class=\"fusion-builder-row fusion-row fusion-flex-align-items-flex-start fusion-flex-content-wrap\" style=\"width:104% !important;max-width:104% !important;margin-left: calc(-4% \/ 2 );margin-right: calc(-4% \/ 2 );\"><div class=\"fusion-layout-column fusion_builder_column fusion-builder-column-0 fusion_builder_column_1_1 1_1 fusion-flex-column\" style=\"--awb-bg-size:cover;--awb-width-large:100%;--awb-margin-top-large:0px;--awb-spacing-right-large:1.92%;--awb-margin-bottom-large:20px;--awb-spacing-left-large:1.92%;--awb-width-medium:100%;--awb-order-medium:0;--awb-spacing-right-medium:1.92%;--awb-spacing-left-medium:1.92%;--awb-width-small:100%;--awb-order-small:0;--awb-spacing-right-small:1.92%;--awb-spacing-left-small:1.92%;\"><div class=\"fusion-column-wrapper fusion-column-has-shadow fusion-flex-justify-content-flex-start fusion-content-layout-column\"><div class=\"fusion-image-element \" style=\"--awb-caption-title-font-family:var(--h2_typography-font-family);--awb-caption-title-font-weight:var(--h2_typography-font-weight);--awb-caption-title-font-style:var(--h2_typography-font-style);--awb-caption-title-size:var(--h2_typography-font-size);--awb-caption-title-transform:var(--h2_typography-text-transform);--awb-caption-title-line-height:var(--h2_typography-line-height);--awb-caption-title-letter-spacing:var(--h2_typography-letter-spacing);\"><span class=\" fusion-imageframe imageframe-none imageframe-1 hover-type-none\"><img decoding=\"async\" width=\"1920\" height=\"301\" title=\"Sans titre-11\" src=\"https:\/\/pelagos-sanctuary.org\/wp-content\/uploads\/2023\/11\/Sans-titre-11.jpg\" data-orig-src=\"https:\/\/pelagos-sanctuary.org\/wp-content\/uploads\/2023\/11\/Sans-titre-11.jpg\" alt class=\"lazyload img-responsive wp-image-6064\" srcset=\"data:image\/svg+xml,%3Csvg%20xmlns%3D%27http%3A%2F%2Fwww.w3.org%2F2000%2Fsvg%27%20width%3D%271920%27%20height%3D%27301%27%20viewBox%3D%270%200%201920%20301%27%3E%3Crect%20width%3D%271920%27%20height%3D%27301%27%20fill-opacity%3D%220%22%2F%3E%3C%2Fsvg%3E\" data-srcset=\"https:\/\/pelagos-sanctuary.org\/wp-content\/uploads\/2023\/11\/Sans-titre-11-200x31.jpg 200w, https:\/\/pelagos-sanctuary.org\/wp-content\/uploads\/2023\/11\/Sans-titre-11-400x63.jpg 400w, https:\/\/pelagos-sanctuary.org\/wp-content\/uploads\/2023\/11\/Sans-titre-11-600x94.jpg 600w, https:\/\/pelagos-sanctuary.org\/wp-content\/uploads\/2023\/11\/Sans-titre-11-800x125.jpg 800w, https:\/\/pelagos-sanctuary.org\/wp-content\/uploads\/2023\/11\/Sans-titre-11-1200x188.jpg 1200w, https:\/\/pelagos-sanctuary.org\/wp-content\/uploads\/2023\/11\/Sans-titre-11.jpg 1920w\" data-sizes=\"auto\" data-orig-sizes=\"(max-width: 1024px) 100vw, (max-width: 640px) 100vw, 1200px\" \/><\/span><\/div><\/div><\/div><\/div><\/div><div class=\"fusion-fullwidth fullwidth-box fusion-builder-row-2 fusion-flex-container has-pattern-background has-mask-background nonhundred-percent-fullwidth non-hundred-percent-height-scrolling\" style=\"--awb-border-radius-top-left:0px;--awb-border-radius-top-right:0px;--awb-border-radius-bottom-right:0px;--awb-border-radius-bottom-left:0px;--awb-flex-wrap:wrap;\" ><div class=\"fusion-builder-row fusion-row fusion-flex-align-items-flex-start fusion-flex-content-wrap\" style=\"max-width:1216.8px;margin-left: calc(-4% \/ 2 );margin-right: calc(-4% \/ 2 );\"><div class=\"fusion-layout-column fusion_builder_column fusion-builder-column-1 fusion_builder_column_1_1 1_1 fusion-flex-column\" style=\"--awb-padding-bottom:50px;--awb-bg-size:cover;--awb-width-large:100%;--awb-margin-top-large:0px;--awb-spacing-right-large:1.92%;--awb-margin-bottom-large:20px;--awb-spacing-left-large:1.92%;--awb-width-medium:100%;--awb-order-medium:0;--awb-spacing-right-medium:1.92%;--awb-spacing-left-medium:1.92%;--awb-width-small:100%;--awb-order-small:0;--awb-spacing-right-small:1.92%;--awb-spacing-left-small:1.92%;\"><div class=\"fusion-column-wrapper fusion-column-has-shadow fusion-flex-justify-content-flex-start fusion-content-layout-column\"><div class=\"fusion-title title fusion-title-1 fusion-sep-none fusion-title-text fusion-title-size-two\" style=\"--awb-margin-top:50px;\"><h2 class=\"fusion-title-heading title-heading-left\" style=\"margin:0;text-transform:uppercase;\"><b>FAIRE UN DON<\/b><\/h2><\/div><div class=\"fusion-text fusion-text-1\"><p><span style=\"font-weight: 400;\">Conform\u00e9ment \u00e0 l&#8217;art. 13 du R\u00e8glement (UE) 2016\/679 (&#8220;R\u00e8glement g\u00e9n\u00e9ral sur la protection des donn\u00e9es&#8221;, ci-apr\u00e8s d\u00e9nomm\u00e9 le &#8221; R\u00e8glement &#8220;), nous vous informons que les donn\u00e9es \u00e0 caract\u00e8re personnel fournies par les utilisateurs qui proc\u00e8dent \u00e0 un don seront utilis\u00e9es dans le seul but de r\u00e9pondre \u00e0 la demande elle-m\u00eame, sur la base de l&#8217;art. 6, para. 1, lettre b) du r\u00e8glement.<\/span><\/p>\n<p><span style=\"font-weight: 400;\">Les donn\u00e9es seront trait\u00e9es principalement par ordinateur afin de permettre une gestion correcte du don.<\/span><\/p>\n<p><span style=\"font-weight: 400;\">La soumission des donn\u00e9es personnelles du Donateur (Pr\u00e9nom, Nom et Adresse \u00e9lectronique) est libre et facultative, cependant, \u00e0 d\u00e9faut de les fournir, il sera impossible de proc\u00e9der au don ou \u00e0 la possibilit\u00e9 de remercier le Donateur.<\/span><\/p>\n<p><span style=\"font-weight: 400;\">Les donn\u00e9es du donateur peuvent \u00eatre consult\u00e9es et trait\u00e9es par les employ\u00e9s et les collaborateurs du responsable du traitement en leur qualit\u00e9 de responsables du traitement, ainsi que par les tiers (par exemple les gestionnaires de transactions) qui soutiennent le responsable du traitement dans la gestion du don ; les donn\u00e9es ne seront pas diffus\u00e9es.<\/span><\/p>\n<p><span style=\"font-weight: 400;\">Les donn\u00e9es ainsi collect\u00e9es seront conserv\u00e9es exclusivement pour r\u00e9pondre aux obligations l\u00e9gales du responsable du traitement. <\/span><\/p>\n<p><span style=\"font-weight: 400;\">D\u00e8s que l&#8217;utilisateur confirme le don, la session de navigation est automatiquement transf\u00e9r\u00e9e sur https:\/\/tpeweb.e-transactions.fr\/ , o\u00f9 l&#8217;utilisateur peut effectuer le paiement. <\/span><\/p>\n<p><span style=\"font-weight: 400;\">Les utilisateurs du site web, en tant que personnes concern\u00e9es, b\u00e9n\u00e9ficient des droits \u00e9nonc\u00e9s aux articles 15 et suivants du r\u00e8glement, et, entre autres, le droit de demander au responsable du traitement l&#8217;acc\u00e8s aux donn\u00e9es \u00e0 caract\u00e8re personnel, la rectification ou l&#8217;effacement des donn\u00e9es \u00e0 caract\u00e8re personnel ou la limitation du traitement des donn\u00e9es \u00e0 caract\u00e8re personnel les concernant ou de s&#8217;opposer \u00e0 leur traitement, ainsi que le droit d&#8217;obtenir des informations sur l&#8217;origine des donn\u00e9es, les finalit\u00e9s et les modalit\u00e9s de leur collecte et d&#8217;obtenir la suppression ou le verrouillage des donn\u00e9es trait\u00e9es en violation de la loi, d&#8217;obtenir des informations sur l&#8217;origine des donn\u00e9es, les finalit\u00e9s et les modalit\u00e9s de leur collecte et d&#8217;obtenir la suppression ou le verrouillage des donn\u00e9es trait\u00e9es en violation de la loi, en adressant une demande au responsable du traitement par lettre recommand\u00e9e au SECRETARIAT PERMANENT DE L&#8217;ACCORD PELAGOS dont le si\u00e8ge social est situ\u00e9 TOUR ODEON B1 36, AVENUE DE L&#8217;ANNONCIADE &#8211; MC 98000, MONACO.<\/span><\/p>\n<\/div><\/div><\/div><\/div><\/div><\/p>\n","protected":false},"excerpt":{"rendered":"","protected":false},"author":1,"featured_media":0,"parent":0,"menu_order":0,"comment_status":"closed","ping_status":"closed","template":"100-width.php","meta":[],"yoast_head":"<!-- This site is optimized with the Yoast SEO plugin v21.7 - https:\/\/yoast.com\/wordpress\/plugins\/seo\/ -->\n<title>POLITIQUE DE CONFIDENTIALIT\u00c9 - Pelagos Sanctuary<\/title>\n<meta name=\"robots\" content=\"noindex, follow\" \/>\n<meta property=\"og:locale\" content=\"fr_FR\" \/>\n<meta property=\"og:type\" content=\"article\" \/>\n<meta property=\"og:title\" content=\"POLITIQUE DE CONFIDENTIALIT\u00c9 - Pelagos Sanctuary\" \/>\n<meta property=\"og:url\" content=\"https:\/\/pelagos-sanctuary.org\/fr\/politique-de-confidentialite\/\" \/>\n<meta property=\"og:site_name\" content=\"Pelagos Sanctuary\" \/>\n<meta property=\"article:modified_time\" content=\"2023-12-16T09:54:06+00:00\" \/>\n<meta name=\"twitter:card\" content=\"summary_large_image\" \/>\n<meta name=\"twitter:label1\" content=\"Dur\u00e9e de lecture estim\u00e9e\" \/>\n\t<meta name=\"twitter:data1\" content=\"2 minutes\" \/>\n<script type=\"application\/ld+json\" class=\"yoast-schema-graph\">{\"@context\":\"https:\/\/schema.org\",\"@graph\":[{\"@type\":\"WebPage\",\"@id\":\"https:\/\/pelagos-sanctuary.org\/fr\/politique-de-confidentialite\/\",\"url\":\"https:\/\/pelagos-sanctuary.org\/fr\/politique-de-confidentialite\/\",\"name\":\"POLITIQUE DE CONFIDENTIALIT\u00c9 - Pelagos Sanctuary\",\"isPartOf\":{\"@id\":\"https:\/\/pelagos-sanctuary.org\/fr\/#website\"},\"datePublished\":\"2023-11-27T09:58:33+00:00\",\"dateModified\":\"2023-12-16T09:54:06+00:00\",\"breadcrumb\":{\"@id\":\"https:\/\/pelagos-sanctuary.org\/fr\/politique-de-confidentialite\/#breadcrumb\"},\"inLanguage\":\"fr-FR\",\"potentialAction\":[{\"@type\":\"ReadAction\",\"target\":[\"https:\/\/pelagos-sanctuary.org\/fr\/politique-de-confidentialite\/\"]}]},{\"@type\":\"BreadcrumbList\",\"@id\":\"https:\/\/pelagos-sanctuary.org\/fr\/politique-de-confidentialite\/#breadcrumb\",\"itemListElement\":[{\"@type\":\"ListItem\",\"position\":1,\"name\":\"Home\",\"item\":\"https:\/\/pelagos-sanctuary.org\/fr\/\"},{\"@type\":\"ListItem\",\"position\":2,\"name\":\"POLITIQUE DE CONFIDENTIALIT\u00c9\"}]},{\"@type\":\"WebSite\",\"@id\":\"https:\/\/pelagos-sanctuary.org\/fr\/#website\",\"url\":\"https:\/\/pelagos-sanctuary.org\/fr\/\",\"name\":\"Pelagos Sanctuary\",\"description\":\"sanctuary protecting marine mammals in the mediterranean sea\",\"potentialAction\":[{\"@type\":\"SearchAction\",\"target\":{\"@type\":\"EntryPoint\",\"urlTemplate\":\"https:\/\/pelagos-sanctuary.org\/fr\/?s={search_term_string}\"},\"query-input\":\"required name=search_term_string\"}],\"inLanguage\":\"fr-FR\"}]}<\/script>\n<!-- \/ Yoast SEO plugin. -->","yoast_head_json":{"title":"POLITIQUE DE CONFIDENTIALIT\u00c9 - Pelagos Sanctuary","robots":{"index":"noindex","follow":"follow"},"og_locale":"fr_FR","og_type":"article","og_title":"POLITIQUE DE CONFIDENTIALIT\u00c9 - Pelagos Sanctuary","og_url":"https:\/\/pelagos-sanctuary.org\/fr\/politique-de-confidentialite\/","og_site_name":"Pelagos Sanctuary","article_modified_time":"2023-12-16T09:54:06+00:00","twitter_card":"summary_large_image","twitter_misc":{"Dur\u00e9e de lecture estim\u00e9e":"2 minutes"},"schema":{"@context":"https:\/\/schema.org","@graph":[{"@type":"WebPage","@id":"https:\/\/pelagos-sanctuary.org\/fr\/politique-de-confidentialite\/","url":"https:\/\/pelagos-sanctuary.org\/fr\/politique-de-confidentialite\/","name":"POLITIQUE DE CONFIDENTIALIT\u00c9 - Pelagos Sanctuary","isPartOf":{"@id":"https:\/\/pelagos-sanctuary.org\/fr\/#website"},"datePublished":"2023-11-27T09:58:33+00:00","dateModified":"2023-12-16T09:54:06+00:00","breadcrumb":{"@id":"https:\/\/pelagos-sanctuary.org\/fr\/politique-de-confidentialite\/#breadcrumb"},"inLanguage":"fr-FR","potentialAction":[{"@type":"ReadAction","target":["https:\/\/pelagos-sanctuary.org\/fr\/politique-de-confidentialite\/"]}]},{"@type":"BreadcrumbList","@id":"https:\/\/pelagos-sanctuary.org\/fr\/politique-de-confidentialite\/#breadcrumb","itemListElement":[{"@type":"ListItem","position":1,"name":"Home","item":"https:\/\/pelagos-sanctuary.org\/fr\/"},{"@type":"ListItem","position":2,"name":"POLITIQUE DE CONFIDENTIALIT\u00c9"}]},{"@type":"WebSite","@id":"https:\/\/pelagos-sanctuary.org\/fr\/#website","url":"https:\/\/pelagos-sanctuary.org\/fr\/","name":"Pelagos Sanctuary","description":"sanctuary protecting marine mammals in the mediterranean sea","potentialAction":[{"@type":"SearchAction","target":{"@type":"EntryPoint","urlTemplate":"https:\/\/pelagos-sanctuary.org\/fr\/?s={search_term_string}"},"query-input":"required name=search_term_string"}],"inLanguage":"fr-FR"}]}},"acf":[],"_links":{"self":[{"href":"https:\/\/pelagos-sanctuary.org\/fr\/wp-json\/wp\/v2\/pages\/7853"}],"collection":[{"href":"https:\/\/pelagos-sanctuary.org\/fr\/wp-json\/wp\/v2\/pages"}],"about":[{"href":"https:\/\/pelagos-sanctuary.org\/fr\/wp-json\/wp\/v2\/types\/page"}],"author":[{"embeddable":true,"href":"https:\/\/pelagos-sanctuary.org\/fr\/wp-json\/wp\/v2\/users\/1"}],"replies":[{"embeddable":true,"href":"https:\/\/pelagos-sanctuary.org\/fr\/wp-json\/wp\/v2\/comments?post=7853"}],"version-history":[{"count":5,"href":"https:\/\/pelagos-sanctuary.org\/fr\/wp-json\/wp\/v2\/pages\/7853\/revisions"}],"predecessor-version":[{"id":8312,"href":"https:\/\/pelagos-sanctuary.org\/fr\/wp-json\/wp\/v2\/pages\/7853\/revisions\/8312"}],"wp:attachment":[{"href":"https:\/\/pelagos-sanctuary.org\/fr\/wp-json\/wp\/v2\/media?parent=7853"}],"curies":[{"name":"wp","href":"https:\/\/api.w.org\/{rel}","templated":true}]}}