{"id":7843,"date":"2023-01-30T10:54:08","date_gmt":"2023-01-30T09:54:08","guid":{"rendered":"https:\/\/pelagos-sanctuary.org\/politique-de-confidentialite-des-donnees\/"},"modified":"2023-12-10T10:34:02","modified_gmt":"2023-12-10T09:34:02","slug":"politique-de-confidentialite-des-donnees","status":"publish","type":"page","link":"https:\/\/pelagos-sanctuary.org\/fr\/politique-de-confidentialite-des-donnees\/","title":{"rendered":"Politique de confidentialit\u00e9 des donn\u00e9es"},"content":{"rendered":"<p><div class=\"fusion-fullwidth fullwidth-box fusion-builder-row-1 fusion-flex-container has-pattern-background has-mask-background hundred-percent-fullwidth non-hundred-percent-height-scrolling\" style=\"--awb-border-sizes-left:0px;--awb-border-sizes-right:0px;--awb-border-radius-top-left:0px;--awb-border-radius-top-right:0px;--awb-border-radius-bottom-right:0px;--awb-border-radius-bottom-left:0px;--awb-padding-top:0px;--awb-padding-right:0px;--awb-padding-left:0px;--awb-min-height:80px;--awb-flex-wrap:wrap;\" ><div class=\"fusion-builder-row fusion-row fusion-flex-align-items-flex-start fusion-flex-content-wrap\" style=\"width:104% !important;max-width:104% !important;margin-left: calc(-4% \/ 2 );margin-right: calc(-4% \/ 2 );\"><div class=\"fusion-layout-column fusion_builder_column fusion-builder-column-0 fusion_builder_column_1_1 1_1 fusion-flex-column\" style=\"--awb-bg-size:cover;--awb-width-large:100%;--awb-margin-top-large:0px;--awb-spacing-right-large:1.92%;--awb-margin-bottom-large:20px;--awb-spacing-left-large:1.92%;--awb-width-medium:100%;--awb-order-medium:0;--awb-spacing-right-medium:1.92%;--awb-spacing-left-medium:1.92%;--awb-width-small:100%;--awb-order-small:0;--awb-spacing-right-small:1.92%;--awb-spacing-left-small:1.92%;\"><div class=\"fusion-column-wrapper fusion-column-has-shadow fusion-flex-justify-content-flex-start fusion-content-layout-column\"><div class=\"fusion-image-element \" style=\"--awb-caption-title-font-family:var(--h2_typography-font-family);--awb-caption-title-font-weight:var(--h2_typography-font-weight);--awb-caption-title-font-style:var(--h2_typography-font-style);--awb-caption-title-size:var(--h2_typography-font-size);--awb-caption-title-transform:var(--h2_typography-text-transform);--awb-caption-title-line-height:var(--h2_typography-line-height);--awb-caption-title-letter-spacing:var(--h2_typography-letter-spacing);\"><span class=\" fusion-imageframe imageframe-none imageframe-1 hover-type-none\"><img decoding=\"async\" width=\"1886\" height=\"519\" title=\"background\" src=\"https:\/\/pelagos-sanctuary.org\/wp-content\/uploads\/2017\/02\/background.jpg\" data-orig-src=\"https:\/\/pelagos-sanctuary.org\/wp-content\/uploads\/2017\/02\/background.jpg\" alt class=\"lazyload img-responsive wp-image-4797\" srcset=\"data:image\/svg+xml,%3Csvg%20xmlns%3D%27http%3A%2F%2Fwww.w3.org%2F2000%2Fsvg%27%20width%3D%271886%27%20height%3D%27519%27%20viewBox%3D%270%200%201886%20519%27%3E%3Crect%20width%3D%271886%27%20height%3D%27519%27%20fill-opacity%3D%220%22%2F%3E%3C%2Fsvg%3E\" data-srcset=\"https:\/\/pelagos-sanctuary.org\/wp-content\/uploads\/2017\/02\/background-200x55.jpg 200w, https:\/\/pelagos-sanctuary.org\/wp-content\/uploads\/2017\/02\/background-400x110.jpg 400w, https:\/\/pelagos-sanctuary.org\/wp-content\/uploads\/2017\/02\/background-600x165.jpg 600w, https:\/\/pelagos-sanctuary.org\/wp-content\/uploads\/2017\/02\/background-800x220.jpg 800w, https:\/\/pelagos-sanctuary.org\/wp-content\/uploads\/2017\/02\/background-1200x330.jpg 1200w, https:\/\/pelagos-sanctuary.org\/wp-content\/uploads\/2017\/02\/background.jpg 1886w\" data-sizes=\"auto\" data-orig-sizes=\"(max-width: 1024px) 100vw, (max-width: 640px) 100vw, 1200px\" \/><\/span><\/div><\/div><\/div><\/div><\/div><div class=\"fusion-fullwidth fullwidth-box fusion-builder-row-2 fusion-flex-container has-pattern-background has-mask-background nonhundred-percent-fullwidth non-hundred-percent-height-scrolling\" style=\"--awb-border-radius-top-left:0px;--awb-border-radius-top-right:0px;--awb-border-radius-bottom-right:0px;--awb-border-radius-bottom-left:0px;--awb-flex-wrap:wrap;\" ><div class=\"fusion-builder-row fusion-row fusion-flex-align-items-flex-start fusion-flex-content-wrap\" style=\"max-width:1216.8px;margin-left: calc(-4% \/ 2 );margin-right: calc(-4% \/ 2 );\"><div class=\"fusion-layout-column fusion_builder_column fusion-builder-column-1 fusion_builder_column_1_1 1_1 fusion-flex-column\" style=\"--awb-bg-size:cover;--awb-width-large:100%;--awb-margin-top-large:50px;--awb-spacing-right-large:1.92%;--awb-margin-bottom-large:20px;--awb-spacing-left-large:1.92%;--awb-width-medium:100%;--awb-order-medium:0;--awb-spacing-right-medium:1.92%;--awb-spacing-left-medium:1.92%;--awb-width-small:100%;--awb-order-small:0;--awb-spacing-right-small:1.92%;--awb-spacing-left-small:1.92%;\"><div class=\"fusion-column-wrapper fusion-column-has-shadow fusion-flex-justify-content-flex-start fusion-content-layout-column\"><div class=\"fusion-text fusion-text-1\"><p><b>INFORMATIONS SUR LE TRAITEMENT DES DONN\u00c9ES PERSONNELLES<\/b><\/p>\n<p><b>Utilisateurs <\/b><\/p>\n<p><span style=\"font-weight: 400;\">Ces informations sont pr\u00e9vues conform\u00e9ment \u00e0 l&#8217;article 13 du R\u00e8glement (UE) 2016\/679 (&#8221; R\u00e8glement g\u00e9n\u00e9ral sur la protection des donn\u00e9es &#8220;, ci-apr\u00e8s d\u00e9nomm\u00e9 le &#8221; R\u00e8glement &#8220;) ainsi qu&#8217;\u00e0 la Recommandation n\u00b0 2\/2001 adopt\u00e9e par le Groupe de travail institu\u00e9 par l&#8217;article 29 de la Directive n\u00b0 95\/46\/CE, et est dispos\u00e9 \u00e0 informer les visiteurs du site web de l&#8217;utilisation des donn\u00e9es personnelles saisies ou laiss\u00e9es lors de la navigation.<\/span><\/p>\n<p><span style=\"font-weight: 400;\">En utilisant l&#8217;un de nos services et\/ou en acceptant cette politique, l\u2019utilisateur consent \u00e0 la collecte et \u00e0 l&#8217;utilisation de ses informations personnelles comme d\u00e9crit ci-dessous.<\/span><\/p>\n<p><span style=\"font-weight: 400;\">La pr\u00e9sente politique ne concerne que le site web du SECRETARIAT PERMANENT DE L&#8217;ACCORD PELAGOS (ci-apr\u00e8s d\u00e9nomm\u00e9 &#8220;PELAGOS&#8221;) \u00e0 l&#8217;adresse www.pelagos-sanctuary.org, et non d&#8217;autres sites web que l&#8217;utilisateur peut consulter par le biais de liens.<\/span><\/p>\n<p><b>GESTIONNAIRE DES DONN\u00c9ES<\/b><\/p>\n<p><span style=\"font-weight: 400;\">Le gestionnaire du traitement est le SECRETARIAT PERMANENT DE L&#8217;ACCORD PELAGOS dont le si\u00e8ge social est situ\u00e9 \u00e0 la Tour Od\u00e9on B1 36, avenue de l&#8217;Annonciade &#8211; MC &#8211; 98000 Monaco.<\/span><\/p>\n<p><b>LIEU DU TRAITEMENT DES DONN\u00c9ES<\/b><\/p>\n<p><span style=\"font-weight: 400;\">Les traitements li\u00e9s aux services web de ce site ont lieu tant au si\u00e8ge social qu&#8217;aux bureaux op\u00e9rationnels. Le traitement des donn\u00e9es est effectu\u00e9 uniquement par le personnel en charge du traitement, aussi bien interne que par les \u00e9ventuelles personnes externes charg\u00e9es des op\u00e9rations occasionnelles de maintenance du syst\u00e8me.<\/span><\/p>\n<p><span style=\"font-weight: 400;\">Aucune donn\u00e9e d\u00e9rivant du service web n&#8217;est divulgu\u00e9e ou communiqu\u00e9e \u00e0 des tiers, \u00e0 l&#8217;exception des exigences techniques ou des demandes des autorit\u00e9s judiciaires, comme expliqu\u00e9 ci-dessous.<\/span><\/p>\n<p><b>TRAITEMENT DES DONN\u00c9ES<\/b><\/p>\n<p><span style=\"font-weight: 400;\">PELAGOS collecte des donn\u00e9es \u00e0 caract\u00e8re personnel par le biais du site lorsque les formulaires relatifs au don, \u00e0 l&#8217;adh\u00e9sion au code de bonne conduite (Ambassadeur Pelagos) sont remplis, ou que des messages sont envoy\u00e9s par e-mail \u00e0 l&#8217;adresse figurant sur la page d&#8217;accueil.<\/span><\/p>\n<p><span style=\"font-weight: 400;\">On entend par donn\u00e9es \u00e0 caract\u00e8re personnel toute information concernant une personne physique identifi\u00e9e ou identifiable par r\u00e9f\u00e9rence notamment \u00e0 un identifiant tel qu&#8217;un nom, un identifiant en ligne ou un ou plusieurs \u00e9l\u00e9ments caract\u00e9ristiques de son identit\u00e9 physique, physiologique, psychologique, \u00e9conomique, culturelle ou sociale.<\/span><\/p>\n<p><span style=\"font-weight: 400;\">Lors de la navigation sur le site, les donn\u00e9es personnelles collect\u00e9es peuvent \u00eatre :<\/span><\/p>\n<p><b>Donn\u00e9es de navigation<\/b><\/p>\n<p><span style=\"font-weight: 400;\">Les syst\u00e8mes informatiques et les proc\u00e9dures logicielles utilis\u00e9s pour faire fonctionner ce site web acqui\u00e8rent, au cours de leur fonctionnement normal, certaines donn\u00e9es personnelles dont la transmission est implicite dans l&#8217;utilisation des protocoles de communication d&#8217;Internet. Ces informations ne sont pas collect\u00e9es pour \u00eatre associ\u00e9es \u00e0 des personnes int\u00e9ress\u00e9es identifi\u00e9es, mais, de par leur nature m\u00eame, elles pourraient, par le biais de traitements et d&#8217;associations avec des donn\u00e9es d\u00e9tenues par des tiers, permettre d&#8217;identifier les utilisateurs. Cette cat\u00e9gorie de donn\u00e9es comprend les adresses IP ou les noms de domaine des ordinateurs utilis\u00e9s par les utilisateurs qui se connectent au site, les adresses de notation URI (Uniform Resource Identifier) des ressources demand\u00e9es, l&#8217;heure de la demande, la m\u00e9thode utilis\u00e9e pour soumettre la demande au serveur, la taille du fichier obtenu en r\u00e9ponse, le code num\u00e9rique indiquant l&#8217;\u00e9tat de la r\u00e9ponse donn\u00e9e par le serveur (succ\u00e8s, erreur&#8230;.) et d&#8217;autres param\u00e8tres relatifs au syst\u00e8me d&#8217;exploitation et \u00e0 l&#8217;environnement de l&#8217;ordinateur de l&#8217;utilisateur.<\/span><\/p>\n<p><b>Donn\u00e9es transmises volontairement<\/b><\/p>\n<p><span style=\"font-weight: 400;\">A travers le site, l\u2019utilisateur a la possibilit\u00e9 de laisser volontairement certaines donn\u00e9es telles que son nom, pr\u00e9nom et adresse e-mail, \u00e0 travers le formulaire de la page &#8220;FAIRE UN DON&#8221; ou en transmettant un e-mail \u00e0 l&#8217;adresse indiqu\u00e9e sur le site.<\/span><\/p>\n<p><span style=\"font-weight: 400;\">PELAGOS traitera ces donn\u00e9es dans le plein respect de la r\u00e9glementation, en supposant qu&#8217;elles soient transmises \u00e0 l\u2019utilisateur ou \u00e0 des tiers qui vous ont express\u00e9ment autoris\u00e9 \u00e0 les fournir sur la base d&#8217;un fondement juridique correct l\u00e9gitimant le traitement des donn\u00e9es en question.<\/span><\/p>\n<p><b>Cookies et technologies associ\u00e9es<\/b><\/p>\n<p><span style=\"font-weight: 400;\">Pelagos collecte des donn\u00e9es personnelles par le biais de cookies. De plus amples informations sur l&#8217;utilisation de ces technologies seront expliqu\u00e9es dans le lien suivant : Politique en mati\u00e8re de cookies <\/span><span style=\"font-weight: 400;\">lien<\/span><span style=\"font-weight: 400;\">.<\/span><\/p>\n<p><b>OBJECTIFS DU TRAITEMENT DES DONNEES <\/b><\/p>\n<ul>\n<li style=\"font-weight: 400;\" aria-level=\"1\"><span style=\"font-weight: 400;\">&#8211; \u00e0 des fins de r\u00e9ponse aux demandes d&#8217;information, y compris celles envoy\u00e9es par e-mail au contact indiqu\u00e9 sur le site.<\/span><\/li>\n<li style=\"font-weight: 400;\" aria-level=\"1\"><span style=\"font-weight: 400;\">&#8211; \u00e0 des fins li\u00e9es \u00e0 l&#8217;ex\u00e9cution d&#8217;un contrat auquel l\u2019utilisateur est partie, tel qu&#8217;un don. La base juridique est la d\u00e9livrance d&#8217;un service ou la r\u00e9ponse \u00e0 une demande et ne n\u00e9cessite pas de consentement. Elle n&#8217;implique pas le traitement de donn\u00e9es \u00e0 caract\u00e8re personnel.<\/span><\/li>\n<li style=\"font-weight: 400;\" aria-level=\"1\"><span style=\"font-weight: 400;\">&#8211; \u00e0 des fins li\u00e9es aux obligations l\u00e9gales auxquelles PELAGOS est soumise, telles que le traitement administratif du don. Traitement l\u00e9gitime au sens de la l\u00e9gislation en vigueur.<\/span><\/li>\n<li style=\"font-weight: 400;\" aria-level=\"1\"><span style=\"font-weight: 400;\">&#8211; \u00e0 des fins n\u00e9cessaires \u00e0 la constatation, \u00e0 l&#8217;exercice ou \u00e0 la d\u00e9fense d&#8217;un droit en justice. Traitement l\u00e9gitime au sens de la l\u00e9gislation en vigueur.<\/span><\/li>\n<li style=\"font-weight: 400;\" aria-level=\"1\"><span style=\"font-weight: 400;\">&#8211; le traitement des donn\u00e9es des utilisateurs aux fins susmentionn\u00e9es est n\u00e9cessaire : sans lui, il ne sera pas possible de donner suite \u00e0 la demande de l\u2019utilisateur.<\/span><\/li>\n<li style=\"font-weight: 400;\" aria-level=\"1\"><span style=\"font-weight: 400;\">&#8211; \u00e0 des fins li\u00e9es \u00e0 l&#8217;envoi de la newsletter pour lesquelles le consentement explicite de l&#8217;utilisateur sera recueilli.<\/span><\/li>\n<\/ul>\n<p><b>DESTINATAIRES DES DONN\u00c9ES <\/b><\/p>\n<p><span style=\"font-weight: 400;\">Aucune donn\u00e9e d\u00e9rivant du service web (c&#8217;est-\u00e0-dire les donn\u00e9es de navigation sp\u00e9cifi\u00e9es ci-dessus et les cookies) n&#8217;est communiqu\u00e9e ou diffus\u00e9e (\u00e0 l&#8217;exception de la communication aux organes judiciaires ou de police en cas de n\u00e9cessit\u00e9). Les donn\u00e9es sont trait\u00e9es par le personnel sp\u00e9cifiquement d\u00e9sign\u00e9 pour traiter les donn\u00e9es (personnel administratif et de relations publiques, y compris externe \u00e0 l&#8217;entreprise). Elles peuvent \u00e9galement \u00eatre trait\u00e9es par des sous-traitants d\u00e9sign\u00e9s en vertu de l&#8217;article 28 du r\u00e8glement (par exemple, les fournisseurs de services de d\u00e9veloppement, de livraison et de gestion op\u00e9rationnelle des plates-formes technologiques utilis\u00e9es). Les entreprises externes peuvent \u00e9galement traiter les donn\u00e9es par l&#8217;interm\u00e9diaire de personnes sp\u00e9cialement d\u00e9sign\u00e9es qui peuvent exercer les m\u00eames activit\u00e9s et traiter les donn\u00e9es aux m\u00eames fins que celles pour lesquelles les sous-traitants ont \u00e9t\u00e9 d\u00e9sign\u00e9s par le responsable du traitement. Les donn\u00e9es fournies par l&#8217;utilisateur peuvent \u00eatre communiqu\u00e9es aux parties pour lesquelles il existe une obligation de communication conform\u00e9ment \u00e0 la loi ou une n\u00e9cessit\u00e9 de communication pour faire valoir un droit l\u00e9gitime de l&#8217;entreprise aupr\u00e8s des autorit\u00e9s comp\u00e9tentes.<\/span><\/p>\n<p><b>DUR\u00c9E DE CONSERVATION <\/b><\/p>\n<p><span style=\"font-weight: 400;\">PELAGOS traite les donn\u00e9es de l&#8217;utilisateur pendant la dur\u00e9e strictement n\u00e9cessaire \u00e0 la r\u00e9alisation des finalit\u00e9s susmentionn\u00e9es et veille \u00e0 ce que le traitement informatique et papier des donn\u00e9es par les destinataires soit effectu\u00e9 dans le respect de la r\u00e9glementation.<\/span><\/p>\n<p><span style=\"font-weight: 400;\">L&#8217;utilisateur peut, \u00e0 tout moment, demander l&#8217;interruption du traitement ou l&#8217;annulation et\/ou la limitation des donn\u00e9es.<\/span><\/p>\n<p><b>TRANSFERT DE DONN\u00c9ES<\/b><\/p>\n<p><span style=\"font-weight: 400;\">Le responsable du traitement ne transf\u00e8re pas de donn\u00e9es personnelles \u00e0 des pays tiers ou \u00e0 des organisations internationales.<\/span><\/p>\n<p><b>DROITS DES PERSONNES CONCERN\u00c9ES<\/b><\/p>\n<p><span style=\"font-weight: 400;\">Les personnes concern\u00e9es ont le droit d&#8217;obtenir du responsable du traitement l&#8217;acc\u00e8s aux donn\u00e9es \u00e0 caract\u00e8re personnel les concernant, leur rectification ou leur effacement, la limitation du traitement les concernant ou de s&#8217;opposer au traitement (art. 15 et suivants du r\u00e8glement). La personne concern\u00e9e peut exercer ses droits en \u00e9crivant au responsable du traitement \u00e0 l&#8217;adresse suivante : SECRETARIAT PERMANENT DE L&#8217;ACCORD PELAGOS dont le si\u00e8ge social est situ\u00e9 Tour Od\u00e9on B1 36, avenue de l&#8217;Annonciade &#8211; MC &#8211; 98000 Monaco ou en envoyant un courrier \u00e9lectronique ordinaire \u00e0 <\/span><a href=\"mailto:secretariat@pelagossanctuary.org\"><span style=\"font-weight: 400;\">secretariat@pelagossanctuary.org<\/span><\/a><span style=\"font-weight: 400;\">.<\/span><\/p>\n<p><b>INFORMATIONS NON CONTENUES DANS CETTE POLITIQUE <\/b><\/p>\n<p><span style=\"font-weight: 400;\">De plus amples informations concernant le traitement des donn\u00e9es \u00e0 caract\u00e8re personnel peuvent \u00eatre demand\u00e9es \u00e0 tout moment au responsable du traitement des donn\u00e9es en utilisant les coordonn\u00e9es de contact.<\/span><\/p>\n<p><b>MODIFICATIONS DE LA POLITIQUE DE CONFIDENTIALIT\u00c9 <\/b><\/p>\n<p><span style=\"font-weight: 400;\">Le responsable du traitement se r\u00e9serve le droit d&#8217;apporter \u00e0 tout moment des modifications \u00e0 la pr\u00e9sente politique de confidentialit\u00e9 en les communiquant aux utilisateurs sur cette page. L&#8217;utilisateur est donc invit\u00e9 \u00e0 consulter r\u00e9guli\u00e8rement la page, en prenant pour r\u00e9f\u00e9rence la date de la derni\u00e8re modification indiqu\u00e9e en bas de page. Si l&#8217;utilisateur n&#8217;accepte pas les modifications apport\u00e9es \u00e0 cette politique de confidentialit\u00e9, il doit cesser d&#8217;utiliser ce site web et peut demander au responsable du traitement de supprimer les donn\u00e9es personnelles, sauf indication contraire. <\/span><\/p>\n<p><span style=\"font-weight: 400;\">Cette politique de confidentialit\u00e9 ne s&#8217;applique qu&#8217;\u00e0 ce site web.<\/span><\/p>\n<p><b>Validit\u00e9 de l&#8217;avis d&#8217;information <\/b><\/p>\n<p><span style=\"font-weight: 400;\">L&#8217;\u00e9ventuelle entr\u00e9e en vigueur de nouvelles r\u00e9glementations sectorielles, la mise \u00e0 jour des diff\u00e9rents types de cookies ou les innovations technologiques peuvent n\u00e9cessiter la modification de cette politique. Il est donc possible qu&#8217;elle soit modifi\u00e9e au fil du temps. L&#8217;utilisateur est donc invit\u00e9 \u00e0 consulter r\u00e9guli\u00e8rement cette page.<\/span><\/p>\n<p><span style=\"font-weight: 400;\">Consid\u00e9rant que l&#8217;\u00e9tat de perfection des m\u00e9canismes de contr\u00f4le automatique ne les rend pas actuellement exempts d&#8217;erreurs et de dysfonctionnements, il est pr\u00e9cis\u00e9 que le pr\u00e9sent document, publi\u00e9 \u00e0 l&#8217;adresse<\/span><\/p>\n<p><a href=\"http:\/\/www.pelagos-sanctuary.org\"><span style=\"font-weight: 400;\">www.pelagos-sanctuary.org<\/span><\/a><\/p>\n<p><span style=\"font-weight: 400;\">constitue la &#8220;Politique de confidentialit\u00e9&#8221; de ce site, qui fera l&#8217;objet de mises \u00e0 jour.<\/span><\/p>\n<p><span style=\"font-weight: 400;\">Derni\u00e8re mise \u00e0 jour : novembre 2023<\/span><\/p>\n<\/div><\/div><\/div><\/div><\/div><\/p>\n","protected":false},"excerpt":{"rendered":"","protected":false},"author":1,"featured_media":0,"parent":0,"menu_order":0,"comment_status":"closed","ping_status":"open","template":"100-width.php","meta":[],"yoast_head":"<!-- This site is optimized with the Yoast SEO plugin v21.7 - https:\/\/yoast.com\/wordpress\/plugins\/seo\/ -->\n<title>Politique de confidentialit\u00e9 des donn\u00e9es - Pelagos Sanctuary<\/title>\n<meta name=\"robots\" content=\"noindex, follow\" \/>\n<meta property=\"og:locale\" content=\"fr_FR\" \/>\n<meta property=\"og:type\" content=\"article\" \/>\n<meta property=\"og:title\" content=\"Politique de confidentialit\u00e9 des donn\u00e9es - Pelagos Sanctuary\" \/>\n<meta property=\"og:url\" content=\"https:\/\/pelagos-sanctuary.org\/fr\/politique-de-confidentialite-des-donnees\/\" \/>\n<meta property=\"og:site_name\" content=\"Pelagos Sanctuary\" \/>\n<meta property=\"article:modified_time\" content=\"2023-12-10T09:34:02+00:00\" \/>\n<meta name=\"twitter:card\" content=\"summary_large_image\" \/>\n<meta name=\"twitter:label1\" content=\"Dur\u00e9e de lecture estim\u00e9e\" \/>\n\t<meta name=\"twitter:data1\" content=\"10 minutes\" \/>\n<script type=\"application\/ld+json\" class=\"yoast-schema-graph\">{\"@context\":\"https:\/\/schema.org\",\"@graph\":[{\"@type\":\"WebPage\",\"@id\":\"https:\/\/pelagos-sanctuary.org\/fr\/politique-de-confidentialite-des-donnees\/\",\"url\":\"https:\/\/pelagos-sanctuary.org\/fr\/politique-de-confidentialite-des-donnees\/\",\"name\":\"Politique de confidentialit\u00e9 des donn\u00e9es - Pelagos Sanctuary\",\"isPartOf\":{\"@id\":\"https:\/\/pelagos-sanctuary.org\/fr\/#website\"},\"datePublished\":\"2023-01-30T09:54:08+00:00\",\"dateModified\":\"2023-12-10T09:34:02+00:00\",\"breadcrumb\":{\"@id\":\"https:\/\/pelagos-sanctuary.org\/fr\/politique-de-confidentialite-des-donnees\/#breadcrumb\"},\"inLanguage\":\"fr-FR\",\"potentialAction\":[{\"@type\":\"ReadAction\",\"target\":[\"https:\/\/pelagos-sanctuary.org\/fr\/politique-de-confidentialite-des-donnees\/\"]}]},{\"@type\":\"BreadcrumbList\",\"@id\":\"https:\/\/pelagos-sanctuary.org\/fr\/politique-de-confidentialite-des-donnees\/#breadcrumb\",\"itemListElement\":[{\"@type\":\"ListItem\",\"position\":1,\"name\":\"Home\",\"item\":\"https:\/\/pelagos-sanctuary.org\/fr\/\"},{\"@type\":\"ListItem\",\"position\":2,\"name\":\"Politique de confidentialit\u00e9 des donn\u00e9es\"}]},{\"@type\":\"WebSite\",\"@id\":\"https:\/\/pelagos-sanctuary.org\/fr\/#website\",\"url\":\"https:\/\/pelagos-sanctuary.org\/fr\/\",\"name\":\"Pelagos Sanctuary\",\"description\":\"sanctuary protecting marine mammals in the mediterranean sea\",\"potentialAction\":[{\"@type\":\"SearchAction\",\"target\":{\"@type\":\"EntryPoint\",\"urlTemplate\":\"https:\/\/pelagos-sanctuary.org\/fr\/?s={search_term_string}\"},\"query-input\":\"required name=search_term_string\"}],\"inLanguage\":\"fr-FR\"}]}<\/script>\n<!-- \/ Yoast SEO plugin. -->","yoast_head_json":{"title":"Politique de confidentialit\u00e9 des donn\u00e9es - Pelagos Sanctuary","robots":{"index":"noindex","follow":"follow"},"og_locale":"fr_FR","og_type":"article","og_title":"Politique de confidentialit\u00e9 des donn\u00e9es - Pelagos Sanctuary","og_url":"https:\/\/pelagos-sanctuary.org\/fr\/politique-de-confidentialite-des-donnees\/","og_site_name":"Pelagos Sanctuary","article_modified_time":"2023-12-10T09:34:02+00:00","twitter_card":"summary_large_image","twitter_misc":{"Dur\u00e9e de lecture estim\u00e9e":"10 minutes"},"schema":{"@context":"https:\/\/schema.org","@graph":[{"@type":"WebPage","@id":"https:\/\/pelagos-sanctuary.org\/fr\/politique-de-confidentialite-des-donnees\/","url":"https:\/\/pelagos-sanctuary.org\/fr\/politique-de-confidentialite-des-donnees\/","name":"Politique de confidentialit\u00e9 des donn\u00e9es - Pelagos Sanctuary","isPartOf":{"@id":"https:\/\/pelagos-sanctuary.org\/fr\/#website"},"datePublished":"2023-01-30T09:54:08+00:00","dateModified":"2023-12-10T09:34:02+00:00","breadcrumb":{"@id":"https:\/\/pelagos-sanctuary.org\/fr\/politique-de-confidentialite-des-donnees\/#breadcrumb"},"inLanguage":"fr-FR","potentialAction":[{"@type":"ReadAction","target":["https:\/\/pelagos-sanctuary.org\/fr\/politique-de-confidentialite-des-donnees\/"]}]},{"@type":"BreadcrumbList","@id":"https:\/\/pelagos-sanctuary.org\/fr\/politique-de-confidentialite-des-donnees\/#breadcrumb","itemListElement":[{"@type":"ListItem","position":1,"name":"Home","item":"https:\/\/pelagos-sanctuary.org\/fr\/"},{"@type":"ListItem","position":2,"name":"Politique de confidentialit\u00e9 des donn\u00e9es"}]},{"@type":"WebSite","@id":"https:\/\/pelagos-sanctuary.org\/fr\/#website","url":"https:\/\/pelagos-sanctuary.org\/fr\/","name":"Pelagos Sanctuary","description":"sanctuary protecting marine mammals in the mediterranean sea","potentialAction":[{"@type":"SearchAction","target":{"@type":"EntryPoint","urlTemplate":"https:\/\/pelagos-sanctuary.org\/fr\/?s={search_term_string}"},"query-input":"required name=search_term_string"}],"inLanguage":"fr-FR"}]}},"acf":[],"_links":{"self":[{"href":"https:\/\/pelagos-sanctuary.org\/fr\/wp-json\/wp\/v2\/pages\/7843"}],"collection":[{"href":"https:\/\/pelagos-sanctuary.org\/fr\/wp-json\/wp\/v2\/pages"}],"about":[{"href":"https:\/\/pelagos-sanctuary.org\/fr\/wp-json\/wp\/v2\/types\/page"}],"author":[{"embeddable":true,"href":"https:\/\/pelagos-sanctuary.org\/fr\/wp-json\/wp\/v2\/users\/1"}],"replies":[{"embeddable":true,"href":"https:\/\/pelagos-sanctuary.org\/fr\/wp-json\/wp\/v2\/comments?post=7843"}],"version-history":[{"count":3,"href":"https:\/\/pelagos-sanctuary.org\/fr\/wp-json\/wp\/v2\/pages\/7843\/revisions"}],"predecessor-version":[{"id":7846,"href":"https:\/\/pelagos-sanctuary.org\/fr\/wp-json\/wp\/v2\/pages\/7843\/revisions\/7846"}],"wp:attachment":[{"href":"https:\/\/pelagos-sanctuary.org\/fr\/wp-json\/wp\/v2\/media?parent=7843"}],"curies":[{"name":"wp","href":"https:\/\/api.w.org\/{rel}","templated":true}]}}