{"id":7828,"date":"2023-11-27T11:09:37","date_gmt":"2023-11-27T10:09:37","guid":{"rendered":"https:\/\/pelagos-sanctuary.org\/inscription-a-la-newsletter\/"},"modified":"2024-01-26T15:25:15","modified_gmt":"2024-01-26T14:25:15","slug":"inscription-a-la-newsletter","status":"publish","type":"page","link":"https:\/\/pelagos-sanctuary.org\/fr\/inscription-a-la-newsletter\/","title":{"rendered":"Politique de confidentialit\u00e9 pour les newsletters"},"content":{"rendered":"<p><div class=\"fusion-fullwidth fullwidth-box fusion-builder-row-1 fusion-flex-container has-pattern-background has-mask-background hundred-percent-fullwidth non-hundred-percent-height-scrolling\" style=\"--awb-border-radius-top-left:0px;--awb-border-radius-top-right:0px;--awb-border-radius-bottom-right:0px;--awb-border-radius-bottom-left:0px;--awb-padding-right:0px;--awb-padding-left:0px;--awb-flex-wrap:wrap;\" ><div class=\"fusion-builder-row fusion-row fusion-flex-align-items-flex-start fusion-flex-content-wrap\" style=\"width:104% !important;max-width:104% !important;margin-left: calc(-4% \/ 2 );margin-right: calc(-4% \/ 2 );\"><div class=\"fusion-layout-column fusion_builder_column fusion-builder-column-0 fusion_builder_column_1_1 1_1 fusion-flex-column\" style=\"--awb-bg-size:cover;--awb-width-large:100%;--awb-margin-top-large:0px;--awb-spacing-right-large:1.92%;--awb-margin-bottom-large:20px;--awb-spacing-left-large:1.92%;--awb-width-medium:100%;--awb-order-medium:0;--awb-spacing-right-medium:1.92%;--awb-spacing-left-medium:1.92%;--awb-width-small:100%;--awb-order-small:0;--awb-spacing-right-small:1.92%;--awb-spacing-left-small:1.92%;\"><div class=\"fusion-column-wrapper fusion-column-has-shadow fusion-flex-justify-content-flex-start fusion-content-layout-column\"><div class=\"fusion-image-element \" style=\"--awb-caption-title-font-family:var(--h2_typography-font-family);--awb-caption-title-font-weight:var(--h2_typography-font-weight);--awb-caption-title-font-style:var(--h2_typography-font-style);--awb-caption-title-size:var(--h2_typography-font-size);--awb-caption-title-transform:var(--h2_typography-text-transform);--awb-caption-title-line-height:var(--h2_typography-line-height);--awb-caption-title-letter-spacing:var(--h2_typography-letter-spacing);\"><span class=\" fusion-imageframe imageframe-none imageframe-1 hover-type-none\"><img decoding=\"async\" width=\"1920\" height=\"301\" title=\"Sans titre-11\" src=\"https:\/\/pelagos-sanctuary.org\/wp-content\/uploads\/2023\/11\/Sans-titre-11.jpg\" data-orig-src=\"https:\/\/pelagos-sanctuary.org\/wp-content\/uploads\/2023\/11\/Sans-titre-11.jpg\" alt class=\"lazyload img-responsive wp-image-6064\" srcset=\"data:image\/svg+xml,%3Csvg%20xmlns%3D%27http%3A%2F%2Fwww.w3.org%2F2000%2Fsvg%27%20width%3D%271920%27%20height%3D%27301%27%20viewBox%3D%270%200%201920%20301%27%3E%3Crect%20width%3D%271920%27%20height%3D%27301%27%20fill-opacity%3D%220%22%2F%3E%3C%2Fsvg%3E\" data-srcset=\"https:\/\/pelagos-sanctuary.org\/wp-content\/uploads\/2023\/11\/Sans-titre-11-200x31.jpg 200w, https:\/\/pelagos-sanctuary.org\/wp-content\/uploads\/2023\/11\/Sans-titre-11-400x63.jpg 400w, https:\/\/pelagos-sanctuary.org\/wp-content\/uploads\/2023\/11\/Sans-titre-11-600x94.jpg 600w, https:\/\/pelagos-sanctuary.org\/wp-content\/uploads\/2023\/11\/Sans-titre-11-800x125.jpg 800w, https:\/\/pelagos-sanctuary.org\/wp-content\/uploads\/2023\/11\/Sans-titre-11-1200x188.jpg 1200w, https:\/\/pelagos-sanctuary.org\/wp-content\/uploads\/2023\/11\/Sans-titre-11.jpg 1920w\" data-sizes=\"auto\" data-orig-sizes=\"(max-width: 1024px) 100vw, (max-width: 640px) 100vw, 1200px\" \/><\/span><\/div><\/div><\/div><\/div><\/div><div class=\"fusion-fullwidth fullwidth-box fusion-builder-row-2 fusion-flex-container has-pattern-background has-mask-background nonhundred-percent-fullwidth non-hundred-percent-height-scrolling\" style=\"--awb-border-radius-top-left:0px;--awb-border-radius-top-right:0px;--awb-border-radius-bottom-right:0px;--awb-border-radius-bottom-left:0px;--awb-flex-wrap:wrap;\" ><div class=\"fusion-builder-row fusion-row fusion-flex-align-items-flex-start fusion-flex-content-wrap\" style=\"max-width:1216.8px;margin-left: calc(-4% \/ 2 );margin-right: calc(-4% \/ 2 );\"><div class=\"fusion-layout-column fusion_builder_column fusion-builder-column-1 fusion_builder_column_1_1 1_1 fusion-flex-column\" style=\"--awb-padding-bottom:50px;--awb-bg-size:cover;--awb-width-large:100%;--awb-margin-top-large:0px;--awb-spacing-right-large:1.92%;--awb-margin-bottom-large:20px;--awb-spacing-left-large:1.92%;--awb-width-medium:100%;--awb-order-medium:0;--awb-spacing-right-medium:1.92%;--awb-spacing-left-medium:1.92%;--awb-width-small:100%;--awb-order-small:0;--awb-spacing-right-small:1.92%;--awb-spacing-left-small:1.92%;\"><div class=\"fusion-column-wrapper fusion-column-has-shadow fusion-flex-justify-content-flex-start fusion-content-layout-column\"><div class=\"fusion-title title fusion-title-1 fusion-sep-none fusion-title-text fusion-title-size-two\" style=\"--awb-margin-top:50px;\"><h2 class=\"fusion-title-heading title-heading-left\" style=\"margin:0;text-transform:uppercase;\"><b>INSCRIPTION \u00c0 LA NEWSLETTER<\/b><\/h2><\/div><div class=\"fusion-title title fusion-title-2 fusion-sep-none fusion-title-text fusion-title-size-three\" style=\"--awb-margin-top:50px;\"><h3 class=\"fusion-title-heading title-heading-left\" style=\"margin:0;text-transform:uppercase;\"><b>Informations sur le traitement des donn\u00e9es \u00e0 caract\u00e8re personnel conform\u00e9ment \u00e0 l&#8217;article 13 du r\u00e8glement (UE) 2016\/679.<\/b><\/h3><\/div><div class=\"fusion-text fusion-text-1\"><p><b>Informations sur le traitement des donn\u00e9es \u00e0 caract\u00e8re personnel conform\u00e9ment \u00e0 l&#8217;article 13 du r\u00e8glement (UE) 2016\/679.<\/b><\/p>\n<p><span style=\"font-weight: 400;\">Les communications du SECRETARIAT PERMANENT DE L&#8217;ACCORD PELAGOS sont distribu\u00e9es par e-mail \u00e0 ceux qui en font la demande explicite en remplissant le formulaire de cette page et en autorisant le SECRETARIAT PERMANENT DE L&#8217;ACCORD PELAGOS \u00e0 traiter leurs donn\u00e9es personnelles.<\/span><\/p>\n<p><span style=\"font-weight: 400;\">Les donn\u00e9es fournies (nom, pr\u00e9nom et adresse e-mail) seront utilis\u00e9es avec des outils informatiques et t\u00e9l\u00e9matiques dans le seul but de fournir le service demand\u00e9 et, pour cette raison, ne seront conserv\u00e9es que pendant la dur\u00e9e d&#8217;activit\u00e9 du service.<\/span><\/p>\n<p><b>Base juridique<\/b><\/p>\n<p><span style=\"font-weight: 400;\">Le consentement est requis conform\u00e9ment \u00e0 l&#8217;article 4 du RGPD. En proc\u00e9dant \u00e0 son inscription, l&#8217;utilisateur donne son consentement \u00e0 recevoir des communications et le refus de fournir les donn\u00e9es demand\u00e9es entra\u00eenera l&#8217;impossibilit\u00e9 d&#8217;obtenir le service de newsletter.<\/span><\/p>\n<p><b>Finalit\u00e9 du traitement des donn\u00e9es<\/b><\/p>\n<p><span style=\"font-weight: 400;\">Les donn\u00e9es personnelles fournies par les utilisateurs sont utilis\u00e9es dans le seul but d&#8217;envoyer des communications et des informations concernant les activit\u00e9s de l&#8217;Accord Pelagos et ne seront pas divulgu\u00e9es \u00e0 des tiers.<\/span><\/p>\n<p><b>Modalit\u00e9s de traitement des donn\u00e9es<\/b><\/p>\n<p><span style=\"font-weight: 400;\">Les donn\u00e9es collect\u00e9es sont trait\u00e9es \u00e0 l&#8217;aide d&#8217;outils informatiques. Afin d&#8217;\u00e9viter la perte de donn\u00e9es, l&#8217;utilisation illicite ou incorrecte et l&#8217;acc\u00e8s non autoris\u00e9, des mesures de s\u00e9curit\u00e9 appropri\u00e9es sont appliqu\u00e9es.<\/span><\/p>\n<p><b>Le responsable du traitement<\/b><\/p>\n<p><span style=\"font-weight: 400;\">Le responsable du traitement des donn\u00e9es est le SECRETARIAT PERMANENT DE L&#8217;ACCORD PELAGOS dont le si\u00e8ge social est situ\u00e9 \u00e0 TOUR ODEON B1 36, AVENUE DE L&#8217;ANNONCIADE &#8211; MC &#8211; 98000 MONACO.<\/span><\/p>\n<p><span style=\"font-weight: 400;\">Le traitement des donn\u00e9es relatives au service de la newsletter a lieu au si\u00e8ge social et est effectu\u00e9 par le personnel d\u00e9sign\u00e9 par le responsable du traitement.<\/span><\/p>\n<p><span style=\"font-weight: 400;\">Les utilisateurs, en tant que personnes concern\u00e9es, b\u00e9n\u00e9ficient des droits \u00e9nonc\u00e9s aux articles 15 et suivants du r\u00e8glement et, entre autres, du droit de demander au responsable du traitement l&#8217;acc\u00e8s \u00e0 leurs donn\u00e9es \u00e0 caract\u00e8re personnel, leur rectification ou leur effacement, la limitation de leur traitement ou de s&#8217;opposer \u00e0 leur traitement, ainsi que du droit d&#8217;\u00eatre inform\u00e9 de l&#8217;origine des donn\u00e9es, des finalit\u00e9s et des m\u00e9thodes de collecte et d&#8217;obtenir l&#8217;effacement ou le verrouillage des donn\u00e9es trait\u00e9es en violation de la loi, en adressant les demandes au SECRETARIAT PERMANENT DE L&#8217;ACCORD PELAGOS en tant que responsable du traitement, par le biais de l&#8217;adresse \u00e9lectronique secretariat@pelagossanctuary.org ou en envoyant une lettre recommand\u00e9e, au si\u00e8ge social situ\u00e9 \u00e0 TOUR ODEON B1 36, AVENUE DE L&#8217;ANNONCIADE &#8211; MC 98000 MONACO.<\/span><\/p>\n<p><b>D\u00c9SINSCRIPTION \u00c0 LA NEWSLETTER<\/b><\/p>\n<p><b>Pour ne plus recevoir de communications,<\/b><span style=\"font-weight: 400;\">l&#8217;utilisateur peut envoyer un e-mail \u00e0 l\u2019adresse secretariat@pelagossanctuary.org avec le texte &#8220;DESINSCRIVEZ-MOI DE LA NEWSLETTER&#8221; ou cliquer sur le lien appropri\u00e9 dans la newsletter. Le Secr\u00e9tariat permanent supprimera imm\u00e9diatement l&#8217;utilisateur de la base de donn\u00e9es.<\/span><\/p>\n<\/div><\/div><\/div><\/div><\/div><\/p>\n","protected":false},"excerpt":{"rendered":"","protected":false},"author":1,"featured_media":0,"parent":0,"menu_order":0,"comment_status":"closed","ping_status":"closed","template":"100-width.php","meta":[],"yoast_head":"<!-- This site is optimized with the Yoast SEO plugin v21.7 - https:\/\/yoast.com\/wordpress\/plugins\/seo\/ -->\n<title>Politique de confidentialit\u00e9 pour les newsletters - Pelagos Sanctuary<\/title>\n<meta name=\"robots\" content=\"noindex, follow\" \/>\n<meta property=\"og:locale\" content=\"fr_FR\" \/>\n<meta property=\"og:type\" content=\"article\" \/>\n<meta property=\"og:title\" content=\"Politique de confidentialit\u00e9 pour les newsletters - Pelagos Sanctuary\" \/>\n<meta property=\"og:url\" content=\"https:\/\/pelagos-sanctuary.org\/fr\/inscription-a-la-newsletter\/\" \/>\n<meta property=\"og:site_name\" content=\"Pelagos Sanctuary\" \/>\n<meta property=\"article:modified_time\" content=\"2024-01-26T14:25:15+00:00\" \/>\n<meta name=\"twitter:card\" content=\"summary_large_image\" \/>\n<meta name=\"twitter:label1\" content=\"Dur\u00e9e de lecture estim\u00e9e\" \/>\n\t<meta name=\"twitter:data1\" content=\"3 minutes\" \/>\n<script type=\"application\/ld+json\" class=\"yoast-schema-graph\">{\"@context\":\"https:\/\/schema.org\",\"@graph\":[{\"@type\":\"WebPage\",\"@id\":\"https:\/\/pelagos-sanctuary.org\/fr\/inscription-a-la-newsletter\/\",\"url\":\"https:\/\/pelagos-sanctuary.org\/fr\/inscription-a-la-newsletter\/\",\"name\":\"Politique de confidentialit\u00e9 pour les newsletters - Pelagos Sanctuary\",\"isPartOf\":{\"@id\":\"https:\/\/pelagos-sanctuary.org\/fr\/#website\"},\"datePublished\":\"2023-11-27T10:09:37+00:00\",\"dateModified\":\"2024-01-26T14:25:15+00:00\",\"breadcrumb\":{\"@id\":\"https:\/\/pelagos-sanctuary.org\/fr\/inscription-a-la-newsletter\/#breadcrumb\"},\"inLanguage\":\"fr-FR\",\"potentialAction\":[{\"@type\":\"ReadAction\",\"target\":[\"https:\/\/pelagos-sanctuary.org\/fr\/inscription-a-la-newsletter\/\"]}]},{\"@type\":\"BreadcrumbList\",\"@id\":\"https:\/\/pelagos-sanctuary.org\/fr\/inscription-a-la-newsletter\/#breadcrumb\",\"itemListElement\":[{\"@type\":\"ListItem\",\"position\":1,\"name\":\"Home\",\"item\":\"https:\/\/pelagos-sanctuary.org\/fr\/\"},{\"@type\":\"ListItem\",\"position\":2,\"name\":\"Politique de confidentialit\u00e9 pour les newsletters\"}]},{\"@type\":\"WebSite\",\"@id\":\"https:\/\/pelagos-sanctuary.org\/fr\/#website\",\"url\":\"https:\/\/pelagos-sanctuary.org\/fr\/\",\"name\":\"Pelagos Sanctuary\",\"description\":\"sanctuary protecting marine mammals in the mediterranean sea\",\"potentialAction\":[{\"@type\":\"SearchAction\",\"target\":{\"@type\":\"EntryPoint\",\"urlTemplate\":\"https:\/\/pelagos-sanctuary.org\/fr\/?s={search_term_string}\"},\"query-input\":\"required name=search_term_string\"}],\"inLanguage\":\"fr-FR\"}]}<\/script>\n<!-- \/ Yoast SEO plugin. -->","yoast_head_json":{"title":"Politique de confidentialit\u00e9 pour les newsletters - Pelagos Sanctuary","robots":{"index":"noindex","follow":"follow"},"og_locale":"fr_FR","og_type":"article","og_title":"Politique de confidentialit\u00e9 pour les newsletters - Pelagos Sanctuary","og_url":"https:\/\/pelagos-sanctuary.org\/fr\/inscription-a-la-newsletter\/","og_site_name":"Pelagos Sanctuary","article_modified_time":"2024-01-26T14:25:15+00:00","twitter_card":"summary_large_image","twitter_misc":{"Dur\u00e9e de lecture estim\u00e9e":"3 minutes"},"schema":{"@context":"https:\/\/schema.org","@graph":[{"@type":"WebPage","@id":"https:\/\/pelagos-sanctuary.org\/fr\/inscription-a-la-newsletter\/","url":"https:\/\/pelagos-sanctuary.org\/fr\/inscription-a-la-newsletter\/","name":"Politique de confidentialit\u00e9 pour les newsletters - Pelagos Sanctuary","isPartOf":{"@id":"https:\/\/pelagos-sanctuary.org\/fr\/#website"},"datePublished":"2023-11-27T10:09:37+00:00","dateModified":"2024-01-26T14:25:15+00:00","breadcrumb":{"@id":"https:\/\/pelagos-sanctuary.org\/fr\/inscription-a-la-newsletter\/#breadcrumb"},"inLanguage":"fr-FR","potentialAction":[{"@type":"ReadAction","target":["https:\/\/pelagos-sanctuary.org\/fr\/inscription-a-la-newsletter\/"]}]},{"@type":"BreadcrumbList","@id":"https:\/\/pelagos-sanctuary.org\/fr\/inscription-a-la-newsletter\/#breadcrumb","itemListElement":[{"@type":"ListItem","position":1,"name":"Home","item":"https:\/\/pelagos-sanctuary.org\/fr\/"},{"@type":"ListItem","position":2,"name":"Politique de confidentialit\u00e9 pour les newsletters"}]},{"@type":"WebSite","@id":"https:\/\/pelagos-sanctuary.org\/fr\/#website","url":"https:\/\/pelagos-sanctuary.org\/fr\/","name":"Pelagos Sanctuary","description":"sanctuary protecting marine mammals in the mediterranean sea","potentialAction":[{"@type":"SearchAction","target":{"@type":"EntryPoint","urlTemplate":"https:\/\/pelagos-sanctuary.org\/fr\/?s={search_term_string}"},"query-input":"required name=search_term_string"}],"inLanguage":"fr-FR"}]}},"acf":[],"_links":{"self":[{"href":"https:\/\/pelagos-sanctuary.org\/fr\/wp-json\/wp\/v2\/pages\/7828"}],"collection":[{"href":"https:\/\/pelagos-sanctuary.org\/fr\/wp-json\/wp\/v2\/pages"}],"about":[{"href":"https:\/\/pelagos-sanctuary.org\/fr\/wp-json\/wp\/v2\/types\/page"}],"author":[{"embeddable":true,"href":"https:\/\/pelagos-sanctuary.org\/fr\/wp-json\/wp\/v2\/users\/1"}],"replies":[{"embeddable":true,"href":"https:\/\/pelagos-sanctuary.org\/fr\/wp-json\/wp\/v2\/comments?post=7828"}],"version-history":[{"count":12,"href":"https:\/\/pelagos-sanctuary.org\/fr\/wp-json\/wp\/v2\/pages\/7828\/revisions"}],"predecessor-version":[{"id":9047,"href":"https:\/\/pelagos-sanctuary.org\/fr\/wp-json\/wp\/v2\/pages\/7828\/revisions\/9047"}],"wp:attachment":[{"href":"https:\/\/pelagos-sanctuary.org\/fr\/wp-json\/wp\/v2\/media?parent=7828"}],"curies":[{"name":"wp","href":"https:\/\/api.w.org\/{rel}","templated":true}]}}